{"id":115,"date":"2014-06-13T16:23:53","date_gmt":"2014-06-13T15:23:53","guid":{"rendered":"http:\/\/www.dgsa.cz\/?page_id=115"},"modified":"2021-08-31T14:43:36","modified_gmt":"2021-08-31T13:43:36","slug":"skoleni-vnitrozemskeho-personalu-imdg-code","status":"publish","type":"page","link":"https:\/\/www.dgsa.cz\/en\/skoleni-vnitrozemskeho-personalu-imdg-code\/","title":{"rendered":"IMDG code training"},"content":{"rendered":"<section class=\"wpb-content-wrapper\"><p>[vc_row][vc_column width=&#8221;2\/3&#8243;][vc_column_text]<\/p>\n<h2>IMDG code training<\/h2>\n<p>Based on internationally acknowledged certificates we carry out trainings of inland personnel, taking part in dangerous goods transport by maritime transport in accordance with demands of IMDG Code (International sea code regarding transport of dangerous goods at sea).[\/vc_column_text][\/vc_column][vc_column width=&#8221;1\/3&#8243;][vc_single_image image=&#8221;885&#8243; img_size=&#8221;full&#8221; alignment=&#8221;right&#8221; style=&#8221;vc_box_shadow&#8221;][\/vc_column][\/vc_row][vc_row][vc_column][vc_column_text]The trainings IMDG have been designated for consigners, shippers and workers in forwarding agencies, persons, classifying goods and things for transport, pack them, are loading them, are issuing shipping documents and consign them to inland transport. A part of the training are lectures on containers (CSC), loading and stowage of goods in containers (CTU Code) and the Essentials of the international transport law in the sea transport (forwarding procedures, Charter Party e.t.c.).<\/p>\n<p><strong>IMDG Code training consist of these fields:<\/strong><\/p>\n<ul>\n<li>Classification<\/li>\n<li>Packing<\/li>\n<li>Marking and labelling<\/li>\n<li>Loading<\/li>\n<li>Documentation<\/li>\n<li>CTU inland shipping<\/li>\n<\/ul>\n<p>Every field is completed by final exam, which consist of twenty enclosed questions and five open questions (in English language)<\/p>\n<p>We organize the trainings pursuant to the customers\u00b4interest either in Bratislava or D\u011b\u010d\u00edn and furthermore, it is also possibile to carry out the training in the client\u00b4s place. We guarantee high qualification, acquired by practice and education.<\/p>\n<p>In case you would like to get more more information, please, don\u00b4t hesitate to contact us by email: dgsa@dgsa.cz or by phone +421 902 341 031 or +420 735 856 424.[\/vc_column_text][\/vc_column][\/vc_row]<\/p>\n<\/section>","protected":false},"excerpt":{"rendered":"<p>[vc_row][vc_column width=&#8221;2\/3&#8243;][vc_column_text] IMDG code training Based on internationally acknowledged certificates we carry out trainings of inland personnel, taking part in dangerous goods transport by maritime transport in accordance with demands of IMDG Code (International sea code regarding transport of dangerous goods at sea).[\/vc_column_text][\/vc_column][vc_column width=&#8221;1\/3&#8243;][vc_single_image image=&#8221;885&#8243; img_size=&#8221;full&#8221; alignment=&#8221;right&#8221; style=&#8221;vc_box_shadow&#8221;][\/vc_column][\/vc_row][vc_row][vc_column][vc_column_text]The trainings IMDG have been designated for consigners,&hellip;<\/p>\n","protected":false},"author":1,"featured_media":0,"parent":0,"menu_order":0,"comment_status":"closed","ping_status":"closed","template":"","meta":{"footnotes":""},"class_list":["post-115","page","type-page","status-publish","hentry","description-off"],"yoast_head":"<!-- This site is optimized with the Yoast SEO plugin v26.6 - https:\/\/yoast.com\/wordpress\/plugins\/seo\/ -->\n<title>IMDG code training | DGSA Bohemia<\/title>\n<meta name=\"description\" content=\"\u0160kolen\u00ed vnitrozemsk\u00e9ho person\u00e1lu IMDG Code Na z\u00e1klad\u011b mezin\u00e1rodn\u011b uzn\u00e1van\u00fdch certifik\u00e1t\u016f vykon\u00e1v\u00e1me \u0161kolen\u00ed vnitrozemsk\u00e9ho person\u00e1lu, kter\u00fd sa\u00a0pod\u00edl\u00ed na\" \/>\n<meta name=\"robots\" content=\"index, follow, max-snippet:-1, max-image-preview:large, max-video-preview:-1\" \/>\n<link rel=\"canonical\" href=\"https:\/\/www.dgsa.cz\/en\/skoleni-vnitrozemskeho-personalu-imdg-code\/\" \/>\n<meta property=\"og:locale\" content=\"en_US\" \/>\n<meta property=\"og:type\" content=\"article\" \/>\n<meta property=\"og:title\" content=\"IMDG code training | DGSA Bohemia\" \/>\n<meta property=\"og:description\" content=\"\u0160kolen\u00ed vnitrozemsk\u00e9ho person\u00e1lu IMDG Code Na z\u00e1klad\u011b mezin\u00e1rodn\u011b uzn\u00e1van\u00fdch certifik\u00e1t\u016f vykon\u00e1v\u00e1me \u0161kolen\u00ed vnitrozemsk\u00e9ho person\u00e1lu, kter\u00fd sa\u00a0pod\u00edl\u00ed na\" \/>\n<meta property=\"og:url\" content=\"https:\/\/www.dgsa.cz\/skoleni-vnitrozemskeho-personalu-imdg-code\/\" \/>\n<meta property=\"og:site_name\" content=\"DGSA Bohemia\" \/>\n<meta property=\"article:publisher\" content=\"https:\/\/www.facebook.com\/bezpecnostnyporadca\" \/>\n<meta property=\"article:modified_time\" content=\"2021-08-31T13:43:36+00:00\" \/>\n<meta property=\"og:image\" content=\"https:\/\/www.dgsa.cz\/wp-content\/uploads\/2020\/06\/dgsa-bohemia-cz-2020-normal.png\" \/>\n\t<meta property=\"og:image:width\" content=\"394\" \/>\n\t<meta property=\"og:image:height\" content=\"92\" \/>\n\t<meta property=\"og:image:type\" content=\"image\/png\" \/>\n<meta name=\"twitter:label1\" content=\"Est. reading time\" \/>\n\t<meta name=\"twitter:data1\" content=\"3 minutes\" \/>\n<script type=\"application\/ld+json\" class=\"yoast-schema-graph\">{\"@context\":\"https:\/\/schema.org\",\"@graph\":[{\"@type\":\"WebPage\",\"@id\":\"https:\/\/www.dgsa.cz\/skoleni-vnitrozemskeho-personalu-imdg-code\/\",\"url\":\"https:\/\/www.dgsa.cz\/skoleni-vnitrozemskeho-personalu-imdg-code\/\",\"name\":\"IMDG code training | DGSA Bohemia\",\"isPartOf\":{\"@id\":\"https:\/\/www.dgsa.cz\/#website\"},\"datePublished\":\"2014-06-13T15:23:53+00:00\",\"dateModified\":\"2021-08-31T13:43:36+00:00\",\"description\":\"\u0160kolen\u00ed vnitrozemsk\u00e9ho person\u00e1lu IMDG Code Na z\u00e1klad\u011b mezin\u00e1rodn\u011b uzn\u00e1van\u00fdch certifik\u00e1t\u016f vykon\u00e1v\u00e1me \u0161kolen\u00ed vnitrozemsk\u00e9ho person\u00e1lu, kter\u00fd sa\u00a0pod\u00edl\u00ed na\",\"breadcrumb\":{\"@id\":\"https:\/\/www.dgsa.cz\/skoleni-vnitrozemskeho-personalu-imdg-code\/#breadcrumb\"},\"inLanguage\":\"en-US\",\"potentialAction\":[{\"@type\":\"ReadAction\",\"target\":[\"https:\/\/www.dgsa.cz\/skoleni-vnitrozemskeho-personalu-imdg-code\/\"]}]},{\"@type\":\"BreadcrumbList\",\"@id\":\"https:\/\/www.dgsa.cz\/skoleni-vnitrozemskeho-personalu-imdg-code\/#breadcrumb\",\"itemListElement\":[{\"@type\":\"ListItem\",\"position\":1,\"name\":\"Dom\u016f\",\"item\":\"https:\/\/www.dgsa.cz\/\"},{\"@type\":\"ListItem\",\"position\":2,\"name\":\"\u0160kolen\u00ed IMDG Code\"}]},{\"@type\":\"WebSite\",\"@id\":\"https:\/\/www.dgsa.cz\/#website\",\"url\":\"https:\/\/www.dgsa.cz\/\",\"name\":\"DGSA Bohemia\",\"description\":\"Bezpe\u010dnostn\u00ed poradce a \u0161kolen\u00ed ADR, RID, ADN\",\"publisher\":{\"@id\":\"https:\/\/www.dgsa.cz\/#organization\"},\"potentialAction\":[{\"@type\":\"SearchAction\",\"target\":{\"@type\":\"EntryPoint\",\"urlTemplate\":\"https:\/\/www.dgsa.cz\/?s={search_term_string}\"},\"query-input\":{\"@type\":\"PropertyValueSpecification\",\"valueRequired\":true,\"valueName\":\"search_term_string\"}}],\"inLanguage\":\"en-US\"},{\"@type\":\"Organization\",\"@id\":\"https:\/\/www.dgsa.cz\/#organization\",\"name\":\"DGSA Bohemia\",\"url\":\"https:\/\/www.dgsa.cz\/\",\"logo\":{\"@type\":\"ImageObject\",\"inLanguage\":\"en-US\",\"@id\":\"https:\/\/www.dgsa.cz\/#\/schema\/logo\/image\/\",\"url\":\"https:\/\/www.dgsa.cz\/wp-content\/uploads\/2020\/06\/dgsa-bohemia-cz-2020-normal.png\",\"contentUrl\":\"https:\/\/www.dgsa.cz\/wp-content\/uploads\/2020\/06\/dgsa-bohemia-cz-2020-normal.png\",\"width\":394,\"height\":92,\"caption\":\"DGSA Bohemia\"},\"image\":{\"@id\":\"https:\/\/www.dgsa.cz\/#\/schema\/logo\/image\/\"},\"sameAs\":[\"https:\/\/www.facebook.com\/bezpecnostnyporadca\"]}]}<\/script>\n<!-- \/ Yoast SEO plugin. -->","yoast_head_json":{"title":"IMDG code training | DGSA Bohemia","description":"\u0160kolen\u00ed vnitrozemsk\u00e9ho person\u00e1lu IMDG Code Na z\u00e1klad\u011b mezin\u00e1rodn\u011b uzn\u00e1van\u00fdch certifik\u00e1t\u016f vykon\u00e1v\u00e1me \u0161kolen\u00ed vnitrozemsk\u00e9ho person\u00e1lu, kter\u00fd sa\u00a0pod\u00edl\u00ed na","robots":{"index":"index","follow":"follow","max-snippet":"max-snippet:-1","max-image-preview":"max-image-preview:large","max-video-preview":"max-video-preview:-1"},"canonical":"https:\/\/www.dgsa.cz\/en\/skoleni-vnitrozemskeho-personalu-imdg-code\/","og_locale":"en_US","og_type":"article","og_title":"IMDG code training | DGSA Bohemia","og_description":"\u0160kolen\u00ed vnitrozemsk\u00e9ho person\u00e1lu IMDG Code Na z\u00e1klad\u011b mezin\u00e1rodn\u011b uzn\u00e1van\u00fdch certifik\u00e1t\u016f vykon\u00e1v\u00e1me \u0161kolen\u00ed vnitrozemsk\u00e9ho person\u00e1lu, kter\u00fd sa\u00a0pod\u00edl\u00ed na","og_url":"https:\/\/www.dgsa.cz\/skoleni-vnitrozemskeho-personalu-imdg-code\/","og_site_name":"DGSA Bohemia","article_publisher":"https:\/\/www.facebook.com\/bezpecnostnyporadca","article_modified_time":"2021-08-31T13:43:36+00:00","og_image":[{"width":394,"height":92,"url":"https:\/\/www.dgsa.cz\/wp-content\/uploads\/2020\/06\/dgsa-bohemia-cz-2020-normal.png","type":"image\/png"}],"twitter_misc":{"Est. reading time":"3 minutes"},"schema":{"@context":"https:\/\/schema.org","@graph":[{"@type":"WebPage","@id":"https:\/\/www.dgsa.cz\/skoleni-vnitrozemskeho-personalu-imdg-code\/","url":"https:\/\/www.dgsa.cz\/skoleni-vnitrozemskeho-personalu-imdg-code\/","name":"IMDG code training | DGSA Bohemia","isPartOf":{"@id":"https:\/\/www.dgsa.cz\/#website"},"datePublished":"2014-06-13T15:23:53+00:00","dateModified":"2021-08-31T13:43:36+00:00","description":"\u0160kolen\u00ed vnitrozemsk\u00e9ho person\u00e1lu IMDG Code Na z\u00e1klad\u011b mezin\u00e1rodn\u011b uzn\u00e1van\u00fdch certifik\u00e1t\u016f vykon\u00e1v\u00e1me \u0161kolen\u00ed vnitrozemsk\u00e9ho person\u00e1lu, kter\u00fd sa\u00a0pod\u00edl\u00ed na","breadcrumb":{"@id":"https:\/\/www.dgsa.cz\/skoleni-vnitrozemskeho-personalu-imdg-code\/#breadcrumb"},"inLanguage":"en-US","potentialAction":[{"@type":"ReadAction","target":["https:\/\/www.dgsa.cz\/skoleni-vnitrozemskeho-personalu-imdg-code\/"]}]},{"@type":"BreadcrumbList","@id":"https:\/\/www.dgsa.cz\/skoleni-vnitrozemskeho-personalu-imdg-code\/#breadcrumb","itemListElement":[{"@type":"ListItem","position":1,"name":"Dom\u016f","item":"https:\/\/www.dgsa.cz\/"},{"@type":"ListItem","position":2,"name":"\u0160kolen\u00ed IMDG Code"}]},{"@type":"WebSite","@id":"https:\/\/www.dgsa.cz\/#website","url":"https:\/\/www.dgsa.cz\/","name":"DGSA Bohemia","description":"Bezpe\u010dnostn\u00ed poradce a \u0161kolen\u00ed ADR, RID, ADN","publisher":{"@id":"https:\/\/www.dgsa.cz\/#organization"},"potentialAction":[{"@type":"SearchAction","target":{"@type":"EntryPoint","urlTemplate":"https:\/\/www.dgsa.cz\/?s={search_term_string}"},"query-input":{"@type":"PropertyValueSpecification","valueRequired":true,"valueName":"search_term_string"}}],"inLanguage":"en-US"},{"@type":"Organization","@id":"https:\/\/www.dgsa.cz\/#organization","name":"DGSA Bohemia","url":"https:\/\/www.dgsa.cz\/","logo":{"@type":"ImageObject","inLanguage":"en-US","@id":"https:\/\/www.dgsa.cz\/#\/schema\/logo\/image\/","url":"https:\/\/www.dgsa.cz\/wp-content\/uploads\/2020\/06\/dgsa-bohemia-cz-2020-normal.png","contentUrl":"https:\/\/www.dgsa.cz\/wp-content\/uploads\/2020\/06\/dgsa-bohemia-cz-2020-normal.png","width":394,"height":92,"caption":"DGSA Bohemia"},"image":{"@id":"https:\/\/www.dgsa.cz\/#\/schema\/logo\/image\/"},"sameAs":["https:\/\/www.facebook.com\/bezpecnostnyporadca"]}]}},"jetpack_sharing_enabled":true,"_links":{"self":[{"href":"https:\/\/www.dgsa.cz\/en\/wp-json\/wp\/v2\/pages\/115","targetHints":{"allow":["GET"]}}],"collection":[{"href":"https:\/\/www.dgsa.cz\/en\/wp-json\/wp\/v2\/pages"}],"about":[{"href":"https:\/\/www.dgsa.cz\/en\/wp-json\/wp\/v2\/types\/page"}],"author":[{"embeddable":true,"href":"https:\/\/www.dgsa.cz\/en\/wp-json\/wp\/v2\/users\/1"}],"replies":[{"embeddable":true,"href":"https:\/\/www.dgsa.cz\/en\/wp-json\/wp\/v2\/comments?post=115"}],"version-history":[{"count":0,"href":"https:\/\/www.dgsa.cz\/en\/wp-json\/wp\/v2\/pages\/115\/revisions"}],"wp:attachment":[{"href":"https:\/\/www.dgsa.cz\/en\/wp-json\/wp\/v2\/media?parent=115"}],"curies":[{"name":"wp","href":"https:\/\/api.w.org\/{rel}","templated":true}]}}