{"id":128,"date":"2014-06-13T16:26:27","date_gmt":"2014-06-13T15:26:27","guid":{"rendered":"http:\/\/www.dgsa.cz\/?page_id=128"},"modified":"2018-11-08T20:06:46","modified_gmt":"2018-11-08T19:06:46","slug":"bezpecnostni-poradce-adr-rid-a-smgs-adn","status":"publish","type":"page","link":"https:\/\/www.dgsa.cz\/en\/bezpecnostni-poradce-adr-rid-a-smgs-adn\/","title":{"rendered":"Safety Advisor"},"content":{"rendered":"<section class=\"wpb-content-wrapper\"><p><\/p>\n<p>[vc_row][vc_column]<section class=\"shortcode-action-box table shortcode-action-bg block-style-widget\"><div class=\"text-big\"><h2>Safety Advisor ADR \/ RID and SMGS \/ ADN<\/h2>\n<\/div><\/section>[vc_empty_space height=&#8221;25px&#8221;][\/vc_column][\/vc_row][vc_row][vc_column width=&#8221;2\/3&#8243;][vc_column_text]<strong>Providing of Dangerous Goods Safety Advisor activities by road, rail, inland waterways, maritime for shore-side personnel and air transport in accordance to ADR, RID, ADN, IMDG Code and IATA DGR agreements is one line of DGSA Bohemia business. We offer our services in Czech republic, Slovak republic and abroad.<\/strong>[\/vc_column_text][\/vc_column][vc_column width=&#8221;1\/3&#8243;][vc_single_image image=&#8221;864&#8243; img_size=&#8221;full&#8221; alignment=&#8221;right&#8221; style=&#8221;vc_box_shadow&#8221;][\/vc_column][\/vc_row][vc_row][vc_column][vc_column_text]<\/p>\n<h3>Our services are based on international certificates and professional competence:<\/h3>\n<ul>\n<li>Dangerous goods safety advisor by road, rail and inland waterways (ADR\/RID + SMGS\/ADN)<\/li>\n<li>Dangerous goods safety advisor for maritime shore-side personnel (function 1 up to 6 according IMDG Code)<\/li>\n<li>Dangerous goods safety advisor for air transport (category 3 according IATA DGR)<\/li>\n<\/ul>\n<p>Outsourcing in carriage of dangerous goods is the best solution to meet the legislation. Leaving the issue of dangerous goods regulations, which is not core subject of organization, fully to the external subject \u2013 DGSA Bohemia, s.r.o.<\/p>\n<p>We set up operation procedures and processes in carriage of dangerous goods in point of safety and international regulations view, according to ADR, RID and SMGS, ADN, IMDG Code, IATA DGR for our clients.<\/p>\n<p>We apply united procedures in training and safety advising field, what bringing guarantee of confidence, professionality and safety. The professionality of our services is build on continuous education and knowledge expansion of our experts, practical application in real environment, long time trade on market in carriage of dangerous goods and cooperation with customer.<\/p>\n<p><strong>We are deservedly considered as a leader in this field, we build our reputation by own way, we are not hiding in back of others &#8230;<\/strong><\/p>\n<h4>Our services:<\/h4>\n<ul>\n<li>Position of an external Dangerous goods safety advisor ADR, RID or ADN<\/li>\n<li>Preparing and updating of company documentation (Operative regulations, Safety plan, Annual report, Notification of occurrence involving dangerous goods etc.)<\/li>\n<li>Classification of dangerous substances and dangerous wastes according to ADR, RID or ADN<\/li>\n<li>Training of employees of the company participated on the activities which include the carriage, or the related packing, loading, filling or unloading, of dangerous goods (personnel according to 8.2.3 ADR applies for cargo vehicles operators, consigners and consignees, employees of loading and unloading, drivers carrying dangerous goods in accordance with 1.1.3 ADR)<\/li>\n<li>Training of employees of the company participated on dangerous goods carriage by rail (personnel according to 1.3.2.2.1 RID &#8211; operating staff, staff responsible for the control of wagons and those responsible for the management of rail traffic and marshalling staff.)<\/li>\n<li>Training of shore-side personnel, which is participated on dangerous goods carriage by inland waterways<\/li>\n<li>Information and consulting service by telephone<\/li>\n<li>Information and consulting service in personal consultation form<\/li>\n<li>Inspection activities \u2013 personal check<\/li>\n<\/ul>\n<p>[\/vc_column_text][\/vc_column][\/vc_row]<\/p>\n<p><\/p>\n<\/section>","protected":false},"excerpt":{"rendered":"<p>[vc_row][vc_column][vc_empty_space height=&#8221;25px&#8221;][\/vc_column][\/vc_row][vc_row][vc_column width=&#8221;2\/3&#8243;][vc_column_text]Providing of Dangerous Goods Safety Advisor activities by road, rail, inland waterways, maritime for shore-side personnel and air transport in accordance to ADR, RID, ADN, IMDG Code and IATA DGR agreements is one line of DGSA Bohemia business. We offer our services in Czech republic, Slovak republic and abroad.[\/vc_column_text][\/vc_column][vc_column width=&#8221;1\/3&#8243;][vc_single_image image=&#8221;864&#8243; img_size=&#8221;full&#8221; alignment=&#8221;right&#8221;&hellip;<\/p>\n","protected":false},"author":1,"featured_media":0,"parent":0,"menu_order":0,"comment_status":"closed","ping_status":"closed","template":"","meta":{"footnotes":""},"class_list":["post-128","page","type-page","status-publish","hentry","description-off"],"yoast_head":"<!-- This site is optimized with the Yoast SEO plugin v26.6 - https:\/\/yoast.com\/wordpress\/plugins\/seo\/ -->\n<title>Safety Advisor | DGSA Bohemia<\/title>\n<meta name=\"description\" content=\"Jedn\u00edm p\u0159edm\u011btem \u010dinnosti spole\u010dnosti DGSA Bohemia, s.r.o. je poskytov\u00e1n\u00ed slu\u017eeb extern\u00edho bezpe\u010dnostn\u00edho poradce na p\u0159epravu nebezpe\u010dn\u00fdch v\u011bc\u00ed silni\u010dn\u00ed,\" \/>\n<meta name=\"robots\" content=\"index, follow, max-snippet:-1, max-image-preview:large, max-video-preview:-1\" \/>\n<link rel=\"canonical\" href=\"https:\/\/www.dgsa.cz\/en\/bezpecnostni-poradce-adr-rid-a-smgs-adn\/\" \/>\n<meta property=\"og:locale\" content=\"en_US\" \/>\n<meta property=\"og:type\" content=\"article\" \/>\n<meta property=\"og:title\" content=\"Safety Advisor | DGSA Bohemia\" \/>\n<meta property=\"og:description\" content=\"Jedn\u00edm p\u0159edm\u011btem \u010dinnosti spole\u010dnosti DGSA Bohemia, s.r.o. je poskytov\u00e1n\u00ed slu\u017eeb extern\u00edho bezpe\u010dnostn\u00edho poradce na p\u0159epravu nebezpe\u010dn\u00fdch v\u011bc\u00ed silni\u010dn\u00ed,\" \/>\n<meta property=\"og:url\" content=\"https:\/\/www.dgsa.cz\/bezpecnostni-poradce-adr-rid-a-smgs-adn\/\" \/>\n<meta property=\"og:site_name\" content=\"DGSA Bohemia\" \/>\n<meta property=\"article:publisher\" content=\"https:\/\/www.facebook.com\/bezpecnostnyporadca\" \/>\n<meta property=\"article:modified_time\" content=\"2018-11-08T19:06:46+00:00\" \/>\n<meta property=\"og:image\" content=\"https:\/\/www.dgsa.cz\/wp-content\/uploads\/2020\/06\/dgsa-bohemia-cz-2020-normal.png\" \/>\n\t<meta property=\"og:image:width\" content=\"394\" \/>\n\t<meta property=\"og:image:height\" content=\"92\" \/>\n\t<meta property=\"og:image:type\" content=\"image\/png\" \/>\n<meta name=\"twitter:label1\" content=\"Est. reading time\" \/>\n\t<meta name=\"twitter:data1\" content=\"6 minutes\" \/>\n<script type=\"application\/ld+json\" class=\"yoast-schema-graph\">{\"@context\":\"https:\/\/schema.org\",\"@graph\":[{\"@type\":\"WebPage\",\"@id\":\"https:\/\/www.dgsa.cz\/bezpecnostni-poradce-adr-rid-a-smgs-adn\/\",\"url\":\"https:\/\/www.dgsa.cz\/bezpecnostni-poradce-adr-rid-a-smgs-adn\/\",\"name\":\"Safety Advisor | DGSA Bohemia\",\"isPartOf\":{\"@id\":\"https:\/\/www.dgsa.cz\/#website\"},\"datePublished\":\"2014-06-13T15:26:27+00:00\",\"dateModified\":\"2018-11-08T19:06:46+00:00\",\"description\":\"Jedn\u00edm p\u0159edm\u011btem \u010dinnosti spole\u010dnosti DGSA Bohemia, s.r.o. je poskytov\u00e1n\u00ed slu\u017eeb extern\u00edho bezpe\u010dnostn\u00edho poradce na p\u0159epravu nebezpe\u010dn\u00fdch v\u011bc\u00ed silni\u010dn\u00ed,\",\"breadcrumb\":{\"@id\":\"https:\/\/www.dgsa.cz\/bezpecnostni-poradce-adr-rid-a-smgs-adn\/#breadcrumb\"},\"inLanguage\":\"en-US\",\"potentialAction\":[{\"@type\":\"ReadAction\",\"target\":[\"https:\/\/www.dgsa.cz\/bezpecnostni-poradce-adr-rid-a-smgs-adn\/\"]}]},{\"@type\":\"BreadcrumbList\",\"@id\":\"https:\/\/www.dgsa.cz\/bezpecnostni-poradce-adr-rid-a-smgs-adn\/#breadcrumb\",\"itemListElement\":[{\"@type\":\"ListItem\",\"position\":1,\"name\":\"Dom\u016f\",\"item\":\"https:\/\/www.dgsa.cz\/\"},{\"@type\":\"ListItem\",\"position\":2,\"name\":\"Bezpe\u010dnostn\u00ed poradce\"}]},{\"@type\":\"WebSite\",\"@id\":\"https:\/\/www.dgsa.cz\/#website\",\"url\":\"https:\/\/www.dgsa.cz\/\",\"name\":\"DGSA Bohemia\",\"description\":\"Bezpe\u010dnostn\u00ed poradce a \u0161kolen\u00ed ADR, RID, ADN\",\"publisher\":{\"@id\":\"https:\/\/www.dgsa.cz\/#organization\"},\"potentialAction\":[{\"@type\":\"SearchAction\",\"target\":{\"@type\":\"EntryPoint\",\"urlTemplate\":\"https:\/\/www.dgsa.cz\/?s={search_term_string}\"},\"query-input\":{\"@type\":\"PropertyValueSpecification\",\"valueRequired\":true,\"valueName\":\"search_term_string\"}}],\"inLanguage\":\"en-US\"},{\"@type\":\"Organization\",\"@id\":\"https:\/\/www.dgsa.cz\/#organization\",\"name\":\"DGSA Bohemia\",\"url\":\"https:\/\/www.dgsa.cz\/\",\"logo\":{\"@type\":\"ImageObject\",\"inLanguage\":\"en-US\",\"@id\":\"https:\/\/www.dgsa.cz\/#\/schema\/logo\/image\/\",\"url\":\"https:\/\/www.dgsa.cz\/wp-content\/uploads\/2020\/06\/dgsa-bohemia-cz-2020-normal.png\",\"contentUrl\":\"https:\/\/www.dgsa.cz\/wp-content\/uploads\/2020\/06\/dgsa-bohemia-cz-2020-normal.png\",\"width\":394,\"height\":92,\"caption\":\"DGSA Bohemia\"},\"image\":{\"@id\":\"https:\/\/www.dgsa.cz\/#\/schema\/logo\/image\/\"},\"sameAs\":[\"https:\/\/www.facebook.com\/bezpecnostnyporadca\"]}]}<\/script>\n<!-- \/ Yoast SEO plugin. -->","yoast_head_json":{"title":"Safety Advisor | DGSA Bohemia","description":"Jedn\u00edm p\u0159edm\u011btem \u010dinnosti spole\u010dnosti DGSA Bohemia, s.r.o. je poskytov\u00e1n\u00ed slu\u017eeb extern\u00edho bezpe\u010dnostn\u00edho poradce na p\u0159epravu nebezpe\u010dn\u00fdch v\u011bc\u00ed silni\u010dn\u00ed,","robots":{"index":"index","follow":"follow","max-snippet":"max-snippet:-1","max-image-preview":"max-image-preview:large","max-video-preview":"max-video-preview:-1"},"canonical":"https:\/\/www.dgsa.cz\/en\/bezpecnostni-poradce-adr-rid-a-smgs-adn\/","og_locale":"en_US","og_type":"article","og_title":"Safety Advisor | DGSA Bohemia","og_description":"Jedn\u00edm p\u0159edm\u011btem \u010dinnosti spole\u010dnosti DGSA Bohemia, s.r.o. je poskytov\u00e1n\u00ed slu\u017eeb extern\u00edho bezpe\u010dnostn\u00edho poradce na p\u0159epravu nebezpe\u010dn\u00fdch v\u011bc\u00ed silni\u010dn\u00ed,","og_url":"https:\/\/www.dgsa.cz\/bezpecnostni-poradce-adr-rid-a-smgs-adn\/","og_site_name":"DGSA Bohemia","article_publisher":"https:\/\/www.facebook.com\/bezpecnostnyporadca","article_modified_time":"2018-11-08T19:06:46+00:00","og_image":[{"width":394,"height":92,"url":"https:\/\/www.dgsa.cz\/wp-content\/uploads\/2020\/06\/dgsa-bohemia-cz-2020-normal.png","type":"image\/png"}],"twitter_misc":{"Est. reading time":"6 minutes"},"schema":{"@context":"https:\/\/schema.org","@graph":[{"@type":"WebPage","@id":"https:\/\/www.dgsa.cz\/bezpecnostni-poradce-adr-rid-a-smgs-adn\/","url":"https:\/\/www.dgsa.cz\/bezpecnostni-poradce-adr-rid-a-smgs-adn\/","name":"Safety Advisor | DGSA Bohemia","isPartOf":{"@id":"https:\/\/www.dgsa.cz\/#website"},"datePublished":"2014-06-13T15:26:27+00:00","dateModified":"2018-11-08T19:06:46+00:00","description":"Jedn\u00edm p\u0159edm\u011btem \u010dinnosti spole\u010dnosti DGSA Bohemia, s.r.o. je poskytov\u00e1n\u00ed slu\u017eeb extern\u00edho bezpe\u010dnostn\u00edho poradce na p\u0159epravu nebezpe\u010dn\u00fdch v\u011bc\u00ed silni\u010dn\u00ed,","breadcrumb":{"@id":"https:\/\/www.dgsa.cz\/bezpecnostni-poradce-adr-rid-a-smgs-adn\/#breadcrumb"},"inLanguage":"en-US","potentialAction":[{"@type":"ReadAction","target":["https:\/\/www.dgsa.cz\/bezpecnostni-poradce-adr-rid-a-smgs-adn\/"]}]},{"@type":"BreadcrumbList","@id":"https:\/\/www.dgsa.cz\/bezpecnostni-poradce-adr-rid-a-smgs-adn\/#breadcrumb","itemListElement":[{"@type":"ListItem","position":1,"name":"Dom\u016f","item":"https:\/\/www.dgsa.cz\/"},{"@type":"ListItem","position":2,"name":"Bezpe\u010dnostn\u00ed poradce"}]},{"@type":"WebSite","@id":"https:\/\/www.dgsa.cz\/#website","url":"https:\/\/www.dgsa.cz\/","name":"DGSA Bohemia","description":"Bezpe\u010dnostn\u00ed poradce a \u0161kolen\u00ed ADR, RID, ADN","publisher":{"@id":"https:\/\/www.dgsa.cz\/#organization"},"potentialAction":[{"@type":"SearchAction","target":{"@type":"EntryPoint","urlTemplate":"https:\/\/www.dgsa.cz\/?s={search_term_string}"},"query-input":{"@type":"PropertyValueSpecification","valueRequired":true,"valueName":"search_term_string"}}],"inLanguage":"en-US"},{"@type":"Organization","@id":"https:\/\/www.dgsa.cz\/#organization","name":"DGSA Bohemia","url":"https:\/\/www.dgsa.cz\/","logo":{"@type":"ImageObject","inLanguage":"en-US","@id":"https:\/\/www.dgsa.cz\/#\/schema\/logo\/image\/","url":"https:\/\/www.dgsa.cz\/wp-content\/uploads\/2020\/06\/dgsa-bohemia-cz-2020-normal.png","contentUrl":"https:\/\/www.dgsa.cz\/wp-content\/uploads\/2020\/06\/dgsa-bohemia-cz-2020-normal.png","width":394,"height":92,"caption":"DGSA Bohemia"},"image":{"@id":"https:\/\/www.dgsa.cz\/#\/schema\/logo\/image\/"},"sameAs":["https:\/\/www.facebook.com\/bezpecnostnyporadca"]}]}},"jetpack_sharing_enabled":true,"_links":{"self":[{"href":"https:\/\/www.dgsa.cz\/en\/wp-json\/wp\/v2\/pages\/128","targetHints":{"allow":["GET"]}}],"collection":[{"href":"https:\/\/www.dgsa.cz\/en\/wp-json\/wp\/v2\/pages"}],"about":[{"href":"https:\/\/www.dgsa.cz\/en\/wp-json\/wp\/v2\/types\/page"}],"author":[{"embeddable":true,"href":"https:\/\/www.dgsa.cz\/en\/wp-json\/wp\/v2\/users\/1"}],"replies":[{"embeddable":true,"href":"https:\/\/www.dgsa.cz\/en\/wp-json\/wp\/v2\/comments?post=128"}],"version-history":[{"count":0,"href":"https:\/\/www.dgsa.cz\/en\/wp-json\/wp\/v2\/pages\/128\/revisions"}],"wp:attachment":[{"href":"https:\/\/www.dgsa.cz\/en\/wp-json\/wp\/v2\/media?parent=128"}],"curies":[{"name":"wp","href":"https:\/\/api.w.org\/{rel}","templated":true}]}}