{"id":1355,"date":"2019-08-13T11:39:02","date_gmt":"2019-08-13T10:39:02","guid":{"rendered":"https:\/\/www.dgsa.cz\/?page_id=1355"},"modified":"2025-12-11T08:48:18","modified_gmt":"2025-12-11T07:48:18","slug":"online-prihlaska-kapitansky-patent","status":"publish","type":"page","link":"https:\/\/www.dgsa.cz\/en\/online-prihlaska-kapitansky-patent\/","title":{"rendered":"Online register form Captain patent"},"content":{"rendered":"<section class=\"wpb-content-wrapper\"><p>[vc_row][vc_column]<section class=\"shortcode-action-box table shortcode-action-bg block-style-widget\"><div class=\"text-big\"><h2>On-line register form for Captain EU patent course<\/h2>\n<p><strong>The requirement for opening training course of the Captain EU category is the participation of at least 3 participants of course.<\/strong><\/p>\n<\/div><\/section>[\/vc_column][\/vc_row][vc_row][vc_column]\n                <div class='gf_browser_gecko gform_wrapper gform_legacy_markup_wrapper gform-theme--no-framework' data-form-theme='legacy' data-form-index='1' id='gform_wrapper_7' style='display:none'><div id='gf_7' class='gform_anchor' tabindex='-1'><\/div><form method='post' enctype='multipart\/form-data' target='gform_ajax_frame_7' id='gform_7'  action=\"\/en\/wp-json\/wp\/v2\/pages\/1355#gf_7\" data-formid='7' >\n                        <div class='gform-body gform_body'><ul id='gform_fields_7' class='gform_fields top_label form_sublabel_below description_above'><li id=\"field_7_41\"  class=\"gfield gfield--type-text gf_left_third gfield_contains_required field_sublabel_below gfield--no-description field_description_above gfield_visibility_visible\"  data-js-reload=\"field_7_41\"><label class='gfield_label gform-field-label' for='input_7_41' >Jm\u00e9no a p\u0159\u00edjmen\u00ed<span class=\"gfield_required\"><span class=\"gfield_required gfield_required_asterisk\">*<\/span><\/span><\/label><div class='ginput_container ginput_container_text'><input name='input_41' id='input_7_41' type='text' value='' class='medium'     aria-required=\"true\" aria-invalid=\"false\"   \/> <\/div><\/li><li id=\"field_7_11\"  class=\"gfield gfield--type-phone gf_middle_third gfield_contains_required field_sublabel_below gfield--no-description field_description_above gfield_visibility_visible\"  data-js-reload=\"field_7_11\"><label class='gfield_label gform-field-label' for='input_7_11' >Telefon<span class=\"gfield_required\"><span class=\"gfield_required gfield_required_asterisk\">*<\/span><\/span><\/label><div class='ginput_container ginput_container_phone'><input name='input_11' id='input_7_11' type='text' value='' class='medium'   aria-required=\"true\" aria-invalid=\"false\"   \/><\/div><\/li><li id=\"field_7_10\"  class=\"gfield gfield--type-email gf_right_third gfield_contains_required field_sublabel_below gfield--no-description field_description_above gfield_visibility_visible\"  data-js-reload=\"field_7_10\"><label class='gfield_label gform-field-label' for='input_7_10' >e-mail<span class=\"gfield_required\"><span class=\"gfield_required gfield_required_asterisk\">*<\/span><\/span><\/label><div class='ginput_container ginput_container_email'>\n                            <input name='input_10' id='input_7_10' type='text' value='' class='medium'    aria-required=\"true\" aria-invalid=\"false\"  \/>\n                        <\/div><\/li><li id=\"field_7_113\"  class=\"gfield gfield--type-text gfield_contains_required field_sublabel_below gfield--no-description field_description_above gfield_visibility_visible\"  data-js-reload=\"field_7_113\"><label class='gfield_label gform-field-label' for='input_7_113' >Zadejte adresu trval\u00e9ho bydli\u0161t\u011b<span class=\"gfield_required\"><span class=\"gfield_required gfield_required_asterisk\">*<\/span><\/span><\/label><div class='ginput_container ginput_container_text'><input name='input_113' id='input_7_113' type='text' value='' class='large'     aria-required=\"true\" aria-invalid=\"false\"   \/> <\/div><\/li><li id=\"field_7_125\"  class=\"gfield gfield--type-date gfield--input-type-datepicker gfield--datepicker-no-icon gfield--width-full gfield_contains_required field_sublabel_below gfield--no-description field_description_above gfield_visibility_visible\"  data-js-reload=\"field_7_125\"><label class='gfield_label gform-field-label' for='input_7_125' >Datum narozen\u00ed<span class=\"gfield_required\"><span class=\"gfield_required gfield_required_asterisk\">*<\/span><\/span><\/label><div class='ginput_container ginput_container_date'>\n                            <input name='input_125' id='input_7_125' type='text' value='' class='datepicker gform-datepicker dmy datepicker_no_icon gdatepicker-no-icon'   placeholder='dd\/mm\/yyyy' aria-describedby=\"input_7_125_date_format\" aria-invalid=\"false\" aria-required=\"true\"\/>\n                            <span id='input_7_125_date_format' class='screen-reader-text'>DD slash MM slash YYYY<\/span>\n                        <\/div>\n                        <input type='hidden' id='gforms_calendar_icon_input_7_125' class='gform_hidden' value='https:\/\/www.dgsa.cz\/wp-content\/plugins\/gravityforms\/images\/datepicker\/datepicker.svg'\/><\/li><li id=\"field_7_15\"  class=\"gfield gfield--type-select gfield_contains_required field_sublabel_below gfield--no-description field_description_above gfield_visibility_visible\"  data-js-reload=\"field_7_15\"><label class='gfield_label gform-field-label' for='input_7_15' >Term\u00edny \u0161kolen\u00ed Kapit\u00e1nsky patent EU<span class=\"gfield_required\"><span class=\"gfield_required gfield_required_asterisk\">*<\/span><\/span><\/label><div class='ginput_container ginput_container_select'><select name='input_15' id='input_7_15' class='medium gfield_select'    aria-required=\"true\" aria-invalid=\"false\" ><option value='' selected='selected' class='gf_placeholder'>Vyberte term\u00edn<\/option><option value='18.05. - 22.05.2026' >18.05. - 22.05.2026<\/option><option value='29.06. - 03.07.2026' >29.06. - 03.07.2026<\/option><option value='07.09. - 11.09.2026' >07.09. - 11.09.2026<\/option><option value='05.10. - 09.10.2026' >05.10. - 09.10.2026<\/option><option value='30.11. - 04.12.2026' >30.11. - 04.12.2026<\/option><\/select><\/div><\/li><li id=\"field_7_121\"  class=\"gfield gfield--type-checkbox gfield--type-choice field_sublabel_below gfield--no-description field_description_above gfield_visibility_visible\"  data-js-reload=\"field_7_121\"><label class='gfield_label gform-field-label gfield_label_before_complex'  >UPOZORN\u011aN\u00cd KE \u0160KOLEN\u00cd 22.11. \u2013 26.11.2021<\/label><div class='ginput_container ginput_container_checkbox'><ul class='gfield_checkbox' id='input_7_121'><li class='gchoice gchoice_7_121_1'>\n\t\t\t\t\t\t\t\t<input class='gfield-choice-input' name='input_121.1' type='checkbox'  value='Zobrazit upozorn\u011bn\u00ed v emailu&lt;br\/&gt;&lt;br\/&gt;Z\u00e1rove\u0148 je nutn\u00e9 podat p\u0159ihl\u00e1\u0161ku o\u00a0vykon\u00e1n\u00ed zkou\u0161ky na Plavebn\u00edm \u00fa\u0159ad\u011b 10 dn\u00ed p\u0159ed stanoven\u00fdm datumem zkou\u0161ky: &lt;a href=&quot;https:\/\/plavebniurad.cz\/dok-os\/kapitan&quot; target=&quot;_blank&quot;&gt;https:\/\/plavebniurad.cz\/dok-os\/kapitan&lt;\/a&gt;.&lt;br\/&gt;Uz\u00e1v\u011brka p\u0159ihl\u00e1\u0161ek: &lt;span class=&quot;paint-accent-color&quot;&gt;do 10.11.2021&lt;\/span&gt; | Datum zkou\u0161ky: &lt;span class=&quot;paint-accent-color&quot;&gt;01.12.2021&lt;\/span&gt;&lt;br\/&gt;' checked='checked' id='choice_7_121_1'   \/>\n\t\t\t\t\t\t\t\t<label for='choice_7_121_1' id='label_7_121_1' class='gform-field-label gform-field-label--type-inline'>Zobrazit upozorn\u011bn\u00ed v emailu<br\/><br\/>Z\u00e1rove\u0148 je nutn\u00e9 podat p\u0159ihl\u00e1\u0161ku o\u00a0vykon\u00e1n\u00ed zkou\u0161ky na Plavebn\u00edm \u00fa\u0159ad\u011b 10 dn\u00ed p\u0159ed stanoven\u00fdm datumem zkou\u0161ky: <a href=\"https:\/\/plavebniurad.cz\/dok-os\/kapitan\" target=\"_blank\">https:\/\/plavebniurad.cz\/dok-os\/kapitan<\/a>.<br\/>Uz\u00e1v\u011brka p\u0159ihl\u00e1\u0161ek: <span class=\"paint-accent-color\">do 10.11.2021<\/span> | Datum zkou\u0161ky: <span class=\"paint-accent-color\">01.12.2021<\/span><br\/><\/label>\n\t\t\t\t\t\t\t<\/li><\/ul><\/div><\/li><li id=\"field_7_93\"  class=\"gfield gfield--type-checkbox gfield--type-choice gfield_contains_required field_sublabel_below gfield--has-description field_description_above gfield_visibility_visible\"  data-js-reload=\"field_7_93\"><label class='gfield_label gform-field-label gfield_label_before_complex'  >Ochrana osobn\u00edch \u00fadaj\u016f<span class=\"gfield_required\"><span class=\"gfield_required gfield_required_asterisk\">*<\/span><\/span><\/label><div class='gfield_description' id='gfield_description_7_93'>Byl jsem sezn\u00e1men s <a href=\"\/download\/DGSA-Bohemia-GDPR.pdf\" target=\"_blank\">Ozn\u00e1men\u00edm o zpracov\u00e1n\u00ed osobn\u00edch \u00fadaj\u016f<\/a> - GDPR<\/div><div class='ginput_container ginput_container_checkbox'><ul class='gfield_checkbox' id='input_7_93'><li class='gchoice gchoice_7_93_1'>\n\t\t\t\t\t\t\t\t<input class='gfield-choice-input' name='input_93.1' type='checkbox'  value='Souhlas\u00edm'  id='choice_7_93_1'   aria-describedby=\"gfield_description_7_93\"\/>\n\t\t\t\t\t\t\t\t<label for='choice_7_93_1' id='label_7_93_1' class='gform-field-label gform-field-label--type-inline'>Souhlas\u00edm<\/label>\n\t\t\t\t\t\t\t<\/li><\/ul><\/div><\/li><li id=\"field_7_20\"  class=\"gfield gfield--type-textarea field_sublabel_below gfield--no-description field_description_above gfield_visibility_visible\"  data-js-reload=\"field_7_20\"><label class='gfield_label gform-field-label' for='input_7_20' >Dopl\u0148uj\u00edc\u00ed informace:<\/label><div class='ginput_container ginput_container_textarea'><textarea name='input_20' id='input_7_20' class='textarea small'      aria-invalid=\"false\"   rows='10' cols='50'><\/textarea><\/div><\/li><li id=\"field_7_13\"  class=\"gfield gfield--type-captcha captcha field_sublabel_below gfield--no-description field_description_above gfield_visibility_visible\"  data-js-reload=\"field_7_13\"><label class='gfield_label gform-field-label' for='input_7_13' >CAPTCHA<\/label><div id='input_7_13' class='ginput_container ginput_recaptcha' data-sitekey='6Lf_tnsrAAAAAJIaRsbaNjw6UBT1T6VVesFn-A7f'  data-theme='light' data-tabindex='0'  data-badge=''><\/div><\/li><li id=\"field_7_126\"  class=\"gfield gfield--type-honeypot gform_validation_container field_sublabel_below gfield--has-description field_description_above gfield_visibility_visible\"  data-js-reload=\"field_7_126\"><label class='gfield_label gform-field-label' for='input_7_126' >Phone<\/label><div class='gfield_description' id='gfield_description_7_126'>This field is for validation purposes and should be left unchanged.<\/div><div class='ginput_container'><input name='input_126' id='input_7_126' type='text' value='' \/><\/div><\/li><\/ul><\/div>\n        <div class='gform_footer top_label'> <input type='submit' id='gform_submit_button_7' class='gform_button button' value='Odeslat'  onclick='if(window[\"gf_submitting_7\"]){return false;}  window[\"gf_submitting_7\"]=true;  ' onkeypress='if( event.keyCode == 13 ){ if(window[\"gf_submitting_7\"]){return false;} window[\"gf_submitting_7\"]=true;  jQuery(\"#gform_7\").trigger(\"submit\",[true]); }' \/> <input type='hidden' name='gform_ajax' value='form_id=7&amp;title=&amp;description=&amp;tabindex=0' \/>\n            <input type='hidden' class='gform_hidden' name='is_submit_7' value='1' \/>\n            <input type='hidden' class='gform_hidden' name='gform_submit' value='7' \/>\n            \n            <input type='hidden' class='gform_hidden' name='gform_unique_id' value='' \/>\n            <input type='hidden' class='gform_hidden' name='state_7' value='WyJbXSIsImFmM2JjNTNkNGIyZDc2MDY5NTdmODZhNTQxMWIxOTIxIl0=' \/>\n            <input type='hidden' class='gform_hidden' name='gform_target_page_number_7' id='gform_target_page_number_7' value='0' \/>\n            <input type='hidden' class='gform_hidden' name='gform_source_page_number_7' id='gform_source_page_number_7' value='1' \/>\n            <input type='hidden' name='gform_field_values' value='' \/>\n            \n        <\/div>\n                        <\/form>\n                        <\/div>\n\t\t                <iframe style='display:none;width:0px;height:0px;' src='about:blank' name='gform_ajax_frame_7' id='gform_ajax_frame_7' title='This iframe contains the logic required to handle Ajax powered Gravity Forms.'><\/iframe>\n\t\t                <script type=\"text\/javascript\">\n\/* <![CDATA[ *\/\n gform.initializeOnLoaded( function() {gformInitSpinner( 7, 'https:\/\/www.dgsa.cz\/wp-content\/plugins\/gravityforms\/images\/spinner.svg', true );jQuery('#gform_ajax_frame_7').on('load',function(){var contents = jQuery(this).contents().find('*').html();var is_postback = contents.indexOf('GF_AJAX_POSTBACK') >= 0;if(!is_postback){return;}var form_content = jQuery(this).contents().find('#gform_wrapper_7');var is_confirmation = jQuery(this).contents().find('#gform_confirmation_wrapper_7').length > 0;var is_redirect = contents.indexOf('gformRedirect(){') >= 0;var is_form = form_content.length > 0 && ! is_redirect && ! is_confirmation;var mt = parseInt(jQuery('html').css('margin-top'), 10) + parseInt(jQuery('body').css('margin-top'), 10) + 100;if(is_form){jQuery('#gform_wrapper_7').html(form_content.html());if(form_content.hasClass('gform_validation_error')){jQuery('#gform_wrapper_7').addClass('gform_validation_error');} else {jQuery('#gform_wrapper_7').removeClass('gform_validation_error');}setTimeout( function() { \/* delay the scroll by 50 milliseconds to fix a bug in chrome *\/ jQuery(document).scrollTop(jQuery('#gform_wrapper_7').offset().top - mt); }, 50 );if(window['gformInitDatepicker']) {gformInitDatepicker();}if(window['gformInitPriceFields']) {gformInitPriceFields();}var current_page = jQuery('#gform_source_page_number_7').val();gformInitSpinner( 7, 'https:\/\/www.dgsa.cz\/wp-content\/plugins\/gravityforms\/images\/spinner.svg', true );jQuery(document).trigger('gform_page_loaded', [7, current_page]);window['gf_submitting_7'] = false;}else if(!is_redirect){var confirmation_content = jQuery(this).contents().find('.GF_AJAX_POSTBACK').html();if(!confirmation_content){confirmation_content = contents;}setTimeout(function(){jQuery('#gform_wrapper_7').replaceWith(confirmation_content);jQuery(document).scrollTop(jQuery('#gf_7').offset().top - mt);jQuery(document).trigger('gform_confirmation_loaded', [7]);window['gf_submitting_7'] = false;wp.a11y.speak(jQuery('#gform_confirmation_message_7').text());}, 50);}else{jQuery('#gform_7').append(contents);if(window['gformRedirect']) {gformRedirect();}}jQuery(document).trigger('gform_post_render', [7, current_page]);} );} ); \n\/* ]]> *\/\n<\/script>\n[\/vc_column][\/vc_row]<\/p>\n<\/section>","protected":false},"excerpt":{"rendered":"<p>[vc_row][vc_column][\/vc_column][\/vc_row][vc_row][vc_column][\/vc_column][\/vc_row]<\/p>\n","protected":false},"author":1,"featured_media":0,"parent":0,"menu_order":0,"comment_status":"closed","ping_status":"closed","template":"","meta":{"footnotes":""},"class_list":["post-1355","page","type-page","status-publish","hentry","description-off"],"yoast_head":"<!-- This site is optimized with the Yoast SEO plugin v26.6 - https:\/\/yoast.com\/wordpress\/plugins\/seo\/ -->\n<title>Online register form Captain patent | DGSA Bohemia<\/title>\n<meta name=\"robots\" content=\"index, follow, max-snippet:-1, max-image-preview:large, max-video-preview:-1\" \/>\n<link rel=\"canonical\" href=\"https:\/\/www.dgsa.cz\/en\/online-prihlaska-kapitansky-patent\/\" \/>\n<meta property=\"og:locale\" content=\"en_US\" \/>\n<meta property=\"og:type\" content=\"article\" \/>\n<meta property=\"og:title\" content=\"Online register form Captain patent | DGSA Bohemia\" \/>\n<meta property=\"og:url\" content=\"https:\/\/www.dgsa.cz\/online-prihlaska-kapitansky-patent\/\" \/>\n<meta property=\"og:site_name\" content=\"DGSA Bohemia\" \/>\n<meta property=\"article:publisher\" content=\"https:\/\/www.facebook.com\/bezpecnostnyporadca\" \/>\n<meta property=\"article:modified_time\" content=\"2025-12-11T07:48:18+00:00\" \/>\n<meta property=\"og:image\" content=\"https:\/\/www.dgsa.cz\/wp-content\/uploads\/2020\/06\/dgsa-bohemia-cz-2020-normal.png\" \/>\n\t<meta property=\"og:image:width\" content=\"394\" \/>\n\t<meta property=\"og:image:height\" content=\"92\" \/>\n\t<meta property=\"og:image:type\" content=\"image\/png\" \/>\n<meta name=\"twitter:label1\" content=\"Est. reading time\" \/>\n\t<meta name=\"twitter:data1\" content=\"1 minute\" \/>\n<script type=\"application\/ld+json\" class=\"yoast-schema-graph\">{\"@context\":\"https:\/\/schema.org\",\"@graph\":[{\"@type\":\"WebPage\",\"@id\":\"https:\/\/www.dgsa.cz\/online-prihlaska-kapitansky-patent\/\",\"url\":\"https:\/\/www.dgsa.cz\/online-prihlaska-kapitansky-patent\/\",\"name\":\"Online register form Captain patent | DGSA Bohemia\",\"isPartOf\":{\"@id\":\"https:\/\/www.dgsa.cz\/#website\"},\"datePublished\":\"2019-08-13T10:39:02+00:00\",\"dateModified\":\"2025-12-11T07:48:18+00:00\",\"breadcrumb\":{\"@id\":\"https:\/\/www.dgsa.cz\/online-prihlaska-kapitansky-patent\/#breadcrumb\"},\"inLanguage\":\"en-US\",\"potentialAction\":[{\"@type\":\"ReadAction\",\"target\":[\"https:\/\/www.dgsa.cz\/online-prihlaska-kapitansky-patent\/\"]}]},{\"@type\":\"BreadcrumbList\",\"@id\":\"https:\/\/www.dgsa.cz\/online-prihlaska-kapitansky-patent\/#breadcrumb\",\"itemListElement\":[{\"@type\":\"ListItem\",\"position\":1,\"name\":\"Dom\u016f\",\"item\":\"https:\/\/www.dgsa.cz\/\"},{\"@type\":\"ListItem\",\"position\":2,\"name\":\"Online p\u0159ihl\u00e1\u0161ka Kapit\u00e1nsky patent\"}]},{\"@type\":\"WebSite\",\"@id\":\"https:\/\/www.dgsa.cz\/#website\",\"url\":\"https:\/\/www.dgsa.cz\/\",\"name\":\"DGSA Bohemia\",\"description\":\"Bezpe\u010dnostn\u00ed poradce a \u0161kolen\u00ed ADR, RID, ADN\",\"publisher\":{\"@id\":\"https:\/\/www.dgsa.cz\/#organization\"},\"potentialAction\":[{\"@type\":\"SearchAction\",\"target\":{\"@type\":\"EntryPoint\",\"urlTemplate\":\"https:\/\/www.dgsa.cz\/?s={search_term_string}\"},\"query-input\":{\"@type\":\"PropertyValueSpecification\",\"valueRequired\":true,\"valueName\":\"search_term_string\"}}],\"inLanguage\":\"en-US\"},{\"@type\":\"Organization\",\"@id\":\"https:\/\/www.dgsa.cz\/#organization\",\"name\":\"DGSA Bohemia\",\"url\":\"https:\/\/www.dgsa.cz\/\",\"logo\":{\"@type\":\"ImageObject\",\"inLanguage\":\"en-US\",\"@id\":\"https:\/\/www.dgsa.cz\/#\/schema\/logo\/image\/\",\"url\":\"https:\/\/www.dgsa.cz\/wp-content\/uploads\/2020\/06\/dgsa-bohemia-cz-2020-normal.png\",\"contentUrl\":\"https:\/\/www.dgsa.cz\/wp-content\/uploads\/2020\/06\/dgsa-bohemia-cz-2020-normal.png\",\"width\":394,\"height\":92,\"caption\":\"DGSA Bohemia\"},\"image\":{\"@id\":\"https:\/\/www.dgsa.cz\/#\/schema\/logo\/image\/\"},\"sameAs\":[\"https:\/\/www.facebook.com\/bezpecnostnyporadca\"]}]}<\/script>\n<!-- \/ Yoast SEO plugin. -->","yoast_head_json":{"title":"Online register form Captain patent | DGSA Bohemia","robots":{"index":"index","follow":"follow","max-snippet":"max-snippet:-1","max-image-preview":"max-image-preview:large","max-video-preview":"max-video-preview:-1"},"canonical":"https:\/\/www.dgsa.cz\/en\/online-prihlaska-kapitansky-patent\/","og_locale":"en_US","og_type":"article","og_title":"Online register form Captain patent | DGSA Bohemia","og_url":"https:\/\/www.dgsa.cz\/online-prihlaska-kapitansky-patent\/","og_site_name":"DGSA Bohemia","article_publisher":"https:\/\/www.facebook.com\/bezpecnostnyporadca","article_modified_time":"2025-12-11T07:48:18+00:00","og_image":[{"width":394,"height":92,"url":"https:\/\/www.dgsa.cz\/wp-content\/uploads\/2020\/06\/dgsa-bohemia-cz-2020-normal.png","type":"image\/png"}],"twitter_misc":{"Est. reading time":"1 minute"},"schema":{"@context":"https:\/\/schema.org","@graph":[{"@type":"WebPage","@id":"https:\/\/www.dgsa.cz\/online-prihlaska-kapitansky-patent\/","url":"https:\/\/www.dgsa.cz\/online-prihlaska-kapitansky-patent\/","name":"Online register form Captain patent | DGSA Bohemia","isPartOf":{"@id":"https:\/\/www.dgsa.cz\/#website"},"datePublished":"2019-08-13T10:39:02+00:00","dateModified":"2025-12-11T07:48:18+00:00","breadcrumb":{"@id":"https:\/\/www.dgsa.cz\/online-prihlaska-kapitansky-patent\/#breadcrumb"},"inLanguage":"en-US","potentialAction":[{"@type":"ReadAction","target":["https:\/\/www.dgsa.cz\/online-prihlaska-kapitansky-patent\/"]}]},{"@type":"BreadcrumbList","@id":"https:\/\/www.dgsa.cz\/online-prihlaska-kapitansky-patent\/#breadcrumb","itemListElement":[{"@type":"ListItem","position":1,"name":"Dom\u016f","item":"https:\/\/www.dgsa.cz\/"},{"@type":"ListItem","position":2,"name":"Online p\u0159ihl\u00e1\u0161ka Kapit\u00e1nsky patent"}]},{"@type":"WebSite","@id":"https:\/\/www.dgsa.cz\/#website","url":"https:\/\/www.dgsa.cz\/","name":"DGSA Bohemia","description":"Bezpe\u010dnostn\u00ed poradce a \u0161kolen\u00ed ADR, RID, ADN","publisher":{"@id":"https:\/\/www.dgsa.cz\/#organization"},"potentialAction":[{"@type":"SearchAction","target":{"@type":"EntryPoint","urlTemplate":"https:\/\/www.dgsa.cz\/?s={search_term_string}"},"query-input":{"@type":"PropertyValueSpecification","valueRequired":true,"valueName":"search_term_string"}}],"inLanguage":"en-US"},{"@type":"Organization","@id":"https:\/\/www.dgsa.cz\/#organization","name":"DGSA Bohemia","url":"https:\/\/www.dgsa.cz\/","logo":{"@type":"ImageObject","inLanguage":"en-US","@id":"https:\/\/www.dgsa.cz\/#\/schema\/logo\/image\/","url":"https:\/\/www.dgsa.cz\/wp-content\/uploads\/2020\/06\/dgsa-bohemia-cz-2020-normal.png","contentUrl":"https:\/\/www.dgsa.cz\/wp-content\/uploads\/2020\/06\/dgsa-bohemia-cz-2020-normal.png","width":394,"height":92,"caption":"DGSA Bohemia"},"image":{"@id":"https:\/\/www.dgsa.cz\/#\/schema\/logo\/image\/"},"sameAs":["https:\/\/www.facebook.com\/bezpecnostnyporadca"]}]}},"jetpack_sharing_enabled":true,"_links":{"self":[{"href":"https:\/\/www.dgsa.cz\/en\/wp-json\/wp\/v2\/pages\/1355","targetHints":{"allow":["GET"]}}],"collection":[{"href":"https:\/\/www.dgsa.cz\/en\/wp-json\/wp\/v2\/pages"}],"about":[{"href":"https:\/\/www.dgsa.cz\/en\/wp-json\/wp\/v2\/types\/page"}],"author":[{"embeddable":true,"href":"https:\/\/www.dgsa.cz\/en\/wp-json\/wp\/v2\/users\/1"}],"replies":[{"embeddable":true,"href":"https:\/\/www.dgsa.cz\/en\/wp-json\/wp\/v2\/comments?post=1355"}],"version-history":[{"count":3,"href":"https:\/\/www.dgsa.cz\/en\/wp-json\/wp\/v2\/pages\/1355\/revisions"}],"predecessor-version":[{"id":2522,"href":"https:\/\/www.dgsa.cz\/en\/wp-json\/wp\/v2\/pages\/1355\/revisions\/2522"}],"wp:attachment":[{"href":"https:\/\/www.dgsa.cz\/en\/wp-json\/wp\/v2\/media?parent=1355"}],"curies":[{"name":"wp","href":"https:\/\/api.w.org\/{rel}","templated":true}]}}