{"id":1392,"date":"2019-08-14T06:58:42","date_gmt":"2019-08-14T05:58:42","guid":{"rendered":"https:\/\/www.dgsa.cz\/?page_id=1392"},"modified":"2025-12-11T15:52:46","modified_gmt":"2025-12-11T14:52:46","slug":"terminy-skoleni-kapitansky-patent","status":"publish","type":"page","link":"https:\/\/www.dgsa.cz\/en\/kapitansky-patent-kategorie-b-2\/terminy-skoleni-kapitansky-patent\/","title":{"rendered":"Dates of Captain patent training courses"},"content":{"rendered":"<section class=\"wpb-content-wrapper\"><p>[vc_row][vc_column width=&#8221;3\/4&#8243;]<section class=\"shortcode-action-box table shortcode-action-bg block-style-widget\"><div class=\"text-big\"><h2>Dates of Captain patent training courses<\/h2>\n<p><strong>The requirement for opening training course of the Captain EU category is the participation of at least 3 participants of course.<\/strong><\/p>\n<p><strong>The maximum capacity of course is 6 participants.<\/strong><\/p>\n<p>For more informations please don&#8217;t hesitate to contact us.<\/p>\n<\/div><\/section>[\/vc_column][vc_column width=&#8221;1\/4&#8243;]<style type=\"text\/css\" data-type=\"the7_shortcodes-inline-css\">#default-btn-701896d61ecae427dbc98cd1e15183ce.ico-right-side > i {\n  margin-right: 0px;\n  margin-left: 8px;\n}\n#default-btn-701896d61ecae427dbc98cd1e15183ce > i {\n  margin-right: 8px;\n}\n<\/style><div class=\"btn-align-right\"><a href=\"https:\/\/www.dgsa.cz\/wp-content\/uploads\/2024\/07\/kapitan-EU-CZ_2024.pdf\" class=\"default-btn-shortcode dt-btn dt-btn-l link-hover-off \" target=\"_blank\" id=\"default-btn-701896d61ecae427dbc98cd1e15183ce\" title=\"Captain patent training courses\" rel=\"noopener\"><span>Download PDF<\/span><\/a><\/div>[\/vc_column][\/vc_row][vc_row][vc_column][vc_empty_space height=&#8221;20px&#8221;][vc_column_text]\n<table id=\"tablepress-8\" class=\"tablepress tablepress-id-8\">\n<thead>\n<tr class=\"row-1\">\n\t<th class=\"column-1\">Month<\/th><th class=\"column-2\">Year<\/th><th class=\"column-3\">Date of training<\/th>\n<\/tr>\n<\/thead>\n<tbody class=\"row-striping row-hover\">\n<tr class=\"row-2\">\n\t<td class=\"column-1\">March<\/td><td class=\"column-2\">2026<\/td><td class=\"column-3\">09.03. - 13.03.2026<\/td>\n<\/tr>\n<tr class=\"row-3\">\n\t<td class=\"column-1\">April<\/td><td class=\"column-2\">2026<\/td><td class=\"column-3\">20.04. - 24.04.2026<\/td>\n<\/tr>\n<tr class=\"row-4\">\n\t<td class=\"column-1\">May<\/td><td class=\"column-2\">2026<\/td><td class=\"column-3\">18.05. - 22.05.2026<\/td>\n<\/tr>\n<tr class=\"row-5\">\n\t<td class=\"column-1\">Jun\/July<\/td><td class=\"column-2\">2026<\/td><td class=\"column-3\">29.06. - 03.07.2026<\/td>\n<\/tr>\n<tr class=\"row-6\">\n\t<td class=\"column-1\">September<\/td><td class=\"column-2\">2026<\/td><td class=\"column-3\">07.09. - 11.09.2026<\/td>\n<\/tr>\n<tr class=\"row-7\">\n\t<td class=\"column-1\">October<\/td><td class=\"column-2\">2026<\/td><td class=\"column-3\">05.10. - 09.10.2026<\/td>\n<\/tr>\n<tr class=\"row-8\">\n\t<td class=\"column-1\">November<\/td><td class=\"column-2\">2026<\/td><td class=\"column-3\">30.11. - 04.12.2026<\/td>\n<\/tr>\n<\/tbody>\n<\/table>\n<!-- #tablepress-8 from cache -->[\/vc_column_text][vc_empty_space height=&#8221;15px&#8221;][\/vc_column][\/vc_row][vc_row][vc_column width=&#8221;1\/2&#8243;][vc_single_image image=&#8221;1388&#8243; img_size=&#8221;full&#8221; alignment=&#8221;right&#8221; style=&#8221;vc_box_shadow&#8221;][\/vc_column][vc_column width=&#8221;1\/2&#8243;][\/vc_column][\/vc_row]<\/p>\n<\/section>","protected":false},"excerpt":{"rendered":"<p>[vc_row][vc_column width=&#8221;3\/4&#8243;][\/vc_column][vc_column width=&#8221;1\/4&#8243;][\/vc_column][\/vc_row][vc_row][vc_column][vc_empty_space height=&#8221;20px&#8221;][vc_column_text][\/vc_column_text][vc_empty_space height=&#8221;15px&#8221;][\/vc_column][\/vc_row][vc_row][vc_column width=&#8221;1\/2&#8243;][vc_single_image image=&#8221;1388&#8243; img_size=&#8221;full&#8221; alignment=&#8221;right&#8221; style=&#8221;vc_box_shadow&#8221;][\/vc_column][vc_column width=&#8221;1\/2&#8243;][\/vc_column][\/vc_row]<\/p>\n","protected":false},"author":1,"featured_media":0,"parent":1308,"menu_order":0,"comment_status":"closed","ping_status":"open","template":"","meta":{"footnotes":""},"class_list":["post-1392","page","type-page","status-publish","hentry","description-off"],"yoast_head":"<!-- This site is optimized with the Yoast SEO plugin v26.6 - https:\/\/yoast.com\/wordpress\/plugins\/seo\/ -->\n<title>Dates of Captain patent training courses | DGSA Bohemia<\/title>\n<meta name=\"robots\" content=\"index, follow, max-snippet:-1, max-image-preview:large, max-video-preview:-1\" \/>\n<link rel=\"canonical\" href=\"https:\/\/www.dgsa.cz\/en\/kapitansky-patent-kategorie-b-2\/terminy-skoleni-kapitansky-patent\/\" \/>\n<meta property=\"og:locale\" content=\"en_US\" \/>\n<meta property=\"og:type\" content=\"article\" \/>\n<meta property=\"og:title\" content=\"Dates of Captain patent training courses | DGSA Bohemia\" \/>\n<meta property=\"og:url\" content=\"https:\/\/www.dgsa.cz\/kapitansky-patent-kategorie-b-2\/terminy-skoleni-kapitansky-patent\/\" \/>\n<meta property=\"og:site_name\" content=\"DGSA Bohemia\" \/>\n<meta property=\"article:publisher\" content=\"https:\/\/www.facebook.com\/bezpecnostnyporadca\" \/>\n<meta property=\"article:modified_time\" content=\"2025-12-11T14:52:46+00:00\" \/>\n<meta property=\"og:image\" content=\"https:\/\/www.dgsa.cz\/wp-content\/uploads\/2020\/06\/dgsa-bohemia-cz-2020-normal.png\" \/>\n\t<meta property=\"og:image:width\" content=\"394\" \/>\n\t<meta property=\"og:image:height\" content=\"92\" \/>\n\t<meta property=\"og:image:type\" content=\"image\/png\" \/>\n<meta name=\"twitter:label1\" content=\"Est. reading time\" \/>\n\t<meta name=\"twitter:data1\" content=\"1 minute\" \/>\n<script type=\"application\/ld+json\" class=\"yoast-schema-graph\">{\"@context\":\"https:\/\/schema.org\",\"@graph\":[{\"@type\":\"WebPage\",\"@id\":\"https:\/\/www.dgsa.cz\/kapitansky-patent-kategorie-b-2\/terminy-skoleni-kapitansky-patent\/\",\"url\":\"https:\/\/www.dgsa.cz\/kapitansky-patent-kategorie-b-2\/terminy-skoleni-kapitansky-patent\/\",\"name\":\"Dates of Captain patent training courses | DGSA Bohemia\",\"isPartOf\":{\"@id\":\"https:\/\/www.dgsa.cz\/#website\"},\"datePublished\":\"2019-08-14T05:58:42+00:00\",\"dateModified\":\"2025-12-11T14:52:46+00:00\",\"breadcrumb\":{\"@id\":\"https:\/\/www.dgsa.cz\/kapitansky-patent-kategorie-b-2\/terminy-skoleni-kapitansky-patent\/#breadcrumb\"},\"inLanguage\":\"en-US\",\"potentialAction\":[{\"@type\":\"ReadAction\",\"target\":[\"https:\/\/www.dgsa.cz\/kapitansky-patent-kategorie-b-2\/terminy-skoleni-kapitansky-patent\/\"]}]},{\"@type\":\"BreadcrumbList\",\"@id\":\"https:\/\/www.dgsa.cz\/kapitansky-patent-kategorie-b-2\/terminy-skoleni-kapitansky-patent\/#breadcrumb\",\"itemListElement\":[{\"@type\":\"ListItem\",\"position\":1,\"name\":\"Dom\u016f\",\"item\":\"https:\/\/www.dgsa.cz\/\"},{\"@type\":\"ListItem\",\"position\":2,\"name\":\"Kapit\u00e1nsk\u00fd patent EU\",\"item\":\"https:\/\/www.dgsa.cz\/kapitansky-patent-kategorie-b-2\/\"},{\"@type\":\"ListItem\",\"position\":3,\"name\":\"Term\u00edny \u0161kolen\u00ed Kapit\u00e1nsky patent\"}]},{\"@type\":\"WebSite\",\"@id\":\"https:\/\/www.dgsa.cz\/#website\",\"url\":\"https:\/\/www.dgsa.cz\/\",\"name\":\"DGSA Bohemia\",\"description\":\"Bezpe\u010dnostn\u00ed poradce a \u0161kolen\u00ed ADR, RID, ADN\",\"publisher\":{\"@id\":\"https:\/\/www.dgsa.cz\/#organization\"},\"potentialAction\":[{\"@type\":\"SearchAction\",\"target\":{\"@type\":\"EntryPoint\",\"urlTemplate\":\"https:\/\/www.dgsa.cz\/?s={search_term_string}\"},\"query-input\":{\"@type\":\"PropertyValueSpecification\",\"valueRequired\":true,\"valueName\":\"search_term_string\"}}],\"inLanguage\":\"en-US\"},{\"@type\":\"Organization\",\"@id\":\"https:\/\/www.dgsa.cz\/#organization\",\"name\":\"DGSA Bohemia\",\"url\":\"https:\/\/www.dgsa.cz\/\",\"logo\":{\"@type\":\"ImageObject\",\"inLanguage\":\"en-US\",\"@id\":\"https:\/\/www.dgsa.cz\/#\/schema\/logo\/image\/\",\"url\":\"https:\/\/www.dgsa.cz\/wp-content\/uploads\/2020\/06\/dgsa-bohemia-cz-2020-normal.png\",\"contentUrl\":\"https:\/\/www.dgsa.cz\/wp-content\/uploads\/2020\/06\/dgsa-bohemia-cz-2020-normal.png\",\"width\":394,\"height\":92,\"caption\":\"DGSA Bohemia\"},\"image\":{\"@id\":\"https:\/\/www.dgsa.cz\/#\/schema\/logo\/image\/\"},\"sameAs\":[\"https:\/\/www.facebook.com\/bezpecnostnyporadca\"]}]}<\/script>\n<!-- \/ Yoast SEO plugin. -->","yoast_head_json":{"title":"Dates of Captain patent training courses | DGSA Bohemia","robots":{"index":"index","follow":"follow","max-snippet":"max-snippet:-1","max-image-preview":"max-image-preview:large","max-video-preview":"max-video-preview:-1"},"canonical":"https:\/\/www.dgsa.cz\/en\/kapitansky-patent-kategorie-b-2\/terminy-skoleni-kapitansky-patent\/","og_locale":"en_US","og_type":"article","og_title":"Dates of Captain patent training courses | DGSA Bohemia","og_url":"https:\/\/www.dgsa.cz\/kapitansky-patent-kategorie-b-2\/terminy-skoleni-kapitansky-patent\/","og_site_name":"DGSA Bohemia","article_publisher":"https:\/\/www.facebook.com\/bezpecnostnyporadca","article_modified_time":"2025-12-11T14:52:46+00:00","og_image":[{"width":394,"height":92,"url":"https:\/\/www.dgsa.cz\/wp-content\/uploads\/2020\/06\/dgsa-bohemia-cz-2020-normal.png","type":"image\/png"}],"twitter_misc":{"Est. reading time":"1 minute"},"schema":{"@context":"https:\/\/schema.org","@graph":[{"@type":"WebPage","@id":"https:\/\/www.dgsa.cz\/kapitansky-patent-kategorie-b-2\/terminy-skoleni-kapitansky-patent\/","url":"https:\/\/www.dgsa.cz\/kapitansky-patent-kategorie-b-2\/terminy-skoleni-kapitansky-patent\/","name":"Dates of Captain patent training courses | DGSA Bohemia","isPartOf":{"@id":"https:\/\/www.dgsa.cz\/#website"},"datePublished":"2019-08-14T05:58:42+00:00","dateModified":"2025-12-11T14:52:46+00:00","breadcrumb":{"@id":"https:\/\/www.dgsa.cz\/kapitansky-patent-kategorie-b-2\/terminy-skoleni-kapitansky-patent\/#breadcrumb"},"inLanguage":"en-US","potentialAction":[{"@type":"ReadAction","target":["https:\/\/www.dgsa.cz\/kapitansky-patent-kategorie-b-2\/terminy-skoleni-kapitansky-patent\/"]}]},{"@type":"BreadcrumbList","@id":"https:\/\/www.dgsa.cz\/kapitansky-patent-kategorie-b-2\/terminy-skoleni-kapitansky-patent\/#breadcrumb","itemListElement":[{"@type":"ListItem","position":1,"name":"Dom\u016f","item":"https:\/\/www.dgsa.cz\/"},{"@type":"ListItem","position":2,"name":"Kapit\u00e1nsk\u00fd patent EU","item":"https:\/\/www.dgsa.cz\/kapitansky-patent-kategorie-b-2\/"},{"@type":"ListItem","position":3,"name":"Term\u00edny \u0161kolen\u00ed Kapit\u00e1nsky patent"}]},{"@type":"WebSite","@id":"https:\/\/www.dgsa.cz\/#website","url":"https:\/\/www.dgsa.cz\/","name":"DGSA Bohemia","description":"Bezpe\u010dnostn\u00ed poradce a \u0161kolen\u00ed ADR, RID, ADN","publisher":{"@id":"https:\/\/www.dgsa.cz\/#organization"},"potentialAction":[{"@type":"SearchAction","target":{"@type":"EntryPoint","urlTemplate":"https:\/\/www.dgsa.cz\/?s={search_term_string}"},"query-input":{"@type":"PropertyValueSpecification","valueRequired":true,"valueName":"search_term_string"}}],"inLanguage":"en-US"},{"@type":"Organization","@id":"https:\/\/www.dgsa.cz\/#organization","name":"DGSA Bohemia","url":"https:\/\/www.dgsa.cz\/","logo":{"@type":"ImageObject","inLanguage":"en-US","@id":"https:\/\/www.dgsa.cz\/#\/schema\/logo\/image\/","url":"https:\/\/www.dgsa.cz\/wp-content\/uploads\/2020\/06\/dgsa-bohemia-cz-2020-normal.png","contentUrl":"https:\/\/www.dgsa.cz\/wp-content\/uploads\/2020\/06\/dgsa-bohemia-cz-2020-normal.png","width":394,"height":92,"caption":"DGSA Bohemia"},"image":{"@id":"https:\/\/www.dgsa.cz\/#\/schema\/logo\/image\/"},"sameAs":["https:\/\/www.facebook.com\/bezpecnostnyporadca"]}]}},"jetpack_sharing_enabled":true,"_links":{"self":[{"href":"https:\/\/www.dgsa.cz\/en\/wp-json\/wp\/v2\/pages\/1392","targetHints":{"allow":["GET"]}}],"collection":[{"href":"https:\/\/www.dgsa.cz\/en\/wp-json\/wp\/v2\/pages"}],"about":[{"href":"https:\/\/www.dgsa.cz\/en\/wp-json\/wp\/v2\/types\/page"}],"author":[{"embeddable":true,"href":"https:\/\/www.dgsa.cz\/en\/wp-json\/wp\/v2\/users\/1"}],"replies":[{"embeddable":true,"href":"https:\/\/www.dgsa.cz\/en\/wp-json\/wp\/v2\/comments?post=1392"}],"version-history":[{"count":8,"href":"https:\/\/www.dgsa.cz\/en\/wp-json\/wp\/v2\/pages\/1392\/revisions"}],"predecessor-version":[{"id":2530,"href":"https:\/\/www.dgsa.cz\/en\/wp-json\/wp\/v2\/pages\/1392\/revisions\/2530"}],"up":[{"embeddable":true,"href":"https:\/\/www.dgsa.cz\/en\/wp-json\/wp\/v2\/pages\/1308"}],"wp:attachment":[{"href":"https:\/\/www.dgsa.cz\/en\/wp-json\/wp\/v2\/media?parent=1392"}],"curies":[{"name":"wp","href":"https:\/\/api.w.org\/{rel}","templated":true}]}}