{"id":1404,"date":"2019-08-14T07:14:23","date_gmt":"2019-08-14T06:14:23","guid":{"rendered":"https:\/\/www.dgsa.cz\/?page_id=1404"},"modified":"2026-03-23T08:28:33","modified_gmt":"2026-03-23T07:28:33","slug":"terminy-skoleni-radar-patent","status":"publish","type":"page","link":"https:\/\/www.dgsa.cz\/en\/radar-patent-2\/terminy-skoleni-radar-patent\/","title":{"rendered":"Dates of Radar patent training courses"},"content":{"rendered":"<section class=\"wpb-content-wrapper\"><p>[vc_row][vc_column width=&#8221;3\/4&#8243;]<section class=\"shortcode-action-box table shortcode-action-bg block-style-widget\"><div class=\"text-big\"><h2>Dates of Radar patent training courses<\/h2>\n<p>Place of Course: <strong>DGSA classroom, D\u011b\u010d\u00edn<\/strong><br \/>\n(building of Czech ports, a.s., Labsk\u00e1 17\/137 D\u011b\u010d\u00edn 1, entrance from back, via yard, 1. Floor)<\/p>\n<p><strong>C<\/strong><strong><span lang=\"en\">aptain&#8217;s license holders who are interested in completing a training course and then the final exam must at first of all submit an application to the Transport Authority &#8211; Dopravn\u00fd \u00farad<\/span><\/strong><strong>.<\/strong><\/p>\n<p>For more informations please don&#8217;t hesitate to contact us.<\/p>\n<\/div><\/section>[\/vc_column][vc_column width=&#8221;1\/4&#8243;]<style type=\"text\/css\" data-type=\"the7_shortcodes-inline-css\">#default-btn-99c7c72efb8574048fa2b8d7c2e834fc.ico-right-side > i {\n  margin-right: 0px;\n  margin-left: 8px;\n}\n#default-btn-99c7c72efb8574048fa2b8d7c2e834fc > i {\n  margin-right: 8px;\n}\n<\/style><div class=\"btn-align-right\"><a href=\"https:\/\/www.dgsa.cz\/wp-content\/uploads\/2024\/07\/RADAR-patent_2024.pdf\" class=\"default-btn-shortcode dt-btn dt-btn-l link-hover-off \" target=\"_blank\" id=\"default-btn-99c7c72efb8574048fa2b8d7c2e834fc\" title=\"Dates of Radar patent training courses\" rel=\"noopener\"><span>Download PDF<\/span><\/a><\/div>[\/vc_column][\/vc_row][vc_row][vc_column][vc_empty_space height=&#8221;20px&#8221;][vc_column_text]\n<table id=\"tablepress-6\" class=\"tablepress tablepress-id-6\">\n<thead>\n<tr class=\"row-1\">\n\t<th class=\"column-1\">Month<\/th><th class=\"column-2\">Date of training<\/th><th class=\"column-3\">Deadline<\/th><th class=\"column-4\">Exam date<\/th><th class=\"column-5\">Price of training course*<\/th>\n<\/tr>\n<\/thead>\n<tbody class=\"row-striping row-hover\">\n<tr class=\"row-2\">\n\t<td class=\"column-1\">April<\/td><td class=\"column-2\">07.04.2026<\/td><td class=\"column-3\">24.03.2026<\/td><td class=\"column-4\">08.04.2026<\/td><td class=\"column-5\">11 900,- K\u010d<\/td>\n<\/tr>\n<tr class=\"row-3\">\n\t<td class=\"column-1\">May<\/td><td class=\"column-2\">12.05.2026<\/td><td class=\"column-3\">28.04.2026<\/td><td class=\"column-4\">13.05.2026<\/td><td class=\"column-5\">11 900,- K\u010d<\/td>\n<\/tr>\n<tr class=\"row-4\">\n\t<td class=\"column-1\">June<\/td><td class=\"column-2\">09.06.2026<\/td><td class=\"column-3\">26.05.2026<\/td><td class=\"column-4\">10.06.2026<\/td><td class=\"column-5\">11 900,- K\u010d<\/td>\n<\/tr>\n<tr class=\"row-5\">\n\t<td class=\"column-1\">September<\/td><td class=\"column-2\">08.09.2026<\/td><td class=\"column-3\">25.08.2026<\/td><td class=\"column-4\">09.09.2026<\/td><td class=\"column-5\">11 900,- K\u010d<\/td>\n<\/tr>\n<tr class=\"row-6\">\n\t<td class=\"column-1\">October<\/td><td class=\"column-2\">13.10.2026<\/td><td class=\"column-3\">29.09.2026<\/td><td class=\"column-4\">14.10.2026<\/td><td class=\"column-5\">11 900,- K\u010d<\/td>\n<\/tr>\n<tr class=\"row-7\">\n\t<td class=\"column-1\">November<\/td><td class=\"column-2\">10.11.2026<\/td><td class=\"column-3\">27.10.2026<\/td><td class=\"column-4\">11.11.2026<\/td><td class=\"column-5\">11 900,- K\u010d<\/td>\n<\/tr>\n<\/tbody>\n<\/table>\n<!-- #tablepress-6 from cache -->[\/vc_column_text][vc_column_text]* This price includes costs associated with the operation of the vessel and is also invoiced to the participants of final exam, who do not attend the training course.[\/vc_column_text][vc_empty_space height=&#8221;25px&#8221;][\/vc_column][\/vc_row][vc_row][vc_column width=&#8221;1\/2&#8243;][vc_single_image image=&#8221;1306&#8243; img_size=&#8221;full&#8221; alignment=&#8221;right&#8221; style=&#8221;vc_box_shadow&#8221;][\/vc_column][vc_column width=&#8221;1\/2&#8243;][\/vc_column][\/vc_row]<\/p>\n<\/section>","protected":false},"excerpt":{"rendered":"<p>[vc_row][vc_column width=&#8221;3\/4&#8243;][\/vc_column][vc_column width=&#8221;1\/4&#8243;][\/vc_column][\/vc_row][vc_row][vc_column][vc_empty_space height=&#8221;20px&#8221;][vc_column_text][\/vc_column_text][vc_column_text]* This price includes costs associated with the operation of the vessel and is also invoiced to the participants of final exam, who do not attend the training course.[\/vc_column_text][vc_empty_space height=&#8221;25px&#8221;][\/vc_column][\/vc_row][vc_row][vc_column width=&#8221;1\/2&#8243;][vc_single_image image=&#8221;1306&#8243; img_size=&#8221;full&#8221; alignment=&#8221;right&#8221; style=&#8221;vc_box_shadow&#8221;][\/vc_column][vc_column width=&#8221;1\/2&#8243;][\/vc_column][\/vc_row]<\/p>\n","protected":false},"author":1,"featured_media":0,"parent":1313,"menu_order":0,"comment_status":"closed","ping_status":"open","template":"","meta":{"footnotes":""},"class_list":["post-1404","page","type-page","status-publish","hentry","description-off"],"yoast_head":"<!-- This site is optimized with the Yoast SEO plugin v26.6 - https:\/\/yoast.com\/wordpress\/plugins\/seo\/ -->\n<title>Dates of Radar patent training courses | DGSA Bohemia<\/title>\n<meta name=\"description\" content=\"* Tato \u010d\u00e1stka zahrnuje i n\u00e1klady spojen\u00e9 s provozov\u00e1n\u00edm plavidla a je fakturov\u00e1na i \u00fa\u010dastn\u00edk\u016fm z\u00e1v\u011bre\u010dn\u00e9 zkou\u0161ky, kte\u0159\u00ed se nez\u00fa\u010dastn\u00ed kurzu odborn\u00e9\" \/>\n<meta name=\"robots\" content=\"index, follow, max-snippet:-1, max-image-preview:large, max-video-preview:-1\" \/>\n<link rel=\"canonical\" href=\"https:\/\/www.dgsa.cz\/en\/radar-patent-2\/terminy-skoleni-radar-patent\/\" \/>\n<meta property=\"og:locale\" content=\"en_US\" \/>\n<meta property=\"og:type\" content=\"article\" \/>\n<meta property=\"og:title\" content=\"Dates of Radar patent training courses | DGSA Bohemia\" \/>\n<meta property=\"og:description\" content=\"* Tato \u010d\u00e1stka zahrnuje i n\u00e1klady spojen\u00e9 s provozov\u00e1n\u00edm plavidla a je fakturov\u00e1na i \u00fa\u010dastn\u00edk\u016fm z\u00e1v\u011bre\u010dn\u00e9 zkou\u0161ky, kte\u0159\u00ed se nez\u00fa\u010dastn\u00ed kurzu odborn\u00e9\" \/>\n<meta property=\"og:url\" content=\"https:\/\/www.dgsa.cz\/radar-patent-2\/terminy-skoleni-radar-patent\/\" \/>\n<meta property=\"og:site_name\" content=\"DGSA Bohemia\" \/>\n<meta property=\"article:publisher\" content=\"https:\/\/www.facebook.com\/bezpecnostnyporadca\" \/>\n<meta property=\"article:modified_time\" content=\"2026-03-23T07:28:33+00:00\" \/>\n<meta property=\"og:image\" content=\"https:\/\/www.dgsa.cz\/wp-content\/uploads\/2020\/06\/dgsa-bohemia-cz-2020-normal.png\" \/>\n\t<meta property=\"og:image:width\" content=\"394\" \/>\n\t<meta property=\"og:image:height\" content=\"92\" \/>\n\t<meta property=\"og:image:type\" content=\"image\/png\" \/>\n<meta name=\"twitter:label1\" content=\"Est. reading time\" \/>\n\t<meta name=\"twitter:data1\" content=\"1 minute\" \/>\n<script type=\"application\/ld+json\" class=\"yoast-schema-graph\">{\"@context\":\"https:\/\/schema.org\",\"@graph\":[{\"@type\":\"WebPage\",\"@id\":\"https:\/\/www.dgsa.cz\/radar-patent-2\/terminy-skoleni-radar-patent\/\",\"url\":\"https:\/\/www.dgsa.cz\/radar-patent-2\/terminy-skoleni-radar-patent\/\",\"name\":\"Dates of Radar patent training courses | DGSA Bohemia\",\"isPartOf\":{\"@id\":\"https:\/\/www.dgsa.cz\/#website\"},\"datePublished\":\"2019-08-14T06:14:23+00:00\",\"dateModified\":\"2026-03-23T07:28:33+00:00\",\"description\":\"* Tato \u010d\u00e1stka zahrnuje i n\u00e1klady spojen\u00e9 s provozov\u00e1n\u00edm plavidla a je fakturov\u00e1na i \u00fa\u010dastn\u00edk\u016fm z\u00e1v\u011bre\u010dn\u00e9 zkou\u0161ky, kte\u0159\u00ed se nez\u00fa\u010dastn\u00ed kurzu odborn\u00e9\",\"breadcrumb\":{\"@id\":\"https:\/\/www.dgsa.cz\/radar-patent-2\/terminy-skoleni-radar-patent\/#breadcrumb\"},\"inLanguage\":\"en-US\",\"potentialAction\":[{\"@type\":\"ReadAction\",\"target\":[\"https:\/\/www.dgsa.cz\/radar-patent-2\/terminy-skoleni-radar-patent\/\"]}]},{\"@type\":\"BreadcrumbList\",\"@id\":\"https:\/\/www.dgsa.cz\/radar-patent-2\/terminy-skoleni-radar-patent\/#breadcrumb\",\"itemListElement\":[{\"@type\":\"ListItem\",\"position\":1,\"name\":\"Dom\u016f\",\"item\":\"https:\/\/www.dgsa.cz\/\"},{\"@type\":\"ListItem\",\"position\":2,\"name\":\"Radar patent\",\"item\":\"https:\/\/www.dgsa.cz\/radar-patent-2\/\"},{\"@type\":\"ListItem\",\"position\":3,\"name\":\"Term\u00edny \u0161kolen\u00ed Radar patent\"}]},{\"@type\":\"WebSite\",\"@id\":\"https:\/\/www.dgsa.cz\/#website\",\"url\":\"https:\/\/www.dgsa.cz\/\",\"name\":\"DGSA Bohemia\",\"description\":\"Bezpe\u010dnostn\u00ed poradce a \u0161kolen\u00ed ADR, RID, ADN\",\"publisher\":{\"@id\":\"https:\/\/www.dgsa.cz\/#organization\"},\"potentialAction\":[{\"@type\":\"SearchAction\",\"target\":{\"@type\":\"EntryPoint\",\"urlTemplate\":\"https:\/\/www.dgsa.cz\/?s={search_term_string}\"},\"query-input\":{\"@type\":\"PropertyValueSpecification\",\"valueRequired\":true,\"valueName\":\"search_term_string\"}}],\"inLanguage\":\"en-US\"},{\"@type\":\"Organization\",\"@id\":\"https:\/\/www.dgsa.cz\/#organization\",\"name\":\"DGSA Bohemia\",\"url\":\"https:\/\/www.dgsa.cz\/\",\"logo\":{\"@type\":\"ImageObject\",\"inLanguage\":\"en-US\",\"@id\":\"https:\/\/www.dgsa.cz\/#\/schema\/logo\/image\/\",\"url\":\"https:\/\/www.dgsa.cz\/wp-content\/uploads\/2020\/06\/dgsa-bohemia-cz-2020-normal.png\",\"contentUrl\":\"https:\/\/www.dgsa.cz\/wp-content\/uploads\/2020\/06\/dgsa-bohemia-cz-2020-normal.png\",\"width\":394,\"height\":92,\"caption\":\"DGSA Bohemia\"},\"image\":{\"@id\":\"https:\/\/www.dgsa.cz\/#\/schema\/logo\/image\/\"},\"sameAs\":[\"https:\/\/www.facebook.com\/bezpecnostnyporadca\"]}]}<\/script>\n<!-- \/ Yoast SEO plugin. -->","yoast_head_json":{"title":"Dates of Radar patent training courses | DGSA Bohemia","description":"* Tato \u010d\u00e1stka zahrnuje i n\u00e1klady spojen\u00e9 s provozov\u00e1n\u00edm plavidla a je fakturov\u00e1na i \u00fa\u010dastn\u00edk\u016fm z\u00e1v\u011bre\u010dn\u00e9 zkou\u0161ky, kte\u0159\u00ed se nez\u00fa\u010dastn\u00ed kurzu odborn\u00e9","robots":{"index":"index","follow":"follow","max-snippet":"max-snippet:-1","max-image-preview":"max-image-preview:large","max-video-preview":"max-video-preview:-1"},"canonical":"https:\/\/www.dgsa.cz\/en\/radar-patent-2\/terminy-skoleni-radar-patent\/","og_locale":"en_US","og_type":"article","og_title":"Dates of Radar patent training courses | DGSA Bohemia","og_description":"* Tato \u010d\u00e1stka zahrnuje i n\u00e1klady spojen\u00e9 s provozov\u00e1n\u00edm plavidla a je fakturov\u00e1na i \u00fa\u010dastn\u00edk\u016fm z\u00e1v\u011bre\u010dn\u00e9 zkou\u0161ky, kte\u0159\u00ed se nez\u00fa\u010dastn\u00ed kurzu odborn\u00e9","og_url":"https:\/\/www.dgsa.cz\/radar-patent-2\/terminy-skoleni-radar-patent\/","og_site_name":"DGSA Bohemia","article_publisher":"https:\/\/www.facebook.com\/bezpecnostnyporadca","article_modified_time":"2026-03-23T07:28:33+00:00","og_image":[{"width":394,"height":92,"url":"https:\/\/www.dgsa.cz\/wp-content\/uploads\/2020\/06\/dgsa-bohemia-cz-2020-normal.png","type":"image\/png"}],"twitter_misc":{"Est. reading time":"1 minute"},"schema":{"@context":"https:\/\/schema.org","@graph":[{"@type":"WebPage","@id":"https:\/\/www.dgsa.cz\/radar-patent-2\/terminy-skoleni-radar-patent\/","url":"https:\/\/www.dgsa.cz\/radar-patent-2\/terminy-skoleni-radar-patent\/","name":"Dates of Radar patent training courses | DGSA Bohemia","isPartOf":{"@id":"https:\/\/www.dgsa.cz\/#website"},"datePublished":"2019-08-14T06:14:23+00:00","dateModified":"2026-03-23T07:28:33+00:00","description":"* Tato \u010d\u00e1stka zahrnuje i n\u00e1klady spojen\u00e9 s provozov\u00e1n\u00edm plavidla a je fakturov\u00e1na i \u00fa\u010dastn\u00edk\u016fm z\u00e1v\u011bre\u010dn\u00e9 zkou\u0161ky, kte\u0159\u00ed se nez\u00fa\u010dastn\u00ed kurzu odborn\u00e9","breadcrumb":{"@id":"https:\/\/www.dgsa.cz\/radar-patent-2\/terminy-skoleni-radar-patent\/#breadcrumb"},"inLanguage":"en-US","potentialAction":[{"@type":"ReadAction","target":["https:\/\/www.dgsa.cz\/radar-patent-2\/terminy-skoleni-radar-patent\/"]}]},{"@type":"BreadcrumbList","@id":"https:\/\/www.dgsa.cz\/radar-patent-2\/terminy-skoleni-radar-patent\/#breadcrumb","itemListElement":[{"@type":"ListItem","position":1,"name":"Dom\u016f","item":"https:\/\/www.dgsa.cz\/"},{"@type":"ListItem","position":2,"name":"Radar patent","item":"https:\/\/www.dgsa.cz\/radar-patent-2\/"},{"@type":"ListItem","position":3,"name":"Term\u00edny \u0161kolen\u00ed Radar patent"}]},{"@type":"WebSite","@id":"https:\/\/www.dgsa.cz\/#website","url":"https:\/\/www.dgsa.cz\/","name":"DGSA Bohemia","description":"Bezpe\u010dnostn\u00ed poradce a \u0161kolen\u00ed ADR, RID, ADN","publisher":{"@id":"https:\/\/www.dgsa.cz\/#organization"},"potentialAction":[{"@type":"SearchAction","target":{"@type":"EntryPoint","urlTemplate":"https:\/\/www.dgsa.cz\/?s={search_term_string}"},"query-input":{"@type":"PropertyValueSpecification","valueRequired":true,"valueName":"search_term_string"}}],"inLanguage":"en-US"},{"@type":"Organization","@id":"https:\/\/www.dgsa.cz\/#organization","name":"DGSA Bohemia","url":"https:\/\/www.dgsa.cz\/","logo":{"@type":"ImageObject","inLanguage":"en-US","@id":"https:\/\/www.dgsa.cz\/#\/schema\/logo\/image\/","url":"https:\/\/www.dgsa.cz\/wp-content\/uploads\/2020\/06\/dgsa-bohemia-cz-2020-normal.png","contentUrl":"https:\/\/www.dgsa.cz\/wp-content\/uploads\/2020\/06\/dgsa-bohemia-cz-2020-normal.png","width":394,"height":92,"caption":"DGSA Bohemia"},"image":{"@id":"https:\/\/www.dgsa.cz\/#\/schema\/logo\/image\/"},"sameAs":["https:\/\/www.facebook.com\/bezpecnostnyporadca"]}]}},"jetpack_sharing_enabled":true,"_links":{"self":[{"href":"https:\/\/www.dgsa.cz\/en\/wp-json\/wp\/v2\/pages\/1404","targetHints":{"allow":["GET"]}}],"collection":[{"href":"https:\/\/www.dgsa.cz\/en\/wp-json\/wp\/v2\/pages"}],"about":[{"href":"https:\/\/www.dgsa.cz\/en\/wp-json\/wp\/v2\/types\/page"}],"author":[{"embeddable":true,"href":"https:\/\/www.dgsa.cz\/en\/wp-json\/wp\/v2\/users\/1"}],"replies":[{"embeddable":true,"href":"https:\/\/www.dgsa.cz\/en\/wp-json\/wp\/v2\/comments?post=1404"}],"version-history":[{"count":7,"href":"https:\/\/www.dgsa.cz\/en\/wp-json\/wp\/v2\/pages\/1404\/revisions"}],"predecessor-version":[{"id":3398,"href":"https:\/\/www.dgsa.cz\/en\/wp-json\/wp\/v2\/pages\/1404\/revisions\/3398"}],"up":[{"embeddable":true,"href":"https:\/\/www.dgsa.cz\/en\/wp-json\/wp\/v2\/pages\/1313"}],"wp:attachment":[{"href":"https:\/\/www.dgsa.cz\/en\/wp-json\/wp\/v2\/media?parent=1404"}],"curies":[{"name":"wp","href":"https:\/\/api.w.org\/{rel}","templated":true}]}}