{"id":1433,"date":"2019-08-17T14:45:02","date_gmt":"2019-08-17T13:45:02","guid":{"rendered":"https:\/\/www.dgsa.cz\/?page_id=1433"},"modified":"2021-08-31T14:44:21","modified_gmt":"2021-08-31T13:44:21","slug":"zdravotni-priprava-pro-posadky-ricnich-plavidel","status":"publish","type":"page","link":"https:\/\/www.dgsa.cz\/en\/skoleni-posadek\/zdravotni-priprava-pro-posadky-ricnich-plavidel\/","title":{"rendered":"Medical training for inland waterway vessel crews"},"content":{"rendered":"<section class=\"wpb-content-wrapper\"><p>[vc_row][vc_column]<section class=\"shortcode-action-box table shortcode-action-bg block-style-widget\"><div class=\"text-big\"><h2>Medical training for inland waterway vessel crews<\/h2>\n<\/div><\/section>[vc_empty_space height=&#8221;20px&#8221;][vc_column_text]<strong>Our company DGSA Bohemia performs the first aid training according to the Decree of the Ministry of Transport of the Czech Republic No. 42\/2015 Coll. on the competence of persons to navigate and operate vessels, in accordance with Council Directive 96\/50 \/ EC on the harmonization of the conditions for obtaining national boat masters&#8217; certificates for the carriage of goods and passengers.<\/strong><\/p>\n<p>The training is focused to providing of first aid for drowning, hypothermia and hypoxia, burns, contact with corrosive and toxic substances and gases, surface injuries, unconsciousness, shock and vital signs failure. The training is supplemented by a practical exercise of using a defibrillator.<\/p>\n<p>The training is valid for 2 years from the date of issue of the certificate, which is in Czech and English language. Certificate issued by our company is accept in all countries of EU.<\/p>\n<p>The training runs through in our training centre in De\u010d\u00edn on Heger, after the agreement is possible organize this course direct on your ship.<\/p>\n<p><span lang=\"EN-US\">In case of interest <\/span><span lang=\"EN-GB\">contact us via email<\/span>: <a href=\"mailto:rescue@dgsa.cz\">rescue@dgsa.cz<\/a> or by phone: <strong>+420 735 856\u00a0424.<\/strong>[\/vc_column_text][vc_empty_space height=&#8221;10px&#8221;][\/vc_column][\/vc_row][vc_row][vc_column width=&#8221;1\/2&#8243;][vc_single_image image=&#8221;1434&#8243; img_size=&#8221;full&#8221; alignment=&#8221;center&#8221; style=&#8221;vc_box_shadow&#8221; onclick=&#8221;link_image&#8221;][\/vc_column][vc_column width=&#8221;1\/2&#8243;][vc_single_image image=&#8221;1435&#8243; img_size=&#8221;full&#8221; alignment=&#8221;center&#8221; style=&#8221;vc_box_shadow&#8221; onclick=&#8221;link_image&#8221;][\/vc_column][\/vc_row]<\/p>\n<\/section>","protected":false},"excerpt":{"rendered":"<p>[vc_row][vc_column][vc_empty_space height=&#8221;20px&#8221;][vc_column_text]Our company DGSA Bohemia performs the first aid training according to the Decree of the Ministry of Transport of the Czech Republic No. 42\/2015 Coll. on the competence of persons to navigate and operate vessels, in accordance with Council Directive 96\/50 \/ EC on the harmonization of the conditions for obtaining national boat masters&#8217;&hellip;<\/p>\n","protected":false},"author":1,"featured_media":0,"parent":1204,"menu_order":0,"comment_status":"closed","ping_status":"closed","template":"","meta":{"footnotes":""},"class_list":["post-1433","page","type-page","status-publish","hentry","description-off"],"yoast_head":"<!-- This site is optimized with the Yoast SEO plugin v26.6 - https:\/\/yoast.com\/wordpress\/plugins\/seo\/ -->\n<title>Medical training for inland waterway vessel crews | DGSA Bohemia<\/title>\n<meta name=\"description\" content=\"Spole\u010dnost DGSA Bohemia, s.r.o. organizuje pro \u010dleny pos\u00e1dek plavidel vnitrozemsk\u00e9 plavby \u0161kolen\u00ed prvn\u00ed pomoci podle vyhl\u00e1\u0161ky Ministerstva dopravy \u010cesk\u00e9\" \/>\n<meta name=\"robots\" content=\"index, follow, max-snippet:-1, max-image-preview:large, max-video-preview:-1\" \/>\n<link rel=\"canonical\" href=\"https:\/\/www.dgsa.cz\/en\/skoleni-posadek\/zdravotni-priprava-pro-posadky-ricnich-plavidel\/\" \/>\n<meta property=\"og:locale\" content=\"en_US\" \/>\n<meta property=\"og:type\" content=\"article\" \/>\n<meta property=\"og:title\" content=\"Medical training for inland waterway vessel crews | DGSA Bohemia\" \/>\n<meta property=\"og:description\" content=\"Spole\u010dnost DGSA Bohemia, s.r.o. organizuje pro \u010dleny pos\u00e1dek plavidel vnitrozemsk\u00e9 plavby \u0161kolen\u00ed prvn\u00ed pomoci podle vyhl\u00e1\u0161ky Ministerstva dopravy \u010cesk\u00e9\" \/>\n<meta property=\"og:url\" content=\"https:\/\/www.dgsa.cz\/skoleni-posadek\/zdravotni-priprava-pro-posadky-ricnich-plavidel\/\" \/>\n<meta property=\"og:site_name\" content=\"DGSA Bohemia\" \/>\n<meta property=\"article:publisher\" content=\"https:\/\/www.facebook.com\/bezpecnostnyporadca\" \/>\n<meta property=\"article:modified_time\" content=\"2021-08-31T13:44:21+00:00\" \/>\n<meta property=\"og:image\" content=\"https:\/\/www.dgsa.cz\/wp-content\/uploads\/2020\/06\/dgsa-bohemia-cz-2020-normal.png\" \/>\n\t<meta property=\"og:image:width\" content=\"394\" \/>\n\t<meta property=\"og:image:height\" content=\"92\" \/>\n\t<meta property=\"og:image:type\" content=\"image\/png\" \/>\n<meta name=\"twitter:label1\" content=\"Est. reading time\" \/>\n\t<meta name=\"twitter:data1\" content=\"3 minutes\" \/>\n<script type=\"application\/ld+json\" class=\"yoast-schema-graph\">{\"@context\":\"https:\/\/schema.org\",\"@graph\":[{\"@type\":\"WebPage\",\"@id\":\"https:\/\/www.dgsa.cz\/skoleni-posadek\/zdravotni-priprava-pro-posadky-ricnich-plavidel\/\",\"url\":\"https:\/\/www.dgsa.cz\/skoleni-posadek\/zdravotni-priprava-pro-posadky-ricnich-plavidel\/\",\"name\":\"Medical training for inland waterway vessel crews | DGSA Bohemia\",\"isPartOf\":{\"@id\":\"https:\/\/www.dgsa.cz\/#website\"},\"datePublished\":\"2019-08-17T13:45:02+00:00\",\"dateModified\":\"2021-08-31T13:44:21+00:00\",\"description\":\"Spole\u010dnost DGSA Bohemia, s.r.o. organizuje pro \u010dleny pos\u00e1dek plavidel vnitrozemsk\u00e9 plavby \u0161kolen\u00ed prvn\u00ed pomoci podle vyhl\u00e1\u0161ky Ministerstva dopravy \u010cesk\u00e9\",\"breadcrumb\":{\"@id\":\"https:\/\/www.dgsa.cz\/skoleni-posadek\/zdravotni-priprava-pro-posadky-ricnich-plavidel\/#breadcrumb\"},\"inLanguage\":\"en-US\",\"potentialAction\":[{\"@type\":\"ReadAction\",\"target\":[\"https:\/\/www.dgsa.cz\/skoleni-posadek\/zdravotni-priprava-pro-posadky-ricnich-plavidel\/\"]}]},{\"@type\":\"BreadcrumbList\",\"@id\":\"https:\/\/www.dgsa.cz\/skoleni-posadek\/zdravotni-priprava-pro-posadky-ricnich-plavidel\/#breadcrumb\",\"itemListElement\":[{\"@type\":\"ListItem\",\"position\":1,\"name\":\"Dom\u016f\",\"item\":\"https:\/\/www.dgsa.cz\/\"},{\"@type\":\"ListItem\",\"position\":2,\"name\":\"\u0160kolen\u00ed pos\u00e1dek\",\"item\":\"https:\/\/www.dgsa.cz\/skoleni-posadek\/\"},{\"@type\":\"ListItem\",\"position\":3,\"name\":\"Zdravotn\u00ed p\u0159\u00edprava pro pos\u00e1dky \u0159\u00ed\u010dn\u00edch plavidel\"}]},{\"@type\":\"WebSite\",\"@id\":\"https:\/\/www.dgsa.cz\/#website\",\"url\":\"https:\/\/www.dgsa.cz\/\",\"name\":\"DGSA Bohemia\",\"description\":\"Bezpe\u010dnostn\u00ed poradce a \u0161kolen\u00ed ADR, RID, ADN\",\"publisher\":{\"@id\":\"https:\/\/www.dgsa.cz\/#organization\"},\"potentialAction\":[{\"@type\":\"SearchAction\",\"target\":{\"@type\":\"EntryPoint\",\"urlTemplate\":\"https:\/\/www.dgsa.cz\/?s={search_term_string}\"},\"query-input\":{\"@type\":\"PropertyValueSpecification\",\"valueRequired\":true,\"valueName\":\"search_term_string\"}}],\"inLanguage\":\"en-US\"},{\"@type\":\"Organization\",\"@id\":\"https:\/\/www.dgsa.cz\/#organization\",\"name\":\"DGSA Bohemia\",\"url\":\"https:\/\/www.dgsa.cz\/\",\"logo\":{\"@type\":\"ImageObject\",\"inLanguage\":\"en-US\",\"@id\":\"https:\/\/www.dgsa.cz\/#\/schema\/logo\/image\/\",\"url\":\"https:\/\/www.dgsa.cz\/wp-content\/uploads\/2020\/06\/dgsa-bohemia-cz-2020-normal.png\",\"contentUrl\":\"https:\/\/www.dgsa.cz\/wp-content\/uploads\/2020\/06\/dgsa-bohemia-cz-2020-normal.png\",\"width\":394,\"height\":92,\"caption\":\"DGSA Bohemia\"},\"image\":{\"@id\":\"https:\/\/www.dgsa.cz\/#\/schema\/logo\/image\/\"},\"sameAs\":[\"https:\/\/www.facebook.com\/bezpecnostnyporadca\"]}]}<\/script>\n<!-- \/ Yoast SEO plugin. -->","yoast_head_json":{"title":"Medical training for inland waterway vessel crews | DGSA Bohemia","description":"Spole\u010dnost DGSA Bohemia, s.r.o. organizuje pro \u010dleny pos\u00e1dek plavidel vnitrozemsk\u00e9 plavby \u0161kolen\u00ed prvn\u00ed pomoci podle vyhl\u00e1\u0161ky Ministerstva dopravy \u010cesk\u00e9","robots":{"index":"index","follow":"follow","max-snippet":"max-snippet:-1","max-image-preview":"max-image-preview:large","max-video-preview":"max-video-preview:-1"},"canonical":"https:\/\/www.dgsa.cz\/en\/skoleni-posadek\/zdravotni-priprava-pro-posadky-ricnich-plavidel\/","og_locale":"en_US","og_type":"article","og_title":"Medical training for inland waterway vessel crews | DGSA Bohemia","og_description":"Spole\u010dnost DGSA Bohemia, s.r.o. organizuje pro \u010dleny pos\u00e1dek plavidel vnitrozemsk\u00e9 plavby \u0161kolen\u00ed prvn\u00ed pomoci podle vyhl\u00e1\u0161ky Ministerstva dopravy \u010cesk\u00e9","og_url":"https:\/\/www.dgsa.cz\/skoleni-posadek\/zdravotni-priprava-pro-posadky-ricnich-plavidel\/","og_site_name":"DGSA Bohemia","article_publisher":"https:\/\/www.facebook.com\/bezpecnostnyporadca","article_modified_time":"2021-08-31T13:44:21+00:00","og_image":[{"width":394,"height":92,"url":"https:\/\/www.dgsa.cz\/wp-content\/uploads\/2020\/06\/dgsa-bohemia-cz-2020-normal.png","type":"image\/png"}],"twitter_misc":{"Est. reading time":"3 minutes"},"schema":{"@context":"https:\/\/schema.org","@graph":[{"@type":"WebPage","@id":"https:\/\/www.dgsa.cz\/skoleni-posadek\/zdravotni-priprava-pro-posadky-ricnich-plavidel\/","url":"https:\/\/www.dgsa.cz\/skoleni-posadek\/zdravotni-priprava-pro-posadky-ricnich-plavidel\/","name":"Medical training for inland waterway vessel crews | DGSA Bohemia","isPartOf":{"@id":"https:\/\/www.dgsa.cz\/#website"},"datePublished":"2019-08-17T13:45:02+00:00","dateModified":"2021-08-31T13:44:21+00:00","description":"Spole\u010dnost DGSA Bohemia, s.r.o. organizuje pro \u010dleny pos\u00e1dek plavidel vnitrozemsk\u00e9 plavby \u0161kolen\u00ed prvn\u00ed pomoci podle vyhl\u00e1\u0161ky Ministerstva dopravy \u010cesk\u00e9","breadcrumb":{"@id":"https:\/\/www.dgsa.cz\/skoleni-posadek\/zdravotni-priprava-pro-posadky-ricnich-plavidel\/#breadcrumb"},"inLanguage":"en-US","potentialAction":[{"@type":"ReadAction","target":["https:\/\/www.dgsa.cz\/skoleni-posadek\/zdravotni-priprava-pro-posadky-ricnich-plavidel\/"]}]},{"@type":"BreadcrumbList","@id":"https:\/\/www.dgsa.cz\/skoleni-posadek\/zdravotni-priprava-pro-posadky-ricnich-plavidel\/#breadcrumb","itemListElement":[{"@type":"ListItem","position":1,"name":"Dom\u016f","item":"https:\/\/www.dgsa.cz\/"},{"@type":"ListItem","position":2,"name":"\u0160kolen\u00ed pos\u00e1dek","item":"https:\/\/www.dgsa.cz\/skoleni-posadek\/"},{"@type":"ListItem","position":3,"name":"Zdravotn\u00ed p\u0159\u00edprava pro pos\u00e1dky \u0159\u00ed\u010dn\u00edch plavidel"}]},{"@type":"WebSite","@id":"https:\/\/www.dgsa.cz\/#website","url":"https:\/\/www.dgsa.cz\/","name":"DGSA Bohemia","description":"Bezpe\u010dnostn\u00ed poradce a \u0161kolen\u00ed ADR, RID, ADN","publisher":{"@id":"https:\/\/www.dgsa.cz\/#organization"},"potentialAction":[{"@type":"SearchAction","target":{"@type":"EntryPoint","urlTemplate":"https:\/\/www.dgsa.cz\/?s={search_term_string}"},"query-input":{"@type":"PropertyValueSpecification","valueRequired":true,"valueName":"search_term_string"}}],"inLanguage":"en-US"},{"@type":"Organization","@id":"https:\/\/www.dgsa.cz\/#organization","name":"DGSA Bohemia","url":"https:\/\/www.dgsa.cz\/","logo":{"@type":"ImageObject","inLanguage":"en-US","@id":"https:\/\/www.dgsa.cz\/#\/schema\/logo\/image\/","url":"https:\/\/www.dgsa.cz\/wp-content\/uploads\/2020\/06\/dgsa-bohemia-cz-2020-normal.png","contentUrl":"https:\/\/www.dgsa.cz\/wp-content\/uploads\/2020\/06\/dgsa-bohemia-cz-2020-normal.png","width":394,"height":92,"caption":"DGSA Bohemia"},"image":{"@id":"https:\/\/www.dgsa.cz\/#\/schema\/logo\/image\/"},"sameAs":["https:\/\/www.facebook.com\/bezpecnostnyporadca"]}]}},"jetpack_sharing_enabled":true,"_links":{"self":[{"href":"https:\/\/www.dgsa.cz\/en\/wp-json\/wp\/v2\/pages\/1433","targetHints":{"allow":["GET"]}}],"collection":[{"href":"https:\/\/www.dgsa.cz\/en\/wp-json\/wp\/v2\/pages"}],"about":[{"href":"https:\/\/www.dgsa.cz\/en\/wp-json\/wp\/v2\/types\/page"}],"author":[{"embeddable":true,"href":"https:\/\/www.dgsa.cz\/en\/wp-json\/wp\/v2\/users\/1"}],"replies":[{"embeddable":true,"href":"https:\/\/www.dgsa.cz\/en\/wp-json\/wp\/v2\/comments?post=1433"}],"version-history":[{"count":0,"href":"https:\/\/www.dgsa.cz\/en\/wp-json\/wp\/v2\/pages\/1433\/revisions"}],"up":[{"embeddable":true,"href":"https:\/\/www.dgsa.cz\/en\/wp-json\/wp\/v2\/pages\/1204"}],"wp:attachment":[{"href":"https:\/\/www.dgsa.cz\/en\/wp-json\/wp\/v2\/media?parent=1433"}],"curies":[{"name":"wp","href":"https:\/\/api.w.org\/{rel}","templated":true}]}}