{"id":1484,"date":"2019-10-30T12:20:43","date_gmt":"2019-10-30T11:20:43","guid":{"rendered":"https:\/\/www.dgsa.cz\/en\/?page_id=1484"},"modified":"2021-08-31T14:47:25","modified_gmt":"2021-08-31T13:47:25","slug":"online-prihlaska-skoleni-prvni-pomoci","status":"publish","type":"page","link":"https:\/\/www.dgsa.cz\/en\/skoleni-posadek\/zdravotni-priprava-pro-posadky-ricnich-plavidel\/online-prihlaska-skoleni-prvni-pomoci\/","title":{"rendered":"Online register First aid course"},"content":{"rendered":"<section class=\"wpb-content-wrapper\"><p>[vc_row][vc_column]<section class=\"shortcode-action-box table shortcode-action-bg block-style-widget\"><div class=\"text-big\"><h2>First aid course \u2013 online register<\/h2>\n<\/div><\/section>[vc_empty_space height=&#8221;15px&#8221;]\n                <div class='gf_browser_gecko gform_wrapper gform_legacy_markup_wrapper gform-theme--no-framework' data-form-theme='legacy' data-form-index='1' id='gform_wrapper_8' ><div id='gf_8' class='gform_anchor' tabindex='-1'><\/div><form method='post' enctype='multipart\/form-data' target='gform_ajax_frame_8' id='gform_8'  action=\"\/en\/wp-json\/wp\/v2\/pages\/1484#gf_8\" data-formid='8' >\n                        <div class='gform-body gform_body'><ul id='gform_fields_8' class='gform_fields top_label form_sublabel_below description_above'><li id=\"field_8_41\"  class=\"gfield gfield--type-text gf_left_third gfield_contains_required field_sublabel_below gfield--no-description field_description_above gfield_visibility_visible\"  data-js-reload=\"field_8_41\"><label class='gfield_label gform-field-label' for='input_8_41' >Jm\u00e9no a p\u0159\u00edjmen\u00ed<span class=\"gfield_required\"><span class=\"gfield_required gfield_required_asterisk\">*<\/span><\/span><\/label><div class='ginput_container ginput_container_text'><input name='input_41' id='input_8_41' type='text' value='' class='medium'     aria-required=\"true\" aria-invalid=\"false\"   \/> <\/div><\/li><li id=\"field_8_11\"  class=\"gfield gfield--type-phone gf_middle_third gfield_contains_required field_sublabel_below gfield--no-description field_description_above gfield_visibility_visible\"  data-js-reload=\"field_8_11\"><label class='gfield_label gform-field-label' for='input_8_11' >Telefon<span class=\"gfield_required\"><span class=\"gfield_required gfield_required_asterisk\">*<\/span><\/span><\/label><div class='ginput_container ginput_container_phone'><input name='input_11' id='input_8_11' type='text' value='' class='medium'   aria-required=\"true\" aria-invalid=\"false\"   \/><\/div><\/li><li id=\"field_8_10\"  class=\"gfield gfield--type-email gf_right_third gfield_contains_required field_sublabel_below gfield--no-description field_description_above gfield_visibility_visible\"  data-js-reload=\"field_8_10\"><label class='gfield_label gform-field-label' for='input_8_10' >e-mail<span class=\"gfield_required\"><span class=\"gfield_required gfield_required_asterisk\">*<\/span><\/span><\/label><div class='ginput_container ginput_container_email'>\n                            <input name='input_10' id='input_8_10' type='text' value='' class='medium'    aria-required=\"true\" aria-invalid=\"false\"  \/>\n                        <\/div><\/li><li id=\"field_8_94\"  class=\"gfield gfield--type-date gfield--input-type-datepicker gfield--datepicker-no-icon gfield--width-full gfield_contains_required field_sublabel_below gfield--no-description field_description_above gfield_visibility_visible\"  data-js-reload=\"field_8_94\"><label class='gfield_label gform-field-label' for='input_8_94' >Datum narozen\u00ed<span class=\"gfield_required\"><span class=\"gfield_required gfield_required_asterisk\">*<\/span><\/span><\/label><div class='ginput_container ginput_container_date'>\n                            <input name='input_94' id='input_8_94' type='text' value='' class='datepicker gform-datepicker dmy datepicker_no_icon gdatepicker-no-icon'   placeholder='dd\/mm\/yyyy' aria-describedby=\"input_8_94_date_format\" aria-invalid=\"false\" aria-required=\"true\"\/>\n                            <span id='input_8_94_date_format' class='screen-reader-text'>DD slash MM slash YYYY<\/span>\n                        <\/div>\n                        <input type='hidden' id='gforms_calendar_icon_input_8_94' class='gform_hidden' value='https:\/\/www.dgsa.cz\/wp-content\/plugins\/gravityforms\/images\/datepicker\/datepicker.svg'\/><\/li><li id=\"field_8_15\"  class=\"gfield gfield--type-select gfield_contains_required field_sublabel_below gfield--no-description field_description_above gfield_visibility_visible\"  data-js-reload=\"field_8_15\"><label class='gfield_label gform-field-label' for='input_8_15' >Term\u00edny \u0161kolen\u00ed Prvn\u00ed pomoci<span class=\"gfield_required\"><span class=\"gfield_required gfield_required_asterisk\">*<\/span><\/span><\/label><div class='ginput_container ginput_container_select'><select name='input_15' id='input_8_15' class='medium gfield_select'    aria-required=\"true\" aria-invalid=\"false\" ><option value='' selected='selected' class='gf_placeholder'>Vyberte term\u00edn<\/option><option value='09.05.2026 D\u011b\u010d\u00edn' >09.05.2026 D\u011b\u010d\u00edn<\/option><option value='13.06.2026 D\u011b\u010d\u00edn' >13.06.2026 D\u011b\u010d\u00edn<\/option><option value='05.09.2026 D\u011b\u010d\u00edn' >05.09.2026 D\u011b\u010d\u00edn<\/option><option value='03.10.2026 D\u011b\u010d\u00edn' >03.10.2026 D\u011b\u010d\u00edn<\/option><option value='07.11.2026 D\u011b\u010d\u00edn' >07.11.2026 D\u011b\u010d\u00edn<\/option><option value='05.12.2026 D\u011b\u010d\u00edn' >05.12.2026 D\u011b\u010d\u00edn<\/option><\/select><\/div><\/li><li id=\"field_8_93\"  class=\"gfield gfield--type-checkbox gfield--type-choice gfield_contains_required field_sublabel_below gfield--has-description field_description_above gfield_visibility_visible\"  data-js-reload=\"field_8_93\"><label class='gfield_label gform-field-label gfield_label_before_complex'  >Ochrana osobn\u00edch \u00fadaj\u016f<span class=\"gfield_required\"><span class=\"gfield_required gfield_required_asterisk\">*<\/span><\/span><\/label><div class='gfield_description' id='gfield_description_8_93'>Byl jsem sezn\u00e1men s <a href=\"\/download\/DGSA-Bohemia-GDPR.pdf\" target=\"_blank\">Ozn\u00e1men\u00edm o zpracov\u00e1n\u00ed osobn\u00edch \u00fadaj\u016f<\/a> - GDPR<\/div><div class='ginput_container ginput_container_checkbox'><ul class='gfield_checkbox' id='input_8_93'><li class='gchoice gchoice_8_93_1'>\n\t\t\t\t\t\t\t\t<input class='gfield-choice-input' name='input_93.1' type='checkbox'  value='Souhlas\u00edm'  id='choice_8_93_1'   aria-describedby=\"gfield_description_8_93\"\/>\n\t\t\t\t\t\t\t\t<label for='choice_8_93_1' id='label_8_93_1' class='gform-field-label gform-field-label--type-inline'>Souhlas\u00edm<\/label>\n\t\t\t\t\t\t\t<\/li><\/ul><\/div><\/li><li id=\"field_8_20\"  class=\"gfield gfield--type-textarea field_sublabel_below gfield--no-description field_description_above gfield_visibility_visible\"  data-js-reload=\"field_8_20\"><label class='gfield_label gform-field-label' for='input_8_20' >Dopl\u0148uj\u00edc\u00ed informace:<\/label><div class='ginput_container ginput_container_textarea'><textarea name='input_20' id='input_8_20' class='textarea small'      aria-invalid=\"false\"   rows='10' cols='50'><\/textarea><\/div><\/li><li id=\"field_8_13\"  class=\"gfield gfield--type-captcha captcha field_sublabel_below gfield--no-description field_description_above gfield_visibility_visible\"  data-js-reload=\"field_8_13\"><label class='gfield_label gform-field-label' for='input_8_13' >CAPTCHA<\/label><div id='input_8_13' class='ginput_container ginput_recaptcha' data-sitekey='6Lf_tnsrAAAAAJIaRsbaNjw6UBT1T6VVesFn-A7f'  data-theme='light' data-tabindex='0'  data-badge=''><\/div><\/li><li id=\"field_8_95\"  class=\"gfield gfield--type-honeypot gform_validation_container field_sublabel_below gfield--has-description field_description_above gfield_visibility_visible\"  data-js-reload=\"field_8_95\"><label class='gfield_label gform-field-label' for='input_8_95' >Name<\/label><div class='gfield_description' id='gfield_description_8_95'>This field is for validation purposes and should be left unchanged.<\/div><div class='ginput_container'><input name='input_95' id='input_8_95' type='text' value='' \/><\/div><\/li><\/ul><\/div>\n        <div class='gform_footer top_label'> <input type='submit' id='gform_submit_button_8' class='gform_button button' value='Odeslat'  onclick='if(window[\"gf_submitting_8\"]){return false;}  window[\"gf_submitting_8\"]=true;  ' onkeypress='if( event.keyCode == 13 ){ if(window[\"gf_submitting_8\"]){return false;} window[\"gf_submitting_8\"]=true;  jQuery(\"#gform_8\").trigger(\"submit\",[true]); }' \/> <input type='hidden' name='gform_ajax' value='form_id=8&amp;title=&amp;description=&amp;tabindex=0' \/>\n            <input type='hidden' class='gform_hidden' name='is_submit_8' value='1' \/>\n            <input type='hidden' class='gform_hidden' name='gform_submit' value='8' \/>\n            \n            <input type='hidden' class='gform_hidden' name='gform_unique_id' value='' \/>\n            <input type='hidden' class='gform_hidden' name='state_8' value='WyJbXSIsImFmM2JjNTNkNGIyZDc2MDY5NTdmODZhNTQxMWIxOTIxIl0=' \/>\n            <input type='hidden' class='gform_hidden' name='gform_target_page_number_8' id='gform_target_page_number_8' value='0' \/>\n            <input type='hidden' class='gform_hidden' name='gform_source_page_number_8' id='gform_source_page_number_8' value='1' \/>\n            <input type='hidden' name='gform_field_values' value='' \/>\n            \n        <\/div>\n                        <\/form>\n                        <\/div>\n\t\t                <iframe style='display:none;width:0px;height:0px;' src='about:blank' name='gform_ajax_frame_8' id='gform_ajax_frame_8' title='This iframe contains the logic required to handle Ajax powered Gravity Forms.'><\/iframe>\n\t\t                <script type=\"text\/javascript\">\n\/* <![CDATA[ *\/\n gform.initializeOnLoaded( function() {gformInitSpinner( 8, 'https:\/\/www.dgsa.cz\/wp-content\/plugins\/gravityforms\/images\/spinner.svg', true );jQuery('#gform_ajax_frame_8').on('load',function(){var contents = jQuery(this).contents().find('*').html();var is_postback = contents.indexOf('GF_AJAX_POSTBACK') >= 0;if(!is_postback){return;}var form_content = jQuery(this).contents().find('#gform_wrapper_8');var is_confirmation = jQuery(this).contents().find('#gform_confirmation_wrapper_8').length > 0;var is_redirect = contents.indexOf('gformRedirect(){') >= 0;var is_form = form_content.length > 0 && ! is_redirect && ! is_confirmation;var mt = parseInt(jQuery('html').css('margin-top'), 10) + parseInt(jQuery('body').css('margin-top'), 10) + 100;if(is_form){jQuery('#gform_wrapper_8').html(form_content.html());if(form_content.hasClass('gform_validation_error')){jQuery('#gform_wrapper_8').addClass('gform_validation_error');} else {jQuery('#gform_wrapper_8').removeClass('gform_validation_error');}setTimeout( function() { \/* delay the scroll by 50 milliseconds to fix a bug in chrome *\/ jQuery(document).scrollTop(jQuery('#gform_wrapper_8').offset().top - mt); }, 50 );if(window['gformInitDatepicker']) {gformInitDatepicker();}if(window['gformInitPriceFields']) {gformInitPriceFields();}var current_page = jQuery('#gform_source_page_number_8').val();gformInitSpinner( 8, 'https:\/\/www.dgsa.cz\/wp-content\/plugins\/gravityforms\/images\/spinner.svg', true );jQuery(document).trigger('gform_page_loaded', [8, current_page]);window['gf_submitting_8'] = false;}else if(!is_redirect){var confirmation_content = jQuery(this).contents().find('.GF_AJAX_POSTBACK').html();if(!confirmation_content){confirmation_content = contents;}setTimeout(function(){jQuery('#gform_wrapper_8').replaceWith(confirmation_content);jQuery(document).scrollTop(jQuery('#gf_8').offset().top - mt);jQuery(document).trigger('gform_confirmation_loaded', [8]);window['gf_submitting_8'] = false;wp.a11y.speak(jQuery('#gform_confirmation_message_8').text());}, 50);}else{jQuery('#gform_8').append(contents);if(window['gformRedirect']) {gformRedirect();}}jQuery(document).trigger('gform_post_render', [8, current_page]);} );} ); \n\/* ]]> *\/\n<\/script>\n[\/vc_column][\/vc_row]<\/p>\n<\/section>","protected":false},"excerpt":{"rendered":"<p>[vc_row][vc_column][vc_empty_space height=&#8221;15px&#8221;][\/vc_column][\/vc_row]<\/p>\n","protected":false},"author":1,"featured_media":0,"parent":1433,"menu_order":0,"comment_status":"closed","ping_status":"closed","template":"","meta":{"footnotes":""},"class_list":["post-1484","page","type-page","status-publish","hentry","description-off"],"yoast_head":"<!-- This site is optimized with the Yoast SEO plugin v26.6 - https:\/\/yoast.com\/wordpress\/plugins\/seo\/ -->\n<title>Online register First aid course | DGSA Bohemia<\/title>\n<meta name=\"robots\" content=\"index, follow, max-snippet:-1, max-image-preview:large, max-video-preview:-1\" \/>\n<link rel=\"canonical\" href=\"https:\/\/www.dgsa.cz\/en\/skoleni-posadek\/zdravotni-priprava-pro-posadky-ricnich-plavidel\/online-prihlaska-skoleni-prvni-pomoci\/\" \/>\n<meta property=\"og:locale\" content=\"en_US\" \/>\n<meta property=\"og:type\" content=\"article\" \/>\n<meta property=\"og:title\" content=\"Online register First aid course | DGSA Bohemia\" \/>\n<meta property=\"og:url\" content=\"https:\/\/www.dgsa.cz\/skoleni-posadek\/zdravotni-priprava-pro-posadky-ricnich-plavidel\/online-prihlaska-skoleni-prvni-pomoci\/\" \/>\n<meta property=\"og:site_name\" content=\"DGSA Bohemia\" \/>\n<meta property=\"article:publisher\" content=\"https:\/\/www.facebook.com\/bezpecnostnyporadca\" \/>\n<meta property=\"article:modified_time\" content=\"2021-08-31T13:47:25+00:00\" \/>\n<meta property=\"og:image\" content=\"https:\/\/www.dgsa.cz\/wp-content\/uploads\/2020\/06\/dgsa-bohemia-cz-2020-normal.png\" \/>\n\t<meta property=\"og:image:width\" content=\"394\" \/>\n\t<meta property=\"og:image:height\" content=\"92\" \/>\n\t<meta property=\"og:image:type\" content=\"image\/png\" \/>\n<script type=\"application\/ld+json\" class=\"yoast-schema-graph\">{\"@context\":\"https:\/\/schema.org\",\"@graph\":[{\"@type\":\"WebPage\",\"@id\":\"https:\/\/www.dgsa.cz\/skoleni-posadek\/zdravotni-priprava-pro-posadky-ricnich-plavidel\/online-prihlaska-skoleni-prvni-pomoci\/\",\"url\":\"https:\/\/www.dgsa.cz\/skoleni-posadek\/zdravotni-priprava-pro-posadky-ricnich-plavidel\/online-prihlaska-skoleni-prvni-pomoci\/\",\"name\":\"Online register First aid course | DGSA Bohemia\",\"isPartOf\":{\"@id\":\"https:\/\/www.dgsa.cz\/#website\"},\"datePublished\":\"2019-10-30T11:20:43+00:00\",\"dateModified\":\"2021-08-31T13:47:25+00:00\",\"breadcrumb\":{\"@id\":\"https:\/\/www.dgsa.cz\/skoleni-posadek\/zdravotni-priprava-pro-posadky-ricnich-plavidel\/online-prihlaska-skoleni-prvni-pomoci\/#breadcrumb\"},\"inLanguage\":\"en-US\",\"potentialAction\":[{\"@type\":\"ReadAction\",\"target\":[\"https:\/\/www.dgsa.cz\/skoleni-posadek\/zdravotni-priprava-pro-posadky-ricnich-plavidel\/online-prihlaska-skoleni-prvni-pomoci\/\"]}]},{\"@type\":\"BreadcrumbList\",\"@id\":\"https:\/\/www.dgsa.cz\/skoleni-posadek\/zdravotni-priprava-pro-posadky-ricnich-plavidel\/online-prihlaska-skoleni-prvni-pomoci\/#breadcrumb\",\"itemListElement\":[{\"@type\":\"ListItem\",\"position\":1,\"name\":\"Dom\u016f\",\"item\":\"https:\/\/www.dgsa.cz\/\"},{\"@type\":\"ListItem\",\"position\":2,\"name\":\"\u0160kolen\u00ed pos\u00e1dek\",\"item\":\"https:\/\/www.dgsa.cz\/skoleni-posadek\/\"},{\"@type\":\"ListItem\",\"position\":3,\"name\":\"Zdravotn\u00ed p\u0159\u00edprava pro pos\u00e1dky \u0159\u00ed\u010dn\u00edch plavidel\",\"item\":\"https:\/\/www.dgsa.cz\/skoleni-posadek\/zdravotni-priprava-pro-posadky-ricnich-plavidel\/\"},{\"@type\":\"ListItem\",\"position\":4,\"name\":\"Online p\u0159ihl\u00e1\u0161ka \u0161kolen\u00ed Prvn\u00ed pomoci\"}]},{\"@type\":\"WebSite\",\"@id\":\"https:\/\/www.dgsa.cz\/#website\",\"url\":\"https:\/\/www.dgsa.cz\/\",\"name\":\"DGSA Bohemia\",\"description\":\"Bezpe\u010dnostn\u00ed poradce a \u0161kolen\u00ed ADR, RID, ADN\",\"publisher\":{\"@id\":\"https:\/\/www.dgsa.cz\/#organization\"},\"potentialAction\":[{\"@type\":\"SearchAction\",\"target\":{\"@type\":\"EntryPoint\",\"urlTemplate\":\"https:\/\/www.dgsa.cz\/?s={search_term_string}\"},\"query-input\":{\"@type\":\"PropertyValueSpecification\",\"valueRequired\":true,\"valueName\":\"search_term_string\"}}],\"inLanguage\":\"en-US\"},{\"@type\":\"Organization\",\"@id\":\"https:\/\/www.dgsa.cz\/#organization\",\"name\":\"DGSA Bohemia\",\"url\":\"https:\/\/www.dgsa.cz\/\",\"logo\":{\"@type\":\"ImageObject\",\"inLanguage\":\"en-US\",\"@id\":\"https:\/\/www.dgsa.cz\/#\/schema\/logo\/image\/\",\"url\":\"https:\/\/www.dgsa.cz\/wp-content\/uploads\/2020\/06\/dgsa-bohemia-cz-2020-normal.png\",\"contentUrl\":\"https:\/\/www.dgsa.cz\/wp-content\/uploads\/2020\/06\/dgsa-bohemia-cz-2020-normal.png\",\"width\":394,\"height\":92,\"caption\":\"DGSA Bohemia\"},\"image\":{\"@id\":\"https:\/\/www.dgsa.cz\/#\/schema\/logo\/image\/\"},\"sameAs\":[\"https:\/\/www.facebook.com\/bezpecnostnyporadca\"]}]}<\/script>\n<!-- \/ Yoast SEO plugin. -->","yoast_head_json":{"title":"Online register First aid course | DGSA Bohemia","robots":{"index":"index","follow":"follow","max-snippet":"max-snippet:-1","max-image-preview":"max-image-preview:large","max-video-preview":"max-video-preview:-1"},"canonical":"https:\/\/www.dgsa.cz\/en\/skoleni-posadek\/zdravotni-priprava-pro-posadky-ricnich-plavidel\/online-prihlaska-skoleni-prvni-pomoci\/","og_locale":"en_US","og_type":"article","og_title":"Online register First aid course | DGSA Bohemia","og_url":"https:\/\/www.dgsa.cz\/skoleni-posadek\/zdravotni-priprava-pro-posadky-ricnich-plavidel\/online-prihlaska-skoleni-prvni-pomoci\/","og_site_name":"DGSA Bohemia","article_publisher":"https:\/\/www.facebook.com\/bezpecnostnyporadca","article_modified_time":"2021-08-31T13:47:25+00:00","og_image":[{"width":394,"height":92,"url":"https:\/\/www.dgsa.cz\/wp-content\/uploads\/2020\/06\/dgsa-bohemia-cz-2020-normal.png","type":"image\/png"}],"schema":{"@context":"https:\/\/schema.org","@graph":[{"@type":"WebPage","@id":"https:\/\/www.dgsa.cz\/skoleni-posadek\/zdravotni-priprava-pro-posadky-ricnich-plavidel\/online-prihlaska-skoleni-prvni-pomoci\/","url":"https:\/\/www.dgsa.cz\/skoleni-posadek\/zdravotni-priprava-pro-posadky-ricnich-plavidel\/online-prihlaska-skoleni-prvni-pomoci\/","name":"Online register First aid course | DGSA Bohemia","isPartOf":{"@id":"https:\/\/www.dgsa.cz\/#website"},"datePublished":"2019-10-30T11:20:43+00:00","dateModified":"2021-08-31T13:47:25+00:00","breadcrumb":{"@id":"https:\/\/www.dgsa.cz\/skoleni-posadek\/zdravotni-priprava-pro-posadky-ricnich-plavidel\/online-prihlaska-skoleni-prvni-pomoci\/#breadcrumb"},"inLanguage":"en-US","potentialAction":[{"@type":"ReadAction","target":["https:\/\/www.dgsa.cz\/skoleni-posadek\/zdravotni-priprava-pro-posadky-ricnich-plavidel\/online-prihlaska-skoleni-prvni-pomoci\/"]}]},{"@type":"BreadcrumbList","@id":"https:\/\/www.dgsa.cz\/skoleni-posadek\/zdravotni-priprava-pro-posadky-ricnich-plavidel\/online-prihlaska-skoleni-prvni-pomoci\/#breadcrumb","itemListElement":[{"@type":"ListItem","position":1,"name":"Dom\u016f","item":"https:\/\/www.dgsa.cz\/"},{"@type":"ListItem","position":2,"name":"\u0160kolen\u00ed pos\u00e1dek","item":"https:\/\/www.dgsa.cz\/skoleni-posadek\/"},{"@type":"ListItem","position":3,"name":"Zdravotn\u00ed p\u0159\u00edprava pro pos\u00e1dky \u0159\u00ed\u010dn\u00edch plavidel","item":"https:\/\/www.dgsa.cz\/skoleni-posadek\/zdravotni-priprava-pro-posadky-ricnich-plavidel\/"},{"@type":"ListItem","position":4,"name":"Online p\u0159ihl\u00e1\u0161ka \u0161kolen\u00ed Prvn\u00ed pomoci"}]},{"@type":"WebSite","@id":"https:\/\/www.dgsa.cz\/#website","url":"https:\/\/www.dgsa.cz\/","name":"DGSA Bohemia","description":"Bezpe\u010dnostn\u00ed poradce a \u0161kolen\u00ed ADR, RID, ADN","publisher":{"@id":"https:\/\/www.dgsa.cz\/#organization"},"potentialAction":[{"@type":"SearchAction","target":{"@type":"EntryPoint","urlTemplate":"https:\/\/www.dgsa.cz\/?s={search_term_string}"},"query-input":{"@type":"PropertyValueSpecification","valueRequired":true,"valueName":"search_term_string"}}],"inLanguage":"en-US"},{"@type":"Organization","@id":"https:\/\/www.dgsa.cz\/#organization","name":"DGSA Bohemia","url":"https:\/\/www.dgsa.cz\/","logo":{"@type":"ImageObject","inLanguage":"en-US","@id":"https:\/\/www.dgsa.cz\/#\/schema\/logo\/image\/","url":"https:\/\/www.dgsa.cz\/wp-content\/uploads\/2020\/06\/dgsa-bohemia-cz-2020-normal.png","contentUrl":"https:\/\/www.dgsa.cz\/wp-content\/uploads\/2020\/06\/dgsa-bohemia-cz-2020-normal.png","width":394,"height":92,"caption":"DGSA Bohemia"},"image":{"@id":"https:\/\/www.dgsa.cz\/#\/schema\/logo\/image\/"},"sameAs":["https:\/\/www.facebook.com\/bezpecnostnyporadca"]}]}},"jetpack_sharing_enabled":true,"_links":{"self":[{"href":"https:\/\/www.dgsa.cz\/en\/wp-json\/wp\/v2\/pages\/1484","targetHints":{"allow":["GET"]}}],"collection":[{"href":"https:\/\/www.dgsa.cz\/en\/wp-json\/wp\/v2\/pages"}],"about":[{"href":"https:\/\/www.dgsa.cz\/en\/wp-json\/wp\/v2\/types\/page"}],"author":[{"embeddable":true,"href":"https:\/\/www.dgsa.cz\/en\/wp-json\/wp\/v2\/users\/1"}],"replies":[{"embeddable":true,"href":"https:\/\/www.dgsa.cz\/en\/wp-json\/wp\/v2\/comments?post=1484"}],"version-history":[{"count":0,"href":"https:\/\/www.dgsa.cz\/en\/wp-json\/wp\/v2\/pages\/1484\/revisions"}],"up":[{"embeddable":true,"href":"https:\/\/www.dgsa.cz\/en\/wp-json\/wp\/v2\/pages\/1433"}],"wp:attachment":[{"href":"https:\/\/www.dgsa.cz\/en\/wp-json\/wp\/v2\/media?parent=1484"}],"curies":[{"name":"wp","href":"https:\/\/api.w.org\/{rel}","templated":true}]}}