{"id":1596,"date":"2019-11-11T09:56:01","date_gmt":"2019-11-11T08:56:01","guid":{"rendered":"https:\/\/www.dgsa.cz\/?page_id=1596"},"modified":"2026-04-20T10:10:06","modified_gmt":"2026-04-20T09:10:06","slug":"terminy-skoleni-adn-2020","status":"publish","type":"page","link":"https:\/\/www.dgsa.cz\/en\/terminy-skoleni-adn-2020\/","title":{"rendered":"Dates of ADN training courses 2026"},"content":{"rendered":"<section class=\"wpb-content-wrapper\"><p>[vc_row][vc_column width=&#8221;3\/4&#8243;]<section class=\"shortcode-action-box table shortcode-action-bg block-style-widget\"><div class=\"text-big\"><h2>Term\u00edny \u0161kolen\u00ed ADN<\/h2>\n<p>M\u00edslo \u0161kolen\u00ed: <strong>u\u010debna DGSA &#8211;\u00a0D\u011b\u010d\u00edn<\/strong><br \/>\n(budova \u010cesk\u00fdch p\u0159\u00edstav\u016f, a.s., Labsk\u00e1 17\/137 D\u011b\u010d\u00edn 1, vstup ze zadu &#8211; z dvora, 1. patro)<\/p>\n<p>Pro dal\u0161\u00ed informace n\u00e1s pros\u00edm nev\u00e1hajte kontaktovat.<\/p>\n<\/div><\/section>[vc_empty_space height=&#8221;25px&#8221;][\/vc_column][vc_column width=&#8221;1\/4&#8243;]<style type=\"text\/css\" data-type=\"the7_shortcodes-inline-css\">#default-btn-bb1088d1addece62b3afcbcab32a6d31.ico-right-side > i {\n  margin-right: 0px;\n  margin-left: 8px;\n}\n#default-btn-bb1088d1addece62b3afcbcab32a6d31 > i {\n  margin-right: 8px;\n}\n<\/style><div class=\"btn-align-right\"><a href=\"https:\/\/www.dgsa.cz\/download\/ADN-CZ-2024.pdf\" class=\"default-btn-shortcode dt-btn dt-btn-l link-hover-off \" target=\"_blank\" id=\"default-btn-bb1088d1addece62b3afcbcab32a6d31\" title=\"Term\u00edny \u0161kolen\u00ed ADN 2020\" rel=\"noopener\"><span>St\u00e1hnout PDF<\/span><\/a><\/div>[\/vc_column][\/vc_row][vc_row][vc_column][vc_empty_space height=&#8221;25px&#8221;]<div class=\"dt-fancy-separator h3-size accent-title-color\" style=\"width: 100%;\"><div class=\"dt-fancy-title\"><span class=\"separator-holder separator-left\"><\/span>Term\u00edny \u0161kolen\u00ed na rok 2026<span class=\"separator-holder separator-right\"><\/span><\/div><\/div>[vc_empty_space height=&#8221;25px&#8221;]<div class=\"standard-arrow list-divider bullet-top\"><h3>Term\u00edn \u0161kolen\u00ed: 08.03. \u2013 12.03.2026<\/h3>\n<ul>\n<li>08.03. \u2013 12.03. 2026 z\u00e1kladn\u00ed \u0161kolen\u00ed<\/li>\n<li>09.03. \u2013 10.03. 2026 obnovovac\u00ed \u0161kolen\u00ed<\/li>\n<li>11.03. &#8211; 12.03. 2026 specializovan\u00e9 \u0161kolen\u00ed Tank C a G<\/li>\n<\/ul>\n<p>Z\u00e1v\u011bre\u010dn\u00e1 zkou\u0161ka na SPS, pobo\u010dka D\u011b\u010d\u00edn 13.03.2026<\/p>\n<h3>Uz\u00e1v\u011brka p\u0159ihl\u00e1\u0161ek na z\u00e1kladn\u00ed i obnovovac\u00ed \u0161kolen\u00ed je 20.02.2026<\/h3>\n<\/div>[vc_empty_space height=&#8221;25px&#8221;]<div class=\"standard-arrow list-divider bullet-top\"><h3>Term\u00edn \u0161kolen\u00ed: 12.04. \u2013 16.04.2026<\/h3>\n<ul>\n<li>12.04. \u2013 16.04. 2026 z\u00e1kladn\u00ed \u0161kolen\u00ed<\/li>\n<li>13.04. \u2013 14.04. 2026 obnovovac\u00ed \u0161kolen\u00ed<\/li>\n<\/ul>\n<p>Z\u00e1v\u011bre\u010dn\u00e1 zkou\u0161ka na SPS, pobo\u010dka D\u011b\u010d\u00edn 17.04.2026<\/p>\n<h3>Uz\u00e1v\u011brka p\u0159ihl\u00e1\u0161ek na z\u00e1kladn\u00ed i obnovovac\u00ed \u0161kolen\u00ed je 27.03.2026<\/h3>\n<\/div>[vc_empty_space height=&#8221;25px&#8221;]<div class=\"standard-arrow list-divider bullet-top\"><h3>Term\u00edn \u0161kolen\u00ed: 10.05. \u2013 14.05.2026<\/h3>\n<ul>\n<li>10.05. \u2013 14.05. 2026 z\u00e1kladn\u00ed \u0161kolen\u00ed<\/li>\n<li>11.05. \u2013 12.05. 2026 obnovovac\u00ed \u0161kolen\u00ed<\/li>\n<\/ul>\n<p>Z\u00e1v\u011bre\u010dn\u00e1 zkou\u0161ka na SPS, pobo\u010dka D\u011b\u010d\u00edn 15.05.2026<\/p>\n<h3>Uz\u00e1v\u011brka p\u0159ihl\u00e1\u0161ek na z\u00e1kladn\u00ed i obnovovac\u00ed \u0161kolen\u00ed je 24.04.2026<\/h3>\n<\/div>[vc_empty_space height=&#8221;25px&#8221;]<div class=\"standard-arrow list-divider bullet-top\"><h3>Term\u00edn \u0161kolen\u00ed: 14.06. \u2013 18.06.2026<\/h3>\n<ul>\n<li>14.06. \u2013 18.06. 2026 z\u00e1kladn\u00ed \u0161kolen\u00ed<\/li>\n<li>15.06. \u2013 16.06. 2026 obnovovac\u00ed \u0161kolen\u00ed<\/li>\n<li>17.06. &#8211; 18.06. 2026 specializovan\u00e9 \u0161kolen\u00ed Tank C a G<\/li>\n<\/ul>\n<p>Z\u00e1v\u011bre\u010dn\u00e1 zkou\u0161ka na SPS, pobo\u010dka D\u011b\u010d\u00edn 19.06.2026<\/p>\n<h3>Uz\u00e1v\u011brka p\u0159ihl\u00e1\u0161ek na z\u00e1kladn\u00ed i obnovovac\u00ed \u0161kolen\u00ed je 29.05.2026<\/h3>\n<\/div>[vc_empty_space height=&#8221;25px&#8221;]<div class=\"standard-arrow list-divider bullet-top\"><h3>Term\u00edn \u0161kolen\u00ed: 13.07. \u2013 14.07.2026<\/h3>\n<ul>\n<li>13.07. \u2013 14.07. 2026 obnovovac\u00ed \u0161kolen\u00ed<\/li>\n<\/ul>\n<h3>V\u00a0tomto term\u00ednu se konaj\u00ed pouze obnovovac\u00ed kurzy !<\/h3>\n<\/div>[vc_empty_space height=&#8221;25px&#8221;]<div class=\"standard-arrow list-divider bullet-top\"><h3>Term\u00edn \u0161kolen\u00ed: 10.08. \u2013 11.08.2026<\/h3>\n<ul>\n<li>10.08. \u2013 11.08. 2026 obnovovac\u00ed \u0161kolen\u00ed<\/li>\n<\/ul>\n<h3>V\u00a0tomto term\u00ednu se konaj\u00ed pouze obnovovac\u00ed kurzy !<\/h3>\n<\/div>[vc_empty_space height=&#8221;25px&#8221;]<div class=\"standard-arrow list-divider bullet-top\"><h3>Term\u00edn \u0161kolen\u00ed: 06.09. \u2013 10.09.2026<\/h3>\n<ul>\n<li>06.09. \u2013 10.09. 2026 z\u00e1kladn\u00ed \u0161kolen\u00ed<\/li>\n<li>07.09. \u2013 08.09. 2026 obnovovac\u00ed \u0161kolen\u00ed<\/li>\n<li>09.09. &#8211; 10.09. 2026 specializovan\u00e9 \u0161kolen\u00ed Tank C a G<\/li>\n<\/ul>\n<p>Z\u00e1v\u011bre\u010dn\u00e1 zkou\u0161ka na SPS, pobo\u010dka D\u011b\u010d\u00edn 11.09.2026<\/p>\n<h3>Uz\u00e1v\u011brka p\u0159ihl\u00e1\u0161ek na z\u00e1kladn\u00ed i obnovovac\u00ed \u0161kolen\u00ed je 21.08.2026<\/h3>\n<\/div>[vc_empty_space height=&#8221;25px&#8221;]<div class=\"standard-arrow list-divider bullet-top\"><h3>Term\u00edn \u0161kolen\u00ed: 04.10. \u2013 08.10.2026<\/h3>\n<ul>\n<li>04.10. \u2013 08.10. 2026 z\u00e1kladn\u00ed \u0161kolen\u00ed<\/li>\n<li>05.10. \u2013 06.10. 2026 obnovovac\u00ed \u0161kolen\u00ed<\/li>\n<\/ul>\n<p>Z\u00e1v\u011bre\u010dn\u00e1 zkou\u0161ka na SPS, pobo\u010dka D\u011b\u010d\u00edn 09.10.2026<\/p>\n<h3>Uz\u00e1v\u011brka p\u0159ihl\u00e1\u0161ek na z\u00e1kladn\u00ed i obnovovac\u00ed \u0161kolen\u00ed je 18.09.2026<\/h3>\n<\/div>[vc_empty_space height=&#8221;25px&#8221;]<div class=\"standard-arrow list-divider bullet-top\"><h3>Term\u00edn \u0161kolen\u00ed: 08.11. \u2013 12.11.2026<\/h3>\n<ul>\n<li>08.11. \u2013 12.11. 2026 z\u00e1kladn\u00ed \u0161kolen\u00ed<\/li>\n<li>09.11. \u2013 10.11. 2026 obnovovac\u00ed \u0161kolen\u00ed<\/li>\n<li>11.11. &#8211; 12.11. 2026 specializovan\u00e9 \u0161kolen\u00ed Tank C a G<\/li>\n<\/ul>\n<p>Z\u00e1v\u011bre\u010dn\u00e1 zkou\u0161ka na SPS, pobo\u010dka D\u011b\u010d\u00edn 13.11.2026<\/p>\n<h3>Uz\u00e1v\u011brka p\u0159ihl\u00e1\u0161ek na z\u00e1kladn\u00ed i obnovovac\u00ed \u0161kolen\u00ed je 16.10.2026<\/h3>\n<\/div>[vc_empty_space height=&#8221;25px&#8221;]<div class=\"standard-arrow list-divider bullet-top\"><h3>Term\u00edn \u0161kolen\u00ed: 06.12. \u2013 10.12.2026<\/h3>\n<ul>\n<li>06.12. \u2013 10.12. 2026 z\u00e1kladn\u00ed \u0161kolen\u00ed<\/li>\n<li>07.12. \u2013 08.12. 2026 obnovovac\u00ed \u0161kolen\u00ed<\/li>\n<\/ul>\n<p>Z\u00e1v\u011bre\u010dn\u00e1 zkou\u0161ka na SPS, pobo\u010dka D\u011b\u010d\u00edn 11.12.2026<\/p>\n<h3>Uz\u00e1v\u011brka p\u0159ihl\u00e1\u0161ek na z\u00e1kladn\u00ed i obnovovac\u00ed \u0161kolen\u00ed je 13.11.2026<\/h3>\n<\/div>[vc_empty_space height=&#8221;25px&#8221;][\/vc_column][\/vc_row][vc_row][vc_column][vc_empty_space height=&#8221;25px&#8221;]<section class=\"shortcode-action-box box-style-table shortcode-action-bg block-style-widget\"><div class=\"text-big\"><h3 style=\"text-align: center;\">P\u0159ihl\u00e1\u0161ka na \u0161kolen\u00ed lodn\u00edk\u016f na plavidle ADN<\/h3>\n<style type=\"text\/css\" data-type=\"the7_shortcodes-inline-css\">#default-btn-95660fe3d3d79e2794ced2ba32e32a72.ico-right-side > i {\n  margin-right: 0px;\n  margin-left: 8px;\n}\n#default-btn-95660fe3d3d79e2794ced2ba32e32a72 > i {\n  margin-right: 8px;\n}\n<\/style><div class=\"btn-align-center\"><a href=\"\/online-prihlaska\/\" class=\"default-btn-shortcode dt-btn dt-btn-m fadeIn animate-element animation-builder link-hover-off \" id=\"default-btn-95660fe3d3d79e2794ced2ba32e32a72\"><i class=\"fa fa-chevron-circle-right\"><\/i><span>ONLINE P\u0158IHL\u00c1\u0160KA<\/span><\/a><\/div>\n<\/div><\/section>[\/vc_column][\/vc_row]<\/p>\n<\/section>","protected":false},"excerpt":{"rendered":"<p>[vc_row][vc_column width=&#8221;3\/4&#8243;][vc_empty_space height=&#8221;25px&#8221;][\/vc_column][vc_column width=&#8221;1\/4&#8243;][\/vc_column][\/vc_row][vc_row][vc_column][vc_empty_space height=&#8221;25px&#8221;][vc_empty_space height=&#8221;25px&#8221;][vc_empty_space height=&#8221;25px&#8221;][vc_empty_space height=&#8221;25px&#8221;][vc_empty_space height=&#8221;25px&#8221;][vc_empty_space height=&#8221;25px&#8221;][vc_empty_space height=&#8221;25px&#8221;][vc_empty_space height=&#8221;25px&#8221;][vc_empty_space height=&#8221;25px&#8221;][vc_empty_space height=&#8221;25px&#8221;][vc_empty_space height=&#8221;25px&#8221;][vc_empty_space height=&#8221;25px&#8221;][\/vc_column][\/vc_row][vc_row][vc_column][vc_empty_space height=&#8221;25px&#8221;][\/vc_column][\/vc_row]<\/p>\n","protected":false},"author":1,"featured_media":0,"parent":0,"menu_order":0,"comment_status":"closed","ping_status":"open","template":"","meta":{"footnotes":""},"class_list":["post-1596","page","type-page","status-publish","hentry","description-off"],"yoast_head":"<!-- This site is optimized with the Yoast SEO plugin v26.6 - https:\/\/yoast.com\/wordpress\/plugins\/seo\/ -->\n<title>Dates of ADN training courses 2026 | DGSA Bohemia<\/title>\n<meta name=\"robots\" content=\"index, follow, max-snippet:-1, max-image-preview:large, max-video-preview:-1\" \/>\n<link rel=\"canonical\" href=\"https:\/\/www.dgsa.cz\/en\/terminy-skoleni-adn-2020\/\" \/>\n<meta property=\"og:locale\" content=\"en_US\" \/>\n<meta property=\"og:type\" content=\"article\" \/>\n<meta property=\"og:title\" content=\"Dates of ADN training courses 2026 | DGSA Bohemia\" \/>\n<meta property=\"og:url\" content=\"https:\/\/www.dgsa.cz\/terminy-skoleni-adn-2020\/\" \/>\n<meta property=\"og:site_name\" content=\"DGSA Bohemia\" \/>\n<meta property=\"article:publisher\" content=\"https:\/\/www.facebook.com\/bezpecnostnyporadca\" \/>\n<meta property=\"article:modified_time\" content=\"2026-04-20T09:10:06+00:00\" \/>\n<meta property=\"og:image\" content=\"https:\/\/www.dgsa.cz\/wp-content\/uploads\/2020\/06\/dgsa-bohemia-cz-2020-normal.png\" \/>\n\t<meta property=\"og:image:width\" content=\"394\" \/>\n\t<meta property=\"og:image:height\" content=\"92\" \/>\n\t<meta property=\"og:image:type\" content=\"image\/png\" \/>\n<meta name=\"twitter:label1\" content=\"Est. reading time\" \/>\n\t<meta name=\"twitter:data1\" content=\"2 minutes\" \/>\n<script type=\"application\/ld+json\" class=\"yoast-schema-graph\">{\"@context\":\"https:\/\/schema.org\",\"@graph\":[{\"@type\":\"WebPage\",\"@id\":\"https:\/\/www.dgsa.cz\/terminy-skoleni-adn-2020\/\",\"url\":\"https:\/\/www.dgsa.cz\/terminy-skoleni-adn-2020\/\",\"name\":\"Dates of ADN training courses 2026 | DGSA Bohemia\",\"isPartOf\":{\"@id\":\"https:\/\/www.dgsa.cz\/#website\"},\"datePublished\":\"2019-11-11T08:56:01+00:00\",\"dateModified\":\"2026-04-20T09:10:06+00:00\",\"breadcrumb\":{\"@id\":\"https:\/\/www.dgsa.cz\/terminy-skoleni-adn-2020\/#breadcrumb\"},\"inLanguage\":\"en-US\",\"potentialAction\":[{\"@type\":\"ReadAction\",\"target\":[\"https:\/\/www.dgsa.cz\/terminy-skoleni-adn-2020\/\"]}]},{\"@type\":\"BreadcrumbList\",\"@id\":\"https:\/\/www.dgsa.cz\/terminy-skoleni-adn-2020\/#breadcrumb\",\"itemListElement\":[{\"@type\":\"ListItem\",\"position\":1,\"name\":\"Dom\u016f\",\"item\":\"https:\/\/www.dgsa.cz\/\"},{\"@type\":\"ListItem\",\"position\":2,\"name\":\"Term\u00edny \u0161kolen\u00ed ADN\"}]},{\"@type\":\"WebSite\",\"@id\":\"https:\/\/www.dgsa.cz\/#website\",\"url\":\"https:\/\/www.dgsa.cz\/\",\"name\":\"DGSA Bohemia\",\"description\":\"Bezpe\u010dnostn\u00ed poradce a \u0161kolen\u00ed ADR, RID, ADN\",\"publisher\":{\"@id\":\"https:\/\/www.dgsa.cz\/#organization\"},\"potentialAction\":[{\"@type\":\"SearchAction\",\"target\":{\"@type\":\"EntryPoint\",\"urlTemplate\":\"https:\/\/www.dgsa.cz\/?s={search_term_string}\"},\"query-input\":{\"@type\":\"PropertyValueSpecification\",\"valueRequired\":true,\"valueName\":\"search_term_string\"}}],\"inLanguage\":\"en-US\"},{\"@type\":\"Organization\",\"@id\":\"https:\/\/www.dgsa.cz\/#organization\",\"name\":\"DGSA Bohemia\",\"url\":\"https:\/\/www.dgsa.cz\/\",\"logo\":{\"@type\":\"ImageObject\",\"inLanguage\":\"en-US\",\"@id\":\"https:\/\/www.dgsa.cz\/#\/schema\/logo\/image\/\",\"url\":\"https:\/\/www.dgsa.cz\/wp-content\/uploads\/2020\/06\/dgsa-bohemia-cz-2020-normal.png\",\"contentUrl\":\"https:\/\/www.dgsa.cz\/wp-content\/uploads\/2020\/06\/dgsa-bohemia-cz-2020-normal.png\",\"width\":394,\"height\":92,\"caption\":\"DGSA Bohemia\"},\"image\":{\"@id\":\"https:\/\/www.dgsa.cz\/#\/schema\/logo\/image\/\"},\"sameAs\":[\"https:\/\/www.facebook.com\/bezpecnostnyporadca\"]}]}<\/script>\n<!-- \/ Yoast SEO plugin. -->","yoast_head_json":{"title":"Dates of ADN training courses 2026 | DGSA Bohemia","robots":{"index":"index","follow":"follow","max-snippet":"max-snippet:-1","max-image-preview":"max-image-preview:large","max-video-preview":"max-video-preview:-1"},"canonical":"https:\/\/www.dgsa.cz\/en\/terminy-skoleni-adn-2020\/","og_locale":"en_US","og_type":"article","og_title":"Dates of ADN training courses 2026 | DGSA Bohemia","og_url":"https:\/\/www.dgsa.cz\/terminy-skoleni-adn-2020\/","og_site_name":"DGSA Bohemia","article_publisher":"https:\/\/www.facebook.com\/bezpecnostnyporadca","article_modified_time":"2026-04-20T09:10:06+00:00","og_image":[{"width":394,"height":92,"url":"https:\/\/www.dgsa.cz\/wp-content\/uploads\/2020\/06\/dgsa-bohemia-cz-2020-normal.png","type":"image\/png"}],"twitter_misc":{"Est. reading time":"2 minutes"},"schema":{"@context":"https:\/\/schema.org","@graph":[{"@type":"WebPage","@id":"https:\/\/www.dgsa.cz\/terminy-skoleni-adn-2020\/","url":"https:\/\/www.dgsa.cz\/terminy-skoleni-adn-2020\/","name":"Dates of ADN training courses 2026 | DGSA Bohemia","isPartOf":{"@id":"https:\/\/www.dgsa.cz\/#website"},"datePublished":"2019-11-11T08:56:01+00:00","dateModified":"2026-04-20T09:10:06+00:00","breadcrumb":{"@id":"https:\/\/www.dgsa.cz\/terminy-skoleni-adn-2020\/#breadcrumb"},"inLanguage":"en-US","potentialAction":[{"@type":"ReadAction","target":["https:\/\/www.dgsa.cz\/terminy-skoleni-adn-2020\/"]}]},{"@type":"BreadcrumbList","@id":"https:\/\/www.dgsa.cz\/terminy-skoleni-adn-2020\/#breadcrumb","itemListElement":[{"@type":"ListItem","position":1,"name":"Dom\u016f","item":"https:\/\/www.dgsa.cz\/"},{"@type":"ListItem","position":2,"name":"Term\u00edny \u0161kolen\u00ed ADN"}]},{"@type":"WebSite","@id":"https:\/\/www.dgsa.cz\/#website","url":"https:\/\/www.dgsa.cz\/","name":"DGSA Bohemia","description":"Bezpe\u010dnostn\u00ed poradce a \u0161kolen\u00ed ADR, RID, ADN","publisher":{"@id":"https:\/\/www.dgsa.cz\/#organization"},"potentialAction":[{"@type":"SearchAction","target":{"@type":"EntryPoint","urlTemplate":"https:\/\/www.dgsa.cz\/?s={search_term_string}"},"query-input":{"@type":"PropertyValueSpecification","valueRequired":true,"valueName":"search_term_string"}}],"inLanguage":"en-US"},{"@type":"Organization","@id":"https:\/\/www.dgsa.cz\/#organization","name":"DGSA Bohemia","url":"https:\/\/www.dgsa.cz\/","logo":{"@type":"ImageObject","inLanguage":"en-US","@id":"https:\/\/www.dgsa.cz\/#\/schema\/logo\/image\/","url":"https:\/\/www.dgsa.cz\/wp-content\/uploads\/2020\/06\/dgsa-bohemia-cz-2020-normal.png","contentUrl":"https:\/\/www.dgsa.cz\/wp-content\/uploads\/2020\/06\/dgsa-bohemia-cz-2020-normal.png","width":394,"height":92,"caption":"DGSA Bohemia"},"image":{"@id":"https:\/\/www.dgsa.cz\/#\/schema\/logo\/image\/"},"sameAs":["https:\/\/www.facebook.com\/bezpecnostnyporadca"]}]}},"jetpack_sharing_enabled":true,"_links":{"self":[{"href":"https:\/\/www.dgsa.cz\/en\/wp-json\/wp\/v2\/pages\/1596","targetHints":{"allow":["GET"]}}],"collection":[{"href":"https:\/\/www.dgsa.cz\/en\/wp-json\/wp\/v2\/pages"}],"about":[{"href":"https:\/\/www.dgsa.cz\/en\/wp-json\/wp\/v2\/types\/page"}],"author":[{"embeddable":true,"href":"https:\/\/www.dgsa.cz\/en\/wp-json\/wp\/v2\/users\/1"}],"replies":[{"embeddable":true,"href":"https:\/\/www.dgsa.cz\/en\/wp-json\/wp\/v2\/comments?post=1596"}],"version-history":[{"count":72,"href":"https:\/\/www.dgsa.cz\/en\/wp-json\/wp\/v2\/pages\/1596\/revisions"}],"predecessor-version":[{"id":3424,"href":"https:\/\/www.dgsa.cz\/en\/wp-json\/wp\/v2\/pages\/1596\/revisions\/3424"}],"wp:attachment":[{"href":"https:\/\/www.dgsa.cz\/en\/wp-json\/wp\/v2\/media?parent=1596"}],"curies":[{"name":"wp","href":"https:\/\/api.w.org\/{rel}","templated":true}]}}