{"id":2196,"date":"2023-10-23T13:56:12","date_gmt":"2023-10-23T12:56:12","guid":{"rendered":"https:\/\/www.dgsa.cz\/?page_id=2196"},"modified":"2023-10-23T14:00:45","modified_gmt":"2023-10-23T13:00:45","slug":"online-prihlaska-zakladni-bezpecnostni-vycvik","status":"publish","type":"page","link":"https:\/\/www.dgsa.cz\/en\/zakladni-bezpecnostni-vycvik\/online-prihlaska-zakladni-bezpecnostni-vycvik\/","title":{"rendered":"(Czech) Online p\u0159ihl\u00e1\u0161ka Z\u00e1kladn\u00ed bezpe\u010dnostn\u00ed v\u00fdcvik"},"content":{"rendered":"<p class=\"qtranxs-available-languages-message qtranxs-available-languages-message-en\">Sorry, this entry is only available in <a href=\"https:\/\/www.dgsa.cz\/cs\/wp-json\/wp\/v2\/pages\/2196\" class=\"qtranxs-available-language-link qtranxs-available-language-link-cs\" title=\"Czech\">Czech<\/a>.<\/p>","protected":false},"excerpt":{"rendered":"<p>Sorry, this entry is only available in Czech.<\/p>\n","protected":false},"author":1,"featured_media":0,"parent":2176,"menu_order":0,"comment_status":"closed","ping_status":"closed","template":"","meta":{"footnotes":""},"class_list":["post-2196","page","type-page","status-publish","hentry","description-off"],"yoast_head":"<!-- This site is optimized with the Yoast SEO plugin v26.6 - https:\/\/yoast.com\/wordpress\/plugins\/seo\/ -->\n<title>(Czech) Online p\u0159ihl\u00e1\u0161ka Z\u00e1kladn\u00ed bezpe\u010dnostn\u00ed v\u00fdcvik | DGSA Bohemia<\/title>\n<meta name=\"robots\" content=\"index, follow, max-snippet:-1, max-image-preview:large, max-video-preview:-1\" \/>\n<link rel=\"canonical\" href=\"https:\/\/www.dgsa.cz\/en\/zakladni-bezpecnostni-vycvik\/online-prihlaska-zakladni-bezpecnostni-vycvik\/\" \/>\n<meta property=\"og:locale\" content=\"en_US\" \/>\n<meta property=\"og:type\" content=\"article\" \/>\n<meta property=\"og:title\" content=\"(Czech) Online p\u0159ihl\u00e1\u0161ka Z\u00e1kladn\u00ed bezpe\u010dnostn\u00ed v\u00fdcvik | DGSA Bohemia\" \/>\n<meta property=\"og:url\" content=\"https:\/\/www.dgsa.cz\/zakladni-bezpecnostni-vycvik\/online-prihlaska-zakladni-bezpecnostni-vycvik\/\" \/>\n<meta property=\"og:site_name\" content=\"DGSA Bohemia\" \/>\n<meta property=\"article:publisher\" content=\"https:\/\/www.facebook.com\/bezpecnostnyporadca\" \/>\n<meta property=\"article:modified_time\" content=\"2023-10-23T13:00:45+00:00\" \/>\n<meta property=\"og:image\" content=\"https:\/\/www.dgsa.cz\/wp-content\/uploads\/2020\/06\/dgsa-bohemia-cz-2020-normal.png\" \/>\n\t<meta property=\"og:image:width\" content=\"394\" \/>\n\t<meta property=\"og:image:height\" content=\"92\" \/>\n\t<meta property=\"og:image:type\" content=\"image\/png\" \/>\n<meta name=\"twitter:label1\" content=\"Est. reading time\" \/>\n\t<meta name=\"twitter:data1\" content=\"1 minute\" \/>\n<script type=\"application\/ld+json\" class=\"yoast-schema-graph\">{\"@context\":\"https:\/\/schema.org\",\"@graph\":[{\"@type\":\"WebPage\",\"@id\":\"https:\/\/www.dgsa.cz\/zakladni-bezpecnostni-vycvik\/online-prihlaska-zakladni-bezpecnostni-vycvik\/\",\"url\":\"https:\/\/www.dgsa.cz\/zakladni-bezpecnostni-vycvik\/online-prihlaska-zakladni-bezpecnostni-vycvik\/\",\"name\":\"(Czech) Online p\u0159ihl\u00e1\u0161ka Z\u00e1kladn\u00ed bezpe\u010dnostn\u00ed v\u00fdcvik | DGSA Bohemia\",\"isPartOf\":{\"@id\":\"https:\/\/www.dgsa.cz\/#website\"},\"datePublished\":\"2023-10-23T12:56:12+00:00\",\"dateModified\":\"2023-10-23T13:00:45+00:00\",\"breadcrumb\":{\"@id\":\"https:\/\/www.dgsa.cz\/zakladni-bezpecnostni-vycvik\/online-prihlaska-zakladni-bezpecnostni-vycvik\/#breadcrumb\"},\"inLanguage\":\"en-US\",\"potentialAction\":[{\"@type\":\"ReadAction\",\"target\":[\"https:\/\/www.dgsa.cz\/zakladni-bezpecnostni-vycvik\/online-prihlaska-zakladni-bezpecnostni-vycvik\/\"]}]},{\"@type\":\"BreadcrumbList\",\"@id\":\"https:\/\/www.dgsa.cz\/zakladni-bezpecnostni-vycvik\/online-prihlaska-zakladni-bezpecnostni-vycvik\/#breadcrumb\",\"itemListElement\":[{\"@type\":\"ListItem\",\"position\":1,\"name\":\"Dom\u016f\",\"item\":\"https:\/\/www.dgsa.cz\/\"},{\"@type\":\"ListItem\",\"position\":2,\"name\":\"Z\u00e1kladn\u00ed bezpe\u010dnostn\u00ed v\u00fdcvik\",\"item\":\"https:\/\/www.dgsa.cz\/zakladni-bezpecnostni-vycvik\/\"},{\"@type\":\"ListItem\",\"position\":3,\"name\":\"Online p\u0159ihl\u00e1\u0161ka Z\u00e1kladn\u00ed bezpe\u010dnostn\u00ed v\u00fdcvik\"}]},{\"@type\":\"WebSite\",\"@id\":\"https:\/\/www.dgsa.cz\/#website\",\"url\":\"https:\/\/www.dgsa.cz\/\",\"name\":\"DGSA Bohemia\",\"description\":\"Bezpe\u010dnostn\u00ed poradce a \u0161kolen\u00ed ADR, RID, ADN\",\"publisher\":{\"@id\":\"https:\/\/www.dgsa.cz\/#organization\"},\"potentialAction\":[{\"@type\":\"SearchAction\",\"target\":{\"@type\":\"EntryPoint\",\"urlTemplate\":\"https:\/\/www.dgsa.cz\/?s={search_term_string}\"},\"query-input\":{\"@type\":\"PropertyValueSpecification\",\"valueRequired\":true,\"valueName\":\"search_term_string\"}}],\"inLanguage\":\"en-US\"},{\"@type\":\"Organization\",\"@id\":\"https:\/\/www.dgsa.cz\/#organization\",\"name\":\"DGSA Bohemia\",\"url\":\"https:\/\/www.dgsa.cz\/\",\"logo\":{\"@type\":\"ImageObject\",\"inLanguage\":\"en-US\",\"@id\":\"https:\/\/www.dgsa.cz\/#\/schema\/logo\/image\/\",\"url\":\"https:\/\/www.dgsa.cz\/wp-content\/uploads\/2020\/06\/dgsa-bohemia-cz-2020-normal.png\",\"contentUrl\":\"https:\/\/www.dgsa.cz\/wp-content\/uploads\/2020\/06\/dgsa-bohemia-cz-2020-normal.png\",\"width\":394,\"height\":92,\"caption\":\"DGSA Bohemia\"},\"image\":{\"@id\":\"https:\/\/www.dgsa.cz\/#\/schema\/logo\/image\/\"},\"sameAs\":[\"https:\/\/www.facebook.com\/bezpecnostnyporadca\"]}]}<\/script>\n<!-- \/ Yoast SEO plugin. -->","yoast_head_json":{"title":"(Czech) Online p\u0159ihl\u00e1\u0161ka Z\u00e1kladn\u00ed bezpe\u010dnostn\u00ed v\u00fdcvik | DGSA Bohemia","robots":{"index":"index","follow":"follow","max-snippet":"max-snippet:-1","max-image-preview":"max-image-preview:large","max-video-preview":"max-video-preview:-1"},"canonical":"https:\/\/www.dgsa.cz\/en\/zakladni-bezpecnostni-vycvik\/online-prihlaska-zakladni-bezpecnostni-vycvik\/","og_locale":"en_US","og_type":"article","og_title":"(Czech) Online p\u0159ihl\u00e1\u0161ka Z\u00e1kladn\u00ed bezpe\u010dnostn\u00ed v\u00fdcvik | DGSA Bohemia","og_url":"https:\/\/www.dgsa.cz\/zakladni-bezpecnostni-vycvik\/online-prihlaska-zakladni-bezpecnostni-vycvik\/","og_site_name":"DGSA Bohemia","article_publisher":"https:\/\/www.facebook.com\/bezpecnostnyporadca","article_modified_time":"2023-10-23T13:00:45+00:00","og_image":[{"width":394,"height":92,"url":"https:\/\/www.dgsa.cz\/wp-content\/uploads\/2020\/06\/dgsa-bohemia-cz-2020-normal.png","type":"image\/png"}],"twitter_misc":{"Est. reading time":"1 minute"},"schema":{"@context":"https:\/\/schema.org","@graph":[{"@type":"WebPage","@id":"https:\/\/www.dgsa.cz\/zakladni-bezpecnostni-vycvik\/online-prihlaska-zakladni-bezpecnostni-vycvik\/","url":"https:\/\/www.dgsa.cz\/zakladni-bezpecnostni-vycvik\/online-prihlaska-zakladni-bezpecnostni-vycvik\/","name":"(Czech) Online p\u0159ihl\u00e1\u0161ka Z\u00e1kladn\u00ed bezpe\u010dnostn\u00ed v\u00fdcvik | DGSA Bohemia","isPartOf":{"@id":"https:\/\/www.dgsa.cz\/#website"},"datePublished":"2023-10-23T12:56:12+00:00","dateModified":"2023-10-23T13:00:45+00:00","breadcrumb":{"@id":"https:\/\/www.dgsa.cz\/zakladni-bezpecnostni-vycvik\/online-prihlaska-zakladni-bezpecnostni-vycvik\/#breadcrumb"},"inLanguage":"en-US","potentialAction":[{"@type":"ReadAction","target":["https:\/\/www.dgsa.cz\/zakladni-bezpecnostni-vycvik\/online-prihlaska-zakladni-bezpecnostni-vycvik\/"]}]},{"@type":"BreadcrumbList","@id":"https:\/\/www.dgsa.cz\/zakladni-bezpecnostni-vycvik\/online-prihlaska-zakladni-bezpecnostni-vycvik\/#breadcrumb","itemListElement":[{"@type":"ListItem","position":1,"name":"Dom\u016f","item":"https:\/\/www.dgsa.cz\/"},{"@type":"ListItem","position":2,"name":"Z\u00e1kladn\u00ed bezpe\u010dnostn\u00ed v\u00fdcvik","item":"https:\/\/www.dgsa.cz\/zakladni-bezpecnostni-vycvik\/"},{"@type":"ListItem","position":3,"name":"Online p\u0159ihl\u00e1\u0161ka Z\u00e1kladn\u00ed bezpe\u010dnostn\u00ed v\u00fdcvik"}]},{"@type":"WebSite","@id":"https:\/\/www.dgsa.cz\/#website","url":"https:\/\/www.dgsa.cz\/","name":"DGSA Bohemia","description":"Bezpe\u010dnostn\u00ed poradce a \u0161kolen\u00ed ADR, RID, ADN","publisher":{"@id":"https:\/\/www.dgsa.cz\/#organization"},"potentialAction":[{"@type":"SearchAction","target":{"@type":"EntryPoint","urlTemplate":"https:\/\/www.dgsa.cz\/?s={search_term_string}"},"query-input":{"@type":"PropertyValueSpecification","valueRequired":true,"valueName":"search_term_string"}}],"inLanguage":"en-US"},{"@type":"Organization","@id":"https:\/\/www.dgsa.cz\/#organization","name":"DGSA Bohemia","url":"https:\/\/www.dgsa.cz\/","logo":{"@type":"ImageObject","inLanguage":"en-US","@id":"https:\/\/www.dgsa.cz\/#\/schema\/logo\/image\/","url":"https:\/\/www.dgsa.cz\/wp-content\/uploads\/2020\/06\/dgsa-bohemia-cz-2020-normal.png","contentUrl":"https:\/\/www.dgsa.cz\/wp-content\/uploads\/2020\/06\/dgsa-bohemia-cz-2020-normal.png","width":394,"height":92,"caption":"DGSA Bohemia"},"image":{"@id":"https:\/\/www.dgsa.cz\/#\/schema\/logo\/image\/"},"sameAs":["https:\/\/www.facebook.com\/bezpecnostnyporadca"]}]}},"jetpack_sharing_enabled":true,"_links":{"self":[{"href":"https:\/\/www.dgsa.cz\/en\/wp-json\/wp\/v2\/pages\/2196","targetHints":{"allow":["GET"]}}],"collection":[{"href":"https:\/\/www.dgsa.cz\/en\/wp-json\/wp\/v2\/pages"}],"about":[{"href":"https:\/\/www.dgsa.cz\/en\/wp-json\/wp\/v2\/types\/page"}],"author":[{"embeddable":true,"href":"https:\/\/www.dgsa.cz\/en\/wp-json\/wp\/v2\/users\/1"}],"replies":[{"embeddable":true,"href":"https:\/\/www.dgsa.cz\/en\/wp-json\/wp\/v2\/comments?post=2196"}],"version-history":[{"count":2,"href":"https:\/\/www.dgsa.cz\/en\/wp-json\/wp\/v2\/pages\/2196\/revisions"}],"predecessor-version":[{"id":2199,"href":"https:\/\/www.dgsa.cz\/en\/wp-json\/wp\/v2\/pages\/2196\/revisions\/2199"}],"up":[{"embeddable":true,"href":"https:\/\/www.dgsa.cz\/en\/wp-json\/wp\/v2\/pages\/2176"}],"wp:attachment":[{"href":"https:\/\/www.dgsa.cz\/en\/wp-json\/wp\/v2\/media?parent=2196"}],"curies":[{"name":"wp","href":"https:\/\/api.w.org\/{rel}","templated":true}]}}