{"id":23,"date":"2014-04-03T17:28:23","date_gmt":"2014-04-03T16:28:23","guid":{"rendered":"http:\/\/test.skolenieadr.sk\/?page_id=23"},"modified":"2026-04-22T09:56:08","modified_gmt":"2026-04-22T08:56:08","slug":"uvod","status":"publish","type":"page","link":"https:\/\/www.dgsa.cz\/en\/","title":{"rendered":"Home"},"content":{"rendered":"<section class=\"wpb-content-wrapper\"><p>[vc_row][vc_column][vc_column_text]<\/p>\n<h1 style=\"text-align: center;\">TRAININGS OF CREW VESSEL MEMBERS \u2013 ADN EXPERT ON BOARD<\/h1>\n<p>[\/vc_column_text][vc_empty_space height=&#8221;10px&#8221;]<div class=\"hr-thin style-dotted accent-border-color\" style=\"width: 100%;border-top-width: 1px;\"><\/div>[vc_empty_space height=&#8221;25px&#8221;][\/vc_column][\/vc_row][vc_row][vc_column width=&#8221;1\/3&#8243;][vc_column_text]<\/p>\n<h3 style=\"text-align: center;\">ADN<\/h3>\n<p>[\/vc_column_text][vc_single_image image=&#8221;1143&#8243; img_size=&#8221;large&#8221; style=&#8221;vc_box_shadow&#8221; onclick=&#8221;custom_link&#8221; link=&#8221;\/en\/informations-about-adn-training\/&#8221;][vc_column_text]Based on authorisation issued by State navigation administration of Czech republic, No. 162\/\u0158\/16, we carry out trainings of crew members of inland waterway vessels \u2013 experts on board according ADN (European Agreement on International Transport &#8230;[\/vc_column_text]<style type=\"text\/css\" data-type=\"the7_shortcodes-inline-css\">#default-btn-eac8479920063e4e1fb141fc86d50415.ico-right-side > i {\n  margin-right: 0px;\n  margin-left: 8px;\n}\n#default-btn-eac8479920063e4e1fb141fc86d50415 > i {\n  margin-right: 8px;\n}\n<\/style><div class=\"btn-align-center\"><a href=\"\/en\/informations-about-adn-training\/\" class=\"default-btn-shortcode dt-btn dt-btn-m link-hover-off \" id=\"default-btn-eac8479920063e4e1fb141fc86d50415\"><span>More information &#8230;<\/span><\/a><\/div>[\/vc_column][vc_column width=&#8221;1\/3&#8243;][vc_column_text]<\/p>\n<h3 style=\"text-align: center;\">CAPTAIN B PATENT COURSE<\/h3>\n<p>[\/vc_column_text][vc_single_image image=&#8221;1388&#8243; img_size=&#8221;large&#8221; style=&#8221;vc_box_shadow&#8221; onclick=&#8221;custom_link&#8221; link=&#8221;\/en\/captain-b-patent-course\/&#8221;][vc_column_text]DGSA Bohemia ltd organizes training courses for applicants for captains category B patent. Courses takes place in the training centre of our company in D\u011b\u010d\u00edn (the building of the Public Ports \u201cNA HEGRU\u201d).[\/vc_column_text]<style type=\"text\/css\" data-type=\"the7_shortcodes-inline-css\">#default-btn-f71fc2a4cb7c82f2b0a4f0766f19694f.ico-right-side > i {\n  margin-right: 0px;\n  margin-left: 8px;\n}\n#default-btn-f71fc2a4cb7c82f2b0a4f0766f19694f > i {\n  margin-right: 8px;\n}\n<\/style><div class=\"btn-align-center\"><a href=\"\/en\/captain-b-patent-course\/\" class=\"default-btn-shortcode dt-btn dt-btn-m link-hover-off \" id=\"default-btn-f71fc2a4cb7c82f2b0a4f0766f19694f\"><span>More information &#8230;<\/span><\/a><\/div>[\/vc_column][vc_column width=&#8221;1\/3&#8243;][vc_column_text]<\/p>\n<h3 style=\"text-align: center;\">RADAR PATENT<\/h3>\n<p>[\/vc_column_text][vc_single_image image=&#8221;1306&#8243; img_size=&#8221;large&#8221; style=&#8221;vc_box_shadow&#8221; onclick=&#8221;custom_link&#8221; link=&#8221;\/en\/radar-patent\/&#8221;][vc_column_text]DGSA Bohemia ltd. company organizes courses for holders of a valid boatmaster&#8217;s license &#8220;Training for aptitude for navigating of Vessel by using of radar&#8221;. Preparation consists of theoretical and practical part.[\/vc_column_text]<style type=\"text\/css\" data-type=\"the7_shortcodes-inline-css\">#default-btn-0ce63c95556a94ce0215a6620b6ab6f8.ico-right-side > i {\n  margin-right: 0px;\n  margin-left: 8px;\n}\n#default-btn-0ce63c95556a94ce0215a6620b6ab6f8 > i {\n  margin-right: 8px;\n}\n<\/style><div class=\"btn-align-center\"><a href=\"\/en\/radar-patent\/\" class=\"default-btn-shortcode dt-btn dt-btn-m link-hover-off \" id=\"default-btn-0ce63c95556a94ce0215a6620b6ab6f8\"><span>More information &#8230;<\/span><\/a><\/div>[\/vc_column][\/vc_row][vc_row][vc_column][vc_empty_space height=&#8221;35px&#8221;]<div class=\"hr-thin style-dotted accent-border-color\" style=\"width: 100%;border-top-width: 1px;\"><\/div>[vc_empty_space height=&#8221;35px&#8221;][\/vc_column][\/vc_row][vc_row][vc_column]<section class=\"shortcode-action-box box-style-table shortcode-action-bg block-style-widget\"><div class=\"text-big\"><h3 style=\"text-align: center;\"><a href=\"\/en\/online-register-form\/\">Next training course \u2013 ADN expert on board begins 08.03.2026<\/a><\/h3>\n<h4 style=\"text-align: center;\"><strong>!!! The registration deadline for basic courses is 20.02.2026 !!!<\/strong><\/h4>\n<\/div><\/section>[vc_empty_space height=&#8221;20px&#8221;]<style type=\"text\/css\" data-type=\"the7_shortcodes-inline-css\">#default-btn-d6ac4c9e57e7d140e6e9caa5187a798b.ico-right-side > i {\n  margin-right: 0px;\n  margin-left: 8px;\n}\n#default-btn-d6ac4c9e57e7d140e6e9caa5187a798b > i {\n  margin-right: 8px;\n}\n<\/style><div class=\"btn-align-center\"><a href=\"\/en\/online-register-form\/\" class=\"default-btn-shortcode dt-btn dt-btn-m link-hover-off \" id=\"default-btn-d6ac4c9e57e7d140e6e9caa5187a798b\"><span>ONLINE REGISTER FORM<\/span><\/a><\/div>[\/vc_column][\/vc_row][vc_row][vc_column][vc_empty_space height=&#8221;40px&#8221;]<div class=\"hr-thin style-dotted accent-border-color\" style=\"width: 100%;border-top-width: 1px;\"><\/div>[\/vc_column][\/vc_row][vc_row][vc_column][vc_empty_space height=&#8221;25px&#8221;][vc_column_text]<\/p>\n<h2 style=\"text-align: center;\">General partners<\/h2>\n<p>[\/vc_column_text]<section class=\"logos-grid wf-container\" data-width=\"180px\" data-columns=\"4\"><div class=\"wf-cell\"><div><a class=\"layzr-bg\" href=\"http:\/\/www.somtrans.be\" target=\"_blank\" title=\"\" ><img loading=\"lazy\" decoding=\"async\" class=\"fadeInDown animate-element lazy-load\" src=\"data:image\/svg+xml;charset=utf-8,%3Csvg xmlns%3D&#039;http%3A%2F%2Fwww.w3.org%2F2000%2Fsvg&#039; viewBox%3D&#039;0 0 320 150&#039;%2F%3E\" width=\"320\" height=\"150\" alt=\"Somtrans\" data-srcset=\"https:\/\/www.dgsa.cz\/wp-content\/uploads\/2018\/10\/somtrans.jpg 320w\" data-src=\"https:\/\/www.dgsa.cz\/wp-content\/uploads\/2018\/10\/somtrans.jpg\" \/><\/a><\/div><\/div><div class=\"wf-cell\"><div><a class=\"layzr-bg\" href=\"http:\/\/www.argogroup.cz\/skupina-argo\/spolecnosti-ve-skupine\/csplas.htm\" target=\"_blank\" title=\"\" ><img loading=\"lazy\" decoding=\"async\" class=\"fadeInDown animate-element lazy-load\" src=\"data:image\/svg+xml;charset=utf-8,%3Csvg xmlns%3D&#039;http%3A%2F%2Fwww.w3.org%2F2000%2Fsvg&#039; viewBox%3D&#039;0 0 320 150&#039;%2F%3E\" width=\"320\" height=\"150\" alt=\"\u010cSPL\" data-srcset=\"https:\/\/www.dgsa.cz\/wp-content\/uploads\/2018\/10\/cspl.jpg 320w\" data-src=\"https:\/\/www.dgsa.cz\/wp-content\/uploads\/2018\/10\/cspl.jpg\" \/><\/a><\/div><\/div><div class=\"wf-cell\"><div><a class=\"layzr-bg\" href=\"https:\/\/www.sogestran.com\" target=\"_blank\" title=\"\" ><img loading=\"lazy\" decoding=\"async\" class=\"fadeInDown animate-element lazy-load\" src=\"data:image\/svg+xml;charset=utf-8,%3Csvg xmlns%3D&#039;http%3A%2F%2Fwww.w3.org%2F2000%2Fsvg&#039; viewBox%3D&#039;0 0 320 150&#039;%2F%3E\" width=\"320\" height=\"150\" alt=\"Sogestran Group\" data-srcset=\"https:\/\/www.dgsa.cz\/wp-content\/uploads\/2018\/10\/sogestran-group.jpg 320w\" data-src=\"https:\/\/www.dgsa.cz\/wp-content\/uploads\/2018\/10\/sogestran-group.jpg\" \/><\/a><\/div><\/div><div class=\"wf-cell\"><div><a class=\"layzr-bg\" href=\"http:\/\/www.danu-transport.at\" target=\"_blank\" title=\"\" ><img loading=\"lazy\" decoding=\"async\" class=\"fadeInDown animate-element lazy-load\" src=\"data:image\/svg+xml;charset=utf-8,%3Csvg xmlns%3D&#039;http%3A%2F%2Fwww.w3.org%2F2000%2Fsvg&#039; viewBox%3D&#039;0 0 320 150&#039;%2F%3E\" width=\"320\" height=\"150\" alt=\"Danu Transport\" data-srcset=\"https:\/\/www.dgsa.cz\/wp-content\/uploads\/2018\/10\/danu-transport.jpg 320w\" data-src=\"https:\/\/www.dgsa.cz\/wp-content\/uploads\/2018\/10\/danu-transport.jpg\" \/><\/a><\/div><\/div><\/section>[\/vc_column][\/vc_row][vc_row][vc_column][vc_empty_space height=&#8221;35px&#8221;][vc_column_text]<\/p>\n<h3 style=\"text-align: center;\">Web-site partners<\/h3>\n<p>[\/vc_column_text]<section class=\"logos-grid wf-container\" data-width=\"200px\" data-columns=\"6\"><div class=\"wf-cell\"><div><a class=\"layzr-bg\" href=\"https:\/\/www.uniza.sk\/\" target=\"_blank\" title=\"\" ><img loading=\"lazy\" decoding=\"async\" class=\"fadeInUp animate-element lazy-load\" src=\"data:image\/svg+xml;charset=utf-8,%3Csvg xmlns%3D&#039;http%3A%2F%2Fwww.w3.org%2F2000%2Fsvg&#039; viewBox%3D&#039;0 0 320 150&#039;%2F%3E\" width=\"320\" height=\"150\" alt=\"\u017dilinsk\u00e1 univerzita\" data-srcset=\"https:\/\/www.dgsa.cz\/wp-content\/uploads\/2018\/10\/zilinska-univerzita.jpg 320w\" data-src=\"https:\/\/www.dgsa.cz\/wp-content\/uploads\/2018\/10\/zilinska-univerzita.jpg\" \/><\/a><\/div><\/div><div class=\"wf-cell\"><div><a class=\"layzr-bg\" href=\"http:\/\/www.dgsa-consulting.sk\/\" target=\"_blank\" title=\"\" ><img loading=\"lazy\" decoding=\"async\" class=\"fadeInUp animate-element lazy-load\" src=\"data:image\/svg+xml;charset=utf-8,%3Csvg xmlns%3D&#039;http%3A%2F%2Fwww.w3.org%2F2000%2Fsvg&#039; viewBox%3D&#039;0 0 320 150&#039;%2F%3E\" width=\"320\" height=\"150\" alt=\"DGSA Consulting\" data-srcset=\"https:\/\/www.dgsa.cz\/wp-content\/uploads\/2018\/10\/dgsa-consulting.jpg 320w\" data-src=\"https:\/\/www.dgsa.cz\/wp-content\/uploads\/2018\/10\/dgsa-consulting.jpg\" \/><\/a><\/div><\/div><div class=\"wf-cell\"><div><a class=\"layzr-bg\" href=\"http:\/\/www.spap.sk\/\" target=\"_blank\" title=\"\" ><img loading=\"lazy\" decoding=\"async\" class=\"fadeInUp animate-element lazy-load\" src=\"data:image\/svg+xml;charset=utf-8,%3Csvg xmlns%3D&#039;http%3A%2F%2Fwww.w3.org%2F2000%2Fsvg&#039; viewBox%3D&#039;0 0 320 150&#039;%2F%3E\" width=\"320\" height=\"150\" alt=\"Slovensk\u00e1 plavby a pr\u00edstavy\" data-srcset=\"https:\/\/www.dgsa.cz\/wp-content\/uploads\/2018\/10\/slovenska-plavba-a-pristavy.jpg 320w\" data-src=\"https:\/\/www.dgsa.cz\/wp-content\/uploads\/2018\/10\/slovenska-plavba-a-pristavy.jpg\" \/><\/a><\/div><\/div><div class=\"wf-cell\"><div><a class=\"layzr-bg\" href=\"https:\/\/zlz.sk\/\" target=\"_blank\" title=\"\" ><img loading=\"lazy\" decoding=\"async\" class=\"fadeInUp animate-element lazy-load\" src=\"data:image\/svg+xml;charset=utf-8,%3Csvg xmlns%3D&#039;http%3A%2F%2Fwww.w3.org%2F2000%2Fsvg&#039; viewBox%3D&#039;0 0 320 150&#039;%2F%3E\" width=\"320\" height=\"150\" alt=\"Zv\u00e4z logistiky a zasielate\u013estva\" data-srcset=\"https:\/\/www.dgsa.cz\/wp-content\/uploads\/2018\/10\/zvacc88z-logistiky-a-zasielatelstva.jpg 320w\" data-src=\"https:\/\/www.dgsa.cz\/wp-content\/uploads\/2018\/10\/zvacc88z-logistiky-a-zasielatelstva.jpg\" \/><\/a><\/div><\/div><div class=\"wf-cell\"><div><a class=\"layzr-bg\" href=\"https:\/\/fiata.com\/home.html\" target=\"_blank\" title=\"\" ><img loading=\"lazy\" decoding=\"async\" class=\"fadeInUp animate-element lazy-load\" src=\"data:image\/svg+xml;charset=utf-8,%3Csvg xmlns%3D&#039;http%3A%2F%2Fwww.w3.org%2F2000%2Fsvg&#039; viewBox%3D&#039;0 0 320 150&#039;%2F%3E\" width=\"320\" height=\"150\" alt=\"Fiata\" data-srcset=\"https:\/\/www.dgsa.cz\/wp-content\/uploads\/2018\/10\/fiata.jpg 320w\" data-src=\"https:\/\/www.dgsa.cz\/wp-content\/uploads\/2018\/10\/fiata.jpg\" \/><\/a><\/div><\/div><div class=\"wf-cell\"><div><a class=\"layzr-bg\" href=\"http:\/\/www.imo.org\/en\/OurWork\/Safety\/Cargoes\/DangerousGoods\/Pages\/default.aspx\" target=\"_blank\" title=\"\" ><img loading=\"lazy\" decoding=\"async\" class=\"fadeInUp animate-element lazy-load\" src=\"data:image\/svg+xml;charset=utf-8,%3Csvg xmlns%3D&#039;http%3A%2F%2Fwww.w3.org%2F2000%2Fsvg&#039; viewBox%3D&#039;0 0 320 150&#039;%2F%3E\" width=\"320\" height=\"150\" alt=\"IMO\" data-srcset=\"https:\/\/www.dgsa.cz\/wp-content\/uploads\/2018\/10\/imo.jpg 320w\" data-src=\"https:\/\/www.dgsa.cz\/wp-content\/uploads\/2018\/10\/imo.jpg\" \/><\/a><\/div><\/div><\/section>[\/vc_column][\/vc_row]<\/p>\n<\/section>","protected":false},"excerpt":{"rendered":"<p>[vc_row][vc_column][vc_column_text] TRAININGS OF CREW VESSEL MEMBERS \u2013 ADN EXPERT ON BOARD [\/vc_column_text][vc_empty_space height=&#8221;10px&#8221;][vc_empty_space height=&#8221;25px&#8221;][\/vc_column][\/vc_row][vc_row][vc_column width=&#8221;1\/3&#8243;][vc_column_text] ADN [\/vc_column_text][vc_single_image image=&#8221;1143&#8243; img_size=&#8221;large&#8221; style=&#8221;vc_box_shadow&#8221; onclick=&#8221;custom_link&#8221; link=&#8221;\/en\/informations-about-adn-training\/&#8221;][vc_column_text]Based on authorisation issued by State navigation administration of Czech republic, No. 162\/\u0158\/16, we carry out trainings of crew members of inland waterway vessels \u2013 experts on board according ADN (European Agreement on International&hellip;<\/p>\n","protected":false},"author":1,"featured_media":0,"parent":0,"menu_order":0,"comment_status":"closed","ping_status":"closed","template":"","meta":{"footnotes":""},"class_list":["post-23","page","type-page","status-publish","hentry","description-off"],"yoast_head":"<!-- This site is optimized with the Yoast SEO plugin v26.6 - https:\/\/yoast.com\/wordpress\/plugins\/seo\/ -->\n<title>DGSA Bohemia | Dangerous goods safety advisor<\/title>\n<meta name=\"description\" content=\"Bezpe\u010dnostn\u00ed poradce na p\u0159epravu nebezpe\u010dn\u00fdch v\u011bc\u00ed silni\u010dn\u00ed, \u017eelezni\u010dn\u00ed a \u0159\u00ed\u010dn\u00ed dopravou (ADR\/RID, SMGS\/ADN), n\u00e1mo\u0159n\u00ed dopravou a leteckou dopravou.\" \/>\n<meta name=\"robots\" content=\"index, follow, max-snippet:-1, max-image-preview:large, max-video-preview:-1\" \/>\n<link rel=\"canonical\" href=\"https:\/\/www.dgsa.cz\/en\/\" \/>\n<meta property=\"og:locale\" content=\"en_US\" \/>\n<meta property=\"og:type\" content=\"article\" \/>\n<meta property=\"og:title\" content=\"DGSA Bohemia | Dangerous goods safety advisor\" \/>\n<meta property=\"og:description\" content=\"Bezpe\u010dnostn\u00ed poradce na p\u0159epravu nebezpe\u010dn\u00fdch v\u011bc\u00ed silni\u010dn\u00ed, \u017eelezni\u010dn\u00ed a \u0159\u00ed\u010dn\u00ed dopravou (ADR\/RID, SMGS\/ADN), n\u00e1mo\u0159n\u00ed dopravou a leteckou dopravou.\" \/>\n<meta property=\"og:url\" content=\"https:\/\/www.dgsa.cz\/\" \/>\n<meta property=\"og:site_name\" content=\"DGSA Bohemia\" \/>\n<meta property=\"article:publisher\" content=\"https:\/\/www.facebook.com\/bezpecnostnyporadca\" \/>\n<meta property=\"article:modified_time\" content=\"2026-04-22T08:56:08+00:00\" \/>\n<meta property=\"og:image\" content=\"https:\/\/www.dgsa.cz\/wp-content\/uploads\/2020\/06\/dgsa-bohemia-cz-2020-normal.png\" \/>\n\t<meta property=\"og:image:width\" content=\"394\" \/>\n\t<meta property=\"og:image:height\" content=\"92\" \/>\n\t<meta property=\"og:image:type\" content=\"image\/png\" \/>\n<meta name=\"twitter:label1\" content=\"Est. reading time\" \/>\n\t<meta name=\"twitter:data1\" content=\"2 minutes\" \/>\n<script type=\"application\/ld+json\" class=\"yoast-schema-graph\">{\"@context\":\"https:\/\/schema.org\",\"@graph\":[{\"@type\":\"WebPage\",\"@id\":\"https:\/\/www.dgsa.cz\/\",\"url\":\"https:\/\/www.dgsa.cz\/\",\"name\":\"DGSA Bohemia | Dangerous goods safety advisor\",\"isPartOf\":{\"@id\":\"https:\/\/www.dgsa.cz\/#website\"},\"datePublished\":\"2014-04-03T16:28:23+00:00\",\"dateModified\":\"2026-04-22T08:56:08+00:00\",\"description\":\"Bezpe\u010dnostn\u00ed poradce na p\u0159epravu nebezpe\u010dn\u00fdch v\u011bc\u00ed silni\u010dn\u00ed, \u017eelezni\u010dn\u00ed a \u0159\u00ed\u010dn\u00ed dopravou (ADR\/RID, SMGS\/ADN), n\u00e1mo\u0159n\u00ed dopravou a leteckou dopravou.\",\"breadcrumb\":{\"@id\":\"https:\/\/www.dgsa.cz\/#breadcrumb\"},\"inLanguage\":\"en-US\",\"potentialAction\":[{\"@type\":\"ReadAction\",\"target\":[\"https:\/\/www.dgsa.cz\/\"]}]},{\"@type\":\"BreadcrumbList\",\"@id\":\"https:\/\/www.dgsa.cz\/#breadcrumb\",\"itemListElement\":[{\"@type\":\"ListItem\",\"position\":1,\"name\":\"Dom\u016f\",\"item\":\"https:\/\/www.dgsa.cz\/\"},{\"@type\":\"ListItem\",\"position\":2,\"name\":\"\u00davod\"}]},{\"@type\":\"WebSite\",\"@id\":\"https:\/\/www.dgsa.cz\/#website\",\"url\":\"https:\/\/www.dgsa.cz\/\",\"name\":\"DGSA Bohemia\",\"description\":\"Bezpe\u010dnostn\u00ed poradce a \u0161kolen\u00ed ADR, RID, ADN\",\"publisher\":{\"@id\":\"https:\/\/www.dgsa.cz\/#organization\"},\"potentialAction\":[{\"@type\":\"SearchAction\",\"target\":{\"@type\":\"EntryPoint\",\"urlTemplate\":\"https:\/\/www.dgsa.cz\/?s={search_term_string}\"},\"query-input\":{\"@type\":\"PropertyValueSpecification\",\"valueRequired\":true,\"valueName\":\"search_term_string\"}}],\"inLanguage\":\"en-US\"},{\"@type\":\"Organization\",\"@id\":\"https:\/\/www.dgsa.cz\/#organization\",\"name\":\"DGSA Bohemia\",\"url\":\"https:\/\/www.dgsa.cz\/\",\"logo\":{\"@type\":\"ImageObject\",\"inLanguage\":\"en-US\",\"@id\":\"https:\/\/www.dgsa.cz\/#\/schema\/logo\/image\/\",\"url\":\"https:\/\/www.dgsa.cz\/wp-content\/uploads\/2020\/06\/dgsa-bohemia-cz-2020-normal.png\",\"contentUrl\":\"https:\/\/www.dgsa.cz\/wp-content\/uploads\/2020\/06\/dgsa-bohemia-cz-2020-normal.png\",\"width\":394,\"height\":92,\"caption\":\"DGSA Bohemia\"},\"image\":{\"@id\":\"https:\/\/www.dgsa.cz\/#\/schema\/logo\/image\/\"},\"sameAs\":[\"https:\/\/www.facebook.com\/bezpecnostnyporadca\"]}]}<\/script>\n<!-- \/ Yoast SEO plugin. -->","yoast_head_json":{"title":"DGSA Bohemia | Dangerous goods safety advisor","description":"Bezpe\u010dnostn\u00ed poradce na p\u0159epravu nebezpe\u010dn\u00fdch v\u011bc\u00ed silni\u010dn\u00ed, \u017eelezni\u010dn\u00ed a \u0159\u00ed\u010dn\u00ed dopravou (ADR\/RID, SMGS\/ADN), n\u00e1mo\u0159n\u00ed dopravou a leteckou dopravou.","robots":{"index":"index","follow":"follow","max-snippet":"max-snippet:-1","max-image-preview":"max-image-preview:large","max-video-preview":"max-video-preview:-1"},"canonical":"https:\/\/www.dgsa.cz\/en\/","og_locale":"en_US","og_type":"article","og_title":"DGSA Bohemia | Dangerous goods safety advisor","og_description":"Bezpe\u010dnostn\u00ed poradce na p\u0159epravu nebezpe\u010dn\u00fdch v\u011bc\u00ed silni\u010dn\u00ed, \u017eelezni\u010dn\u00ed a \u0159\u00ed\u010dn\u00ed dopravou (ADR\/RID, SMGS\/ADN), n\u00e1mo\u0159n\u00ed dopravou a leteckou dopravou.","og_url":"https:\/\/www.dgsa.cz\/","og_site_name":"DGSA Bohemia","article_publisher":"https:\/\/www.facebook.com\/bezpecnostnyporadca","article_modified_time":"2026-04-22T08:56:08+00:00","og_image":[{"width":394,"height":92,"url":"https:\/\/www.dgsa.cz\/wp-content\/uploads\/2020\/06\/dgsa-bohemia-cz-2020-normal.png","type":"image\/png"}],"twitter_misc":{"Est. reading time":"2 minutes"},"schema":{"@context":"https:\/\/schema.org","@graph":[{"@type":"WebPage","@id":"https:\/\/www.dgsa.cz\/","url":"https:\/\/www.dgsa.cz\/","name":"DGSA Bohemia | Dangerous goods safety advisor","isPartOf":{"@id":"https:\/\/www.dgsa.cz\/#website"},"datePublished":"2014-04-03T16:28:23+00:00","dateModified":"2026-04-22T08:56:08+00:00","description":"Bezpe\u010dnostn\u00ed poradce na p\u0159epravu nebezpe\u010dn\u00fdch v\u011bc\u00ed silni\u010dn\u00ed, \u017eelezni\u010dn\u00ed a \u0159\u00ed\u010dn\u00ed dopravou (ADR\/RID, SMGS\/ADN), n\u00e1mo\u0159n\u00ed dopravou a leteckou dopravou.","breadcrumb":{"@id":"https:\/\/www.dgsa.cz\/#breadcrumb"},"inLanguage":"en-US","potentialAction":[{"@type":"ReadAction","target":["https:\/\/www.dgsa.cz\/"]}]},{"@type":"BreadcrumbList","@id":"https:\/\/www.dgsa.cz\/#breadcrumb","itemListElement":[{"@type":"ListItem","position":1,"name":"Dom\u016f","item":"https:\/\/www.dgsa.cz\/"},{"@type":"ListItem","position":2,"name":"\u00davod"}]},{"@type":"WebSite","@id":"https:\/\/www.dgsa.cz\/#website","url":"https:\/\/www.dgsa.cz\/","name":"DGSA Bohemia","description":"Bezpe\u010dnostn\u00ed poradce a \u0161kolen\u00ed ADR, RID, ADN","publisher":{"@id":"https:\/\/www.dgsa.cz\/#organization"},"potentialAction":[{"@type":"SearchAction","target":{"@type":"EntryPoint","urlTemplate":"https:\/\/www.dgsa.cz\/?s={search_term_string}"},"query-input":{"@type":"PropertyValueSpecification","valueRequired":true,"valueName":"search_term_string"}}],"inLanguage":"en-US"},{"@type":"Organization","@id":"https:\/\/www.dgsa.cz\/#organization","name":"DGSA Bohemia","url":"https:\/\/www.dgsa.cz\/","logo":{"@type":"ImageObject","inLanguage":"en-US","@id":"https:\/\/www.dgsa.cz\/#\/schema\/logo\/image\/","url":"https:\/\/www.dgsa.cz\/wp-content\/uploads\/2020\/06\/dgsa-bohemia-cz-2020-normal.png","contentUrl":"https:\/\/www.dgsa.cz\/wp-content\/uploads\/2020\/06\/dgsa-bohemia-cz-2020-normal.png","width":394,"height":92,"caption":"DGSA Bohemia"},"image":{"@id":"https:\/\/www.dgsa.cz\/#\/schema\/logo\/image\/"},"sameAs":["https:\/\/www.facebook.com\/bezpecnostnyporadca"]}]}},"jetpack_sharing_enabled":true,"_links":{"self":[{"href":"https:\/\/www.dgsa.cz\/en\/wp-json\/wp\/v2\/pages\/23","targetHints":{"allow":["GET"]}}],"collection":[{"href":"https:\/\/www.dgsa.cz\/en\/wp-json\/wp\/v2\/pages"}],"about":[{"href":"https:\/\/www.dgsa.cz\/en\/wp-json\/wp\/v2\/types\/page"}],"author":[{"embeddable":true,"href":"https:\/\/www.dgsa.cz\/en\/wp-json\/wp\/v2\/users\/1"}],"replies":[{"embeddable":true,"href":"https:\/\/www.dgsa.cz\/en\/wp-json\/wp\/v2\/comments?post=23"}],"version-history":[{"count":51,"href":"https:\/\/www.dgsa.cz\/en\/wp-json\/wp\/v2\/pages\/23\/revisions"}],"predecessor-version":[{"id":3425,"href":"https:\/\/www.dgsa.cz\/en\/wp-json\/wp\/v2\/pages\/23\/revisions\/3425"}],"wp:attachment":[{"href":"https:\/\/www.dgsa.cz\/en\/wp-json\/wp\/v2\/media?parent=23"}],"curies":[{"name":"wp","href":"https:\/\/api.w.org\/{rel}","templated":true}]}}