{"id":3394,"date":"2026-03-23T09:10:05","date_gmt":"2026-03-23T08:10:05","guid":{"rendered":"https:\/\/www.dgsa.cz\/?page_id=3394"},"modified":"2026-03-27T14:43:21","modified_gmt":"2026-03-27T13:43:21","slug":"kurz-radiooperatora-src","status":"publish","type":"page","link":"https:\/\/www.dgsa.cz\/en\/kurz-radiooperatora-src\/","title":{"rendered":"Captain EU patent course"},"content":{"rendered":"<section class=\"wpb-content-wrapper\"><p>[vc_row][vc_column][vc_column_text][\/vc_column_text][\/vc_column][\/vc_row][vc_row][vc_column width=&#8221;1\/2&#8243;]<section class=\"shortcode-action-box table shortcode-action-bg block-style-widget\"><div class=\"text-big\"><h2>Captain EU patent course<\/h2>\n<p><strong>The requirement for opening training course of the Captain EU category is the participation of at least 3 participants of course.<\/strong><\/p>\n<\/div><\/section>[vc_empty_space height=&#8221;20px&#8221;][vc_column_text]<strong>DGSA Bohemia ltd organizes training courses for applicants for captains category EU patent.<\/strong> Courses takes place in the training centre of our company in D\u011b\u010d\u00edn (the building of the Public Ports \u201cNA HEGRU\u201d). The final exam is performed at the D\u011b\u010d\u00edn Navigation Authority. EU patent captain is authorized to steer a vessel, with the exception of a sailing vessel, without limiting the draught and power of the vessel on European Union waterways other than maritime waterways.[\/vc_column_text][\/vc_column][vc_column width=&#8221;1\/2&#8243;][vc_single_image image=&#8221;1388&#8243; img_size=&#8221;full&#8221; alignment=&#8221;right&#8221; style=&#8221;vc_box_shadow&#8221;][\/vc_column][\/vc_row][vc_row][vc_column][vc_column_text]<strong>Applicants can register for the course<\/strong> via <a href=\"\/en\/online-register-form-captain-patent\/\">online registration form<\/a> on our website or by phone at: +420 735 856 424 or via email: <a href=\"mailto:academy@dgsa.cz\">academy@dgsa.cz<\/a>. At the same time, it is necessary to send an application form for the examination to the Navigation Authority at least 10 days before the date of the examination (<a href=\"https:\/\/plavebniurad.cz\/dok-os\/kapitan\">https:\/\/plavebniurad.cz\/dok-os\/kapitan<\/a>).<\/p>\n<p><strong>The price of Training aptitude course: 14 250 CZK*<\/strong> (including teaching materials)<\/p>\n<p>* All prices include VAT[\/vc_column_text][\/vc_column][\/vc_row][vc_row][vc_column][vc_column_text][\/vc_column_text][\/vc_column][\/vc_row]<\/p>\n<\/section>","protected":false},"excerpt":{"rendered":"<p>[vc_row][vc_column][vc_column_text][\/vc_column_text][\/vc_column][\/vc_row][vc_row][vc_column width=&#8221;1\/2&#8243;][vc_empty_space height=&#8221;20px&#8221;][vc_column_text]DGSA Bohemia ltd organizes training courses for applicants for captains category EU patent. Courses takes place in the training centre of our company in D\u011b\u010d\u00edn (the building of the Public Ports \u201cNA HEGRU\u201d). The final exam is performed at the D\u011b\u010d\u00edn Navigation Authority. EU patent captain is authorized to steer a vessel, with&hellip;<\/p>\n","protected":false},"author":1,"featured_media":0,"parent":0,"menu_order":0,"comment_status":"closed","ping_status":"closed","template":"","meta":{"footnotes":""},"class_list":["post-3394","page","type-page","status-publish","hentry","description-off"],"yoast_head":"<!-- This site is optimized with the Yoast SEO plugin v26.6 - https:\/\/yoast.com\/wordpress\/plugins\/seo\/ -->\n<title>Captain EU patent course | DGSA Bohemia<\/title>\n<meta name=\"description\" content=\"Kurzy odborn\u00e9 p\u0159\u00edpravy prob\u00edhaj\u00ed v na\u0161ich \u0161kolic\u00edch prostor\u00e1ch, kter\u00e9 se nach\u00e1z\u00ed v D\u011b\u010d\u00edn\u011b, ul. Labsk\u00e1 17 (budova \u010cesk\u00fdch p\u0159\u00edstav\u016f, a. s. \u2013 vchod p\u0159es\" \/>\n<meta name=\"robots\" content=\"index, follow, max-snippet:-1, max-image-preview:large, max-video-preview:-1\" \/>\n<link rel=\"canonical\" href=\"https:\/\/www.dgsa.cz\/en\/kurz-radiooperatora-src\/\" \/>\n<meta property=\"og:locale\" content=\"en_US\" \/>\n<meta property=\"og:type\" content=\"article\" \/>\n<meta property=\"og:title\" content=\"Captain EU patent course | DGSA Bohemia\" \/>\n<meta property=\"og:description\" content=\"Kurzy odborn\u00e9 p\u0159\u00edpravy prob\u00edhaj\u00ed v na\u0161ich \u0161kolic\u00edch prostor\u00e1ch, kter\u00e9 se nach\u00e1z\u00ed v D\u011b\u010d\u00edn\u011b, ul. Labsk\u00e1 17 (budova \u010cesk\u00fdch p\u0159\u00edstav\u016f, a. s. \u2013 vchod p\u0159es\" \/>\n<meta property=\"og:url\" content=\"https:\/\/www.dgsa.cz\/kurz-radiooperatora-src\/\" \/>\n<meta property=\"og:site_name\" content=\"DGSA Bohemia\" \/>\n<meta property=\"article:publisher\" content=\"https:\/\/www.facebook.com\/bezpecnostnyporadca\" \/>\n<meta property=\"article:modified_time\" content=\"2026-03-27T13:43:21+00:00\" \/>\n<meta property=\"og:image\" content=\"https:\/\/www.dgsa.cz\/wp-content\/uploads\/2020\/06\/dgsa-bohemia-cz-2020-normal.png\" \/>\n\t<meta property=\"og:image:width\" content=\"394\" \/>\n\t<meta property=\"og:image:height\" content=\"92\" \/>\n\t<meta property=\"og:image:type\" content=\"image\/png\" \/>\n<meta name=\"twitter:label1\" content=\"Est. reading time\" \/>\n\t<meta name=\"twitter:data1\" content=\"2 minutes\" \/>\n<script type=\"application\/ld+json\" class=\"yoast-schema-graph\">{\"@context\":\"https:\/\/schema.org\",\"@graph\":[{\"@type\":\"WebPage\",\"@id\":\"https:\/\/www.dgsa.cz\/kurz-radiooperatora-src\/\",\"url\":\"https:\/\/www.dgsa.cz\/kurz-radiooperatora-src\/\",\"name\":\"Captain EU patent course | DGSA Bohemia\",\"isPartOf\":{\"@id\":\"https:\/\/www.dgsa.cz\/#website\"},\"datePublished\":\"2026-03-23T08:10:05+00:00\",\"dateModified\":\"2026-03-27T13:43:21+00:00\",\"description\":\"Kurzy odborn\u00e9 p\u0159\u00edpravy prob\u00edhaj\u00ed v na\u0161ich \u0161kolic\u00edch prostor\u00e1ch, kter\u00e9 se nach\u00e1z\u00ed v D\u011b\u010d\u00edn\u011b, ul. Labsk\u00e1 17 (budova \u010cesk\u00fdch p\u0159\u00edstav\u016f, a. s. \u2013 vchod p\u0159es\",\"breadcrumb\":{\"@id\":\"https:\/\/www.dgsa.cz\/kurz-radiooperatora-src\/#breadcrumb\"},\"inLanguage\":\"en-US\",\"potentialAction\":[{\"@type\":\"ReadAction\",\"target\":[\"https:\/\/www.dgsa.cz\/kurz-radiooperatora-src\/\"]}]},{\"@type\":\"BreadcrumbList\",\"@id\":\"https:\/\/www.dgsa.cz\/kurz-radiooperatora-src\/#breadcrumb\",\"itemListElement\":[{\"@type\":\"ListItem\",\"position\":1,\"name\":\"Dom\u016f\",\"item\":\"https:\/\/www.dgsa.cz\/\"},{\"@type\":\"ListItem\",\"position\":2,\"name\":\"Kurz radiooper\u00e1tora SRC (Short range certificate)\"}]},{\"@type\":\"WebSite\",\"@id\":\"https:\/\/www.dgsa.cz\/#website\",\"url\":\"https:\/\/www.dgsa.cz\/\",\"name\":\"DGSA Bohemia\",\"description\":\"Bezpe\u010dnostn\u00ed poradce a \u0161kolen\u00ed ADR, RID, ADN\",\"publisher\":{\"@id\":\"https:\/\/www.dgsa.cz\/#organization\"},\"potentialAction\":[{\"@type\":\"SearchAction\",\"target\":{\"@type\":\"EntryPoint\",\"urlTemplate\":\"https:\/\/www.dgsa.cz\/?s={search_term_string}\"},\"query-input\":{\"@type\":\"PropertyValueSpecification\",\"valueRequired\":true,\"valueName\":\"search_term_string\"}}],\"inLanguage\":\"en-US\"},{\"@type\":\"Organization\",\"@id\":\"https:\/\/www.dgsa.cz\/#organization\",\"name\":\"DGSA Bohemia\",\"url\":\"https:\/\/www.dgsa.cz\/\",\"logo\":{\"@type\":\"ImageObject\",\"inLanguage\":\"en-US\",\"@id\":\"https:\/\/www.dgsa.cz\/#\/schema\/logo\/image\/\",\"url\":\"https:\/\/www.dgsa.cz\/wp-content\/uploads\/2020\/06\/dgsa-bohemia-cz-2020-normal.png\",\"contentUrl\":\"https:\/\/www.dgsa.cz\/wp-content\/uploads\/2020\/06\/dgsa-bohemia-cz-2020-normal.png\",\"width\":394,\"height\":92,\"caption\":\"DGSA Bohemia\"},\"image\":{\"@id\":\"https:\/\/www.dgsa.cz\/#\/schema\/logo\/image\/\"},\"sameAs\":[\"https:\/\/www.facebook.com\/bezpecnostnyporadca\"]}]}<\/script>\n<!-- \/ Yoast SEO plugin. -->","yoast_head_json":{"title":"Captain EU patent course | DGSA Bohemia","description":"Kurzy odborn\u00e9 p\u0159\u00edpravy prob\u00edhaj\u00ed v na\u0161ich \u0161kolic\u00edch prostor\u00e1ch, kter\u00e9 se nach\u00e1z\u00ed v D\u011b\u010d\u00edn\u011b, ul. Labsk\u00e1 17 (budova \u010cesk\u00fdch p\u0159\u00edstav\u016f, a. s. \u2013 vchod p\u0159es","robots":{"index":"index","follow":"follow","max-snippet":"max-snippet:-1","max-image-preview":"max-image-preview:large","max-video-preview":"max-video-preview:-1"},"canonical":"https:\/\/www.dgsa.cz\/en\/kurz-radiooperatora-src\/","og_locale":"en_US","og_type":"article","og_title":"Captain EU patent course | DGSA Bohemia","og_description":"Kurzy odborn\u00e9 p\u0159\u00edpravy prob\u00edhaj\u00ed v na\u0161ich \u0161kolic\u00edch prostor\u00e1ch, kter\u00e9 se nach\u00e1z\u00ed v D\u011b\u010d\u00edn\u011b, ul. Labsk\u00e1 17 (budova \u010cesk\u00fdch p\u0159\u00edstav\u016f, a. s. \u2013 vchod p\u0159es","og_url":"https:\/\/www.dgsa.cz\/kurz-radiooperatora-src\/","og_site_name":"DGSA Bohemia","article_publisher":"https:\/\/www.facebook.com\/bezpecnostnyporadca","article_modified_time":"2026-03-27T13:43:21+00:00","og_image":[{"width":394,"height":92,"url":"https:\/\/www.dgsa.cz\/wp-content\/uploads\/2020\/06\/dgsa-bohemia-cz-2020-normal.png","type":"image\/png"}],"twitter_misc":{"Est. reading time":"2 minutes"},"schema":{"@context":"https:\/\/schema.org","@graph":[{"@type":"WebPage","@id":"https:\/\/www.dgsa.cz\/kurz-radiooperatora-src\/","url":"https:\/\/www.dgsa.cz\/kurz-radiooperatora-src\/","name":"Captain EU patent course | DGSA Bohemia","isPartOf":{"@id":"https:\/\/www.dgsa.cz\/#website"},"datePublished":"2026-03-23T08:10:05+00:00","dateModified":"2026-03-27T13:43:21+00:00","description":"Kurzy odborn\u00e9 p\u0159\u00edpravy prob\u00edhaj\u00ed v na\u0161ich \u0161kolic\u00edch prostor\u00e1ch, kter\u00e9 se nach\u00e1z\u00ed v D\u011b\u010d\u00edn\u011b, ul. Labsk\u00e1 17 (budova \u010cesk\u00fdch p\u0159\u00edstav\u016f, a. s. \u2013 vchod p\u0159es","breadcrumb":{"@id":"https:\/\/www.dgsa.cz\/kurz-radiooperatora-src\/#breadcrumb"},"inLanguage":"en-US","potentialAction":[{"@type":"ReadAction","target":["https:\/\/www.dgsa.cz\/kurz-radiooperatora-src\/"]}]},{"@type":"BreadcrumbList","@id":"https:\/\/www.dgsa.cz\/kurz-radiooperatora-src\/#breadcrumb","itemListElement":[{"@type":"ListItem","position":1,"name":"Dom\u016f","item":"https:\/\/www.dgsa.cz\/"},{"@type":"ListItem","position":2,"name":"Kurz radiooper\u00e1tora SRC (Short range certificate)"}]},{"@type":"WebSite","@id":"https:\/\/www.dgsa.cz\/#website","url":"https:\/\/www.dgsa.cz\/","name":"DGSA Bohemia","description":"Bezpe\u010dnostn\u00ed poradce a \u0161kolen\u00ed ADR, RID, ADN","publisher":{"@id":"https:\/\/www.dgsa.cz\/#organization"},"potentialAction":[{"@type":"SearchAction","target":{"@type":"EntryPoint","urlTemplate":"https:\/\/www.dgsa.cz\/?s={search_term_string}"},"query-input":{"@type":"PropertyValueSpecification","valueRequired":true,"valueName":"search_term_string"}}],"inLanguage":"en-US"},{"@type":"Organization","@id":"https:\/\/www.dgsa.cz\/#organization","name":"DGSA Bohemia","url":"https:\/\/www.dgsa.cz\/","logo":{"@type":"ImageObject","inLanguage":"en-US","@id":"https:\/\/www.dgsa.cz\/#\/schema\/logo\/image\/","url":"https:\/\/www.dgsa.cz\/wp-content\/uploads\/2020\/06\/dgsa-bohemia-cz-2020-normal.png","contentUrl":"https:\/\/www.dgsa.cz\/wp-content\/uploads\/2020\/06\/dgsa-bohemia-cz-2020-normal.png","width":394,"height":92,"caption":"DGSA Bohemia"},"image":{"@id":"https:\/\/www.dgsa.cz\/#\/schema\/logo\/image\/"},"sameAs":["https:\/\/www.facebook.com\/bezpecnostnyporadca"]}]}},"jetpack_sharing_enabled":true,"_links":{"self":[{"href":"https:\/\/www.dgsa.cz\/en\/wp-json\/wp\/v2\/pages\/3394","targetHints":{"allow":["GET"]}}],"collection":[{"href":"https:\/\/www.dgsa.cz\/en\/wp-json\/wp\/v2\/pages"}],"about":[{"href":"https:\/\/www.dgsa.cz\/en\/wp-json\/wp\/v2\/types\/page"}],"author":[{"embeddable":true,"href":"https:\/\/www.dgsa.cz\/en\/wp-json\/wp\/v2\/users\/1"}],"replies":[{"embeddable":true,"href":"https:\/\/www.dgsa.cz\/en\/wp-json\/wp\/v2\/comments?post=3394"}],"version-history":[{"count":13,"href":"https:\/\/www.dgsa.cz\/en\/wp-json\/wp\/v2\/pages\/3394\/revisions"}],"predecessor-version":[{"id":3416,"href":"https:\/\/www.dgsa.cz\/en\/wp-json\/wp\/v2\/pages\/3394\/revisions\/3416"}],"wp:attachment":[{"href":"https:\/\/www.dgsa.cz\/en\/wp-json\/wp\/v2\/media?parent=3394"}],"curies":[{"name":"wp","href":"https:\/\/api.w.org\/{rel}","templated":true}]}}