{"id":762,"date":"2018-09-26T14:14:19","date_gmt":"2018-09-26T13:14:19","guid":{"rendered":"http:\/\/www.dgsa.cz\/?page_id=762"},"modified":"2021-08-31T14:46:25","modified_gmt":"2021-08-31T13:46:25","slug":"prace-s-dychacim-pristrojem","status":"publish","type":"page","link":"https:\/\/www.dgsa.cz\/en\/skoleni-posadek\/prace-s-dychacim-pristrojem\/","title":{"rendered":"Handling of independent breathing apparatus"},"content":{"rendered":"<section class=\"wpb-content-wrapper\"><p>[vc_row][vc_column]<section class=\"shortcode-action-box table shortcode-action-bg block-style-widget\"><div class=\"text-big\"><h2>Handling of independent breathing apparatus<\/h2>\n<\/div><\/section>[vc_empty_space height=&#8221;20px&#8221;][vc_column_text]<strong>An independent breathing apparatus is used on vessels in case it is necessary to enter the spaces under the deck with low oxygen level in the atmosphere. The usual amount of oxygen in the air is 20,9%, relatively safe for entering the area is also the 19% oxygen volume, but in this case is not allowed to work in such area.<\/strong><\/p>\n<p>The independent breathing apparatus does not belong to the mandatory equipment of the vessel and its crew. But if it is present on board, there must be at least two breathing apparatuses. According to 7.2.3.1.6 ADN the person entering an area with an independent breathing apparatus must be secured with a rope and under supervision of another person who has the same equipment.<br \/>\nFurther on according to 1.3.2.2.4 ADN a person who is using an independent breathing apparatus must be trained in the usage and maintenance of the equipment and must be able to manage high physical effort. This training must be followed by practical training.<\/p>\n<p>Our company makes one day training followed by a practical training for crew members of vessels. The training consists of a theoretical part, which takes part in a training room, and a practical part on board of a vessel. The training participants learn how to use the breathing apparatus, how to perform a check on the equipment before usage, how to schedule time for work with a breathing apparatus based on minute ventilation of the lungs and how to act in critical situations, etc.<br \/>\nDuring practical training, the participants undertake a physical effort with the breathing apparatus based on which their level of lung minute ventilation is set. This level is noted down in the graduation certificate. The certificate is written in Czech or Slovak language and in English.<\/p>\n<p>It is possible to participate on the training of work with an independent breathing apparatus either after graduation from our regular AND courses or in another term which can be agreed on: <a href=\"mailto:dgsa@dgsa.cz\">dgsa@dgsa.cz<\/a> or on: +421 917 31 32 33.[\/vc_column_text][\/vc_column][\/vc_row][vc_row][vc_column][vc_single_image image=&#8221;765&#8243; img_size=&#8221;full&#8221; alignment=&#8221;center&#8221; style=&#8221;vc_box_shadow&#8221; onclick=&#8221;link_image&#8221;][\/vc_column][\/vc_row]<\/p>\n<\/section>","protected":false},"excerpt":{"rendered":"<p>[vc_row][vc_column][vc_empty_space height=&#8221;20px&#8221;][vc_column_text]An independent breathing apparatus is used on vessels in case it is necessary to enter the spaces under the deck with low oxygen level in the atmosphere. The usual amount of oxygen in the air is 20,9%, relatively safe for entering the area is also the 19% oxygen volume, but in this case is&hellip;<\/p>\n","protected":false},"author":1,"featured_media":0,"parent":1204,"menu_order":0,"comment_status":"closed","ping_status":"closed","template":"","meta":{"footnotes":""},"class_list":["post-762","page","type-page","status-publish","hentry","description-off"],"yoast_head":"<!-- This site is optimized with the Yoast SEO plugin v26.6 - https:\/\/yoast.com\/wordpress\/plugins\/seo\/ -->\n<title>Handling of independent breathing apparatus | DGSA Bohemia<\/title>\n<meta name=\"description\" content=\"D\u00fdchac\u00ed p\u0159\u00edstroj nez\u00e1visl\u00fd na okoln\u00edm prost\u0159ed\u00ed se na plavidlech pou\u017e\u00edv\u00e1 v p\u0159\u00edpad\u011b, jestli\u017ee je nutn\u00e9 vstoupit do prostoru pod palubou s n\u00edzk\u00fdm obsahem\" \/>\n<meta name=\"robots\" content=\"index, follow, max-snippet:-1, max-image-preview:large, max-video-preview:-1\" \/>\n<link rel=\"canonical\" href=\"https:\/\/www.dgsa.cz\/en\/skoleni-posadek\/prace-s-dychacim-pristrojem\/\" \/>\n<meta property=\"og:locale\" content=\"en_US\" \/>\n<meta property=\"og:type\" content=\"article\" \/>\n<meta property=\"og:title\" content=\"Handling of independent breathing apparatus | DGSA Bohemia\" \/>\n<meta property=\"og:description\" content=\"D\u00fdchac\u00ed p\u0159\u00edstroj nez\u00e1visl\u00fd na okoln\u00edm prost\u0159ed\u00ed se na plavidlech pou\u017e\u00edv\u00e1 v p\u0159\u00edpad\u011b, jestli\u017ee je nutn\u00e9 vstoupit do prostoru pod palubou s n\u00edzk\u00fdm obsahem\" \/>\n<meta property=\"og:url\" content=\"https:\/\/www.dgsa.cz\/skoleni-posadek\/prace-s-dychacim-pristrojem\/\" \/>\n<meta property=\"og:site_name\" content=\"DGSA Bohemia\" \/>\n<meta property=\"article:publisher\" content=\"https:\/\/www.facebook.com\/bezpecnostnyporadca\" \/>\n<meta property=\"article:modified_time\" content=\"2021-08-31T13:46:25+00:00\" \/>\n<meta property=\"og:image\" content=\"https:\/\/www.dgsa.cz\/wp-content\/uploads\/2020\/06\/dgsa-bohemia-cz-2020-normal.png\" \/>\n\t<meta property=\"og:image:width\" content=\"394\" \/>\n\t<meta property=\"og:image:height\" content=\"92\" \/>\n\t<meta property=\"og:image:type\" content=\"image\/png\" \/>\n<meta name=\"twitter:label1\" content=\"Est. reading time\" \/>\n\t<meta name=\"twitter:data1\" content=\"4 minutes\" \/>\n<script type=\"application\/ld+json\" class=\"yoast-schema-graph\">{\"@context\":\"https:\/\/schema.org\",\"@graph\":[{\"@type\":\"WebPage\",\"@id\":\"https:\/\/www.dgsa.cz\/skoleni-posadek\/prace-s-dychacim-pristrojem\/\",\"url\":\"https:\/\/www.dgsa.cz\/skoleni-posadek\/prace-s-dychacim-pristrojem\/\",\"name\":\"Handling of independent breathing apparatus | DGSA Bohemia\",\"isPartOf\":{\"@id\":\"https:\/\/www.dgsa.cz\/#website\"},\"datePublished\":\"2018-09-26T13:14:19+00:00\",\"dateModified\":\"2021-08-31T13:46:25+00:00\",\"description\":\"D\u00fdchac\u00ed p\u0159\u00edstroj nez\u00e1visl\u00fd na okoln\u00edm prost\u0159ed\u00ed se na plavidlech pou\u017e\u00edv\u00e1 v p\u0159\u00edpad\u011b, jestli\u017ee je nutn\u00e9 vstoupit do prostoru pod palubou s n\u00edzk\u00fdm obsahem\",\"breadcrumb\":{\"@id\":\"https:\/\/www.dgsa.cz\/skoleni-posadek\/prace-s-dychacim-pristrojem\/#breadcrumb\"},\"inLanguage\":\"en-US\",\"potentialAction\":[{\"@type\":\"ReadAction\",\"target\":[\"https:\/\/www.dgsa.cz\/skoleni-posadek\/prace-s-dychacim-pristrojem\/\"]}]},{\"@type\":\"BreadcrumbList\",\"@id\":\"https:\/\/www.dgsa.cz\/skoleni-posadek\/prace-s-dychacim-pristrojem\/#breadcrumb\",\"itemListElement\":[{\"@type\":\"ListItem\",\"position\":1,\"name\":\"Dom\u016f\",\"item\":\"https:\/\/www.dgsa.cz\/\"},{\"@type\":\"ListItem\",\"position\":2,\"name\":\"\u0160kolen\u00ed pos\u00e1dek\",\"item\":\"https:\/\/www.dgsa.cz\/skoleni-posadek\/\"},{\"@type\":\"ListItem\",\"position\":3,\"name\":\"Pr\u00e1ce s d\u00fdchac\u00edm p\u0159\u00edstrojem nez\u00e1visl\u00fdm na okoln\u00edm vzduchu\"}]},{\"@type\":\"WebSite\",\"@id\":\"https:\/\/www.dgsa.cz\/#website\",\"url\":\"https:\/\/www.dgsa.cz\/\",\"name\":\"DGSA Bohemia\",\"description\":\"Bezpe\u010dnostn\u00ed poradce a \u0161kolen\u00ed ADR, RID, ADN\",\"publisher\":{\"@id\":\"https:\/\/www.dgsa.cz\/#organization\"},\"potentialAction\":[{\"@type\":\"SearchAction\",\"target\":{\"@type\":\"EntryPoint\",\"urlTemplate\":\"https:\/\/www.dgsa.cz\/?s={search_term_string}\"},\"query-input\":{\"@type\":\"PropertyValueSpecification\",\"valueRequired\":true,\"valueName\":\"search_term_string\"}}],\"inLanguage\":\"en-US\"},{\"@type\":\"Organization\",\"@id\":\"https:\/\/www.dgsa.cz\/#organization\",\"name\":\"DGSA Bohemia\",\"url\":\"https:\/\/www.dgsa.cz\/\",\"logo\":{\"@type\":\"ImageObject\",\"inLanguage\":\"en-US\",\"@id\":\"https:\/\/www.dgsa.cz\/#\/schema\/logo\/image\/\",\"url\":\"https:\/\/www.dgsa.cz\/wp-content\/uploads\/2020\/06\/dgsa-bohemia-cz-2020-normal.png\",\"contentUrl\":\"https:\/\/www.dgsa.cz\/wp-content\/uploads\/2020\/06\/dgsa-bohemia-cz-2020-normal.png\",\"width\":394,\"height\":92,\"caption\":\"DGSA Bohemia\"},\"image\":{\"@id\":\"https:\/\/www.dgsa.cz\/#\/schema\/logo\/image\/\"},\"sameAs\":[\"https:\/\/www.facebook.com\/bezpecnostnyporadca\"]}]}<\/script>\n<!-- \/ Yoast SEO plugin. -->","yoast_head_json":{"title":"Handling of independent breathing apparatus | DGSA Bohemia","description":"D\u00fdchac\u00ed p\u0159\u00edstroj nez\u00e1visl\u00fd na okoln\u00edm prost\u0159ed\u00ed se na plavidlech pou\u017e\u00edv\u00e1 v p\u0159\u00edpad\u011b, jestli\u017ee je nutn\u00e9 vstoupit do prostoru pod palubou s n\u00edzk\u00fdm obsahem","robots":{"index":"index","follow":"follow","max-snippet":"max-snippet:-1","max-image-preview":"max-image-preview:large","max-video-preview":"max-video-preview:-1"},"canonical":"https:\/\/www.dgsa.cz\/en\/skoleni-posadek\/prace-s-dychacim-pristrojem\/","og_locale":"en_US","og_type":"article","og_title":"Handling of independent breathing apparatus | DGSA Bohemia","og_description":"D\u00fdchac\u00ed p\u0159\u00edstroj nez\u00e1visl\u00fd na okoln\u00edm prost\u0159ed\u00ed se na plavidlech pou\u017e\u00edv\u00e1 v p\u0159\u00edpad\u011b, jestli\u017ee je nutn\u00e9 vstoupit do prostoru pod palubou s n\u00edzk\u00fdm obsahem","og_url":"https:\/\/www.dgsa.cz\/skoleni-posadek\/prace-s-dychacim-pristrojem\/","og_site_name":"DGSA Bohemia","article_publisher":"https:\/\/www.facebook.com\/bezpecnostnyporadca","article_modified_time":"2021-08-31T13:46:25+00:00","og_image":[{"width":394,"height":92,"url":"https:\/\/www.dgsa.cz\/wp-content\/uploads\/2020\/06\/dgsa-bohemia-cz-2020-normal.png","type":"image\/png"}],"twitter_misc":{"Est. reading time":"4 minutes"},"schema":{"@context":"https:\/\/schema.org","@graph":[{"@type":"WebPage","@id":"https:\/\/www.dgsa.cz\/skoleni-posadek\/prace-s-dychacim-pristrojem\/","url":"https:\/\/www.dgsa.cz\/skoleni-posadek\/prace-s-dychacim-pristrojem\/","name":"Handling of independent breathing apparatus | DGSA Bohemia","isPartOf":{"@id":"https:\/\/www.dgsa.cz\/#website"},"datePublished":"2018-09-26T13:14:19+00:00","dateModified":"2021-08-31T13:46:25+00:00","description":"D\u00fdchac\u00ed p\u0159\u00edstroj nez\u00e1visl\u00fd na okoln\u00edm prost\u0159ed\u00ed se na plavidlech pou\u017e\u00edv\u00e1 v p\u0159\u00edpad\u011b, jestli\u017ee je nutn\u00e9 vstoupit do prostoru pod palubou s n\u00edzk\u00fdm obsahem","breadcrumb":{"@id":"https:\/\/www.dgsa.cz\/skoleni-posadek\/prace-s-dychacim-pristrojem\/#breadcrumb"},"inLanguage":"en-US","potentialAction":[{"@type":"ReadAction","target":["https:\/\/www.dgsa.cz\/skoleni-posadek\/prace-s-dychacim-pristrojem\/"]}]},{"@type":"BreadcrumbList","@id":"https:\/\/www.dgsa.cz\/skoleni-posadek\/prace-s-dychacim-pristrojem\/#breadcrumb","itemListElement":[{"@type":"ListItem","position":1,"name":"Dom\u016f","item":"https:\/\/www.dgsa.cz\/"},{"@type":"ListItem","position":2,"name":"\u0160kolen\u00ed pos\u00e1dek","item":"https:\/\/www.dgsa.cz\/skoleni-posadek\/"},{"@type":"ListItem","position":3,"name":"Pr\u00e1ce s d\u00fdchac\u00edm p\u0159\u00edstrojem nez\u00e1visl\u00fdm na okoln\u00edm vzduchu"}]},{"@type":"WebSite","@id":"https:\/\/www.dgsa.cz\/#website","url":"https:\/\/www.dgsa.cz\/","name":"DGSA Bohemia","description":"Bezpe\u010dnostn\u00ed poradce a \u0161kolen\u00ed ADR, RID, ADN","publisher":{"@id":"https:\/\/www.dgsa.cz\/#organization"},"potentialAction":[{"@type":"SearchAction","target":{"@type":"EntryPoint","urlTemplate":"https:\/\/www.dgsa.cz\/?s={search_term_string}"},"query-input":{"@type":"PropertyValueSpecification","valueRequired":true,"valueName":"search_term_string"}}],"inLanguage":"en-US"},{"@type":"Organization","@id":"https:\/\/www.dgsa.cz\/#organization","name":"DGSA Bohemia","url":"https:\/\/www.dgsa.cz\/","logo":{"@type":"ImageObject","inLanguage":"en-US","@id":"https:\/\/www.dgsa.cz\/#\/schema\/logo\/image\/","url":"https:\/\/www.dgsa.cz\/wp-content\/uploads\/2020\/06\/dgsa-bohemia-cz-2020-normal.png","contentUrl":"https:\/\/www.dgsa.cz\/wp-content\/uploads\/2020\/06\/dgsa-bohemia-cz-2020-normal.png","width":394,"height":92,"caption":"DGSA Bohemia"},"image":{"@id":"https:\/\/www.dgsa.cz\/#\/schema\/logo\/image\/"},"sameAs":["https:\/\/www.facebook.com\/bezpecnostnyporadca"]}]}},"jetpack_sharing_enabled":true,"_links":{"self":[{"href":"https:\/\/www.dgsa.cz\/en\/wp-json\/wp\/v2\/pages\/762","targetHints":{"allow":["GET"]}}],"collection":[{"href":"https:\/\/www.dgsa.cz\/en\/wp-json\/wp\/v2\/pages"}],"about":[{"href":"https:\/\/www.dgsa.cz\/en\/wp-json\/wp\/v2\/types\/page"}],"author":[{"embeddable":true,"href":"https:\/\/www.dgsa.cz\/en\/wp-json\/wp\/v2\/users\/1"}],"replies":[{"embeddable":true,"href":"https:\/\/www.dgsa.cz\/en\/wp-json\/wp\/v2\/comments?post=762"}],"version-history":[{"count":0,"href":"https:\/\/www.dgsa.cz\/en\/wp-json\/wp\/v2\/pages\/762\/revisions"}],"up":[{"embeddable":true,"href":"https:\/\/www.dgsa.cz\/en\/wp-json\/wp\/v2\/pages\/1204"}],"wp:attachment":[{"href":"https:\/\/www.dgsa.cz\/en\/wp-json\/wp\/v2\/media?parent=762"}],"curies":[{"name":"wp","href":"https:\/\/api.w.org\/{rel}","templated":true}]}}