{"id":2957,"date":"2026-02-09T11:59:20","date_gmt":"2026-02-09T10:59:20","guid":{"rendered":"https:\/\/www.dgsa.cz\/?post_type=product&#038;p=2957"},"modified":"2026-04-07T07:53:00","modified_gmt":"2026-04-07T06:53:00","slug":"kombi","status":"publish","type":"product","link":"https:\/\/www.dgsa.cz\/en\/produkt\/kombi\/","title":{"rendered":"(Kop\u00edrovat) (Kop\u00edrovat) (Kop\u00edrovat) (Kop\u00edrovat) (Kop\u00edrovat) (Kop\u00edrovat)"},"content":{"rendered":"<p class=\"qtranxs-available-languages-message qtranxs-available-languages-message-en\">Sorry, this entry is only available in <a href=\"https:\/\/www.dgsa.cz\/cs\/wp-json\/wp\/v2\/product\/2957\" class=\"qtranxs-available-language-link qtranxs-available-language-link-cs\" title=\"Czech\">Czech<\/a>.<\/p>","protected":false},"excerpt":{"rendered":"<p class=\"qtranxs-available-languages-message qtranxs-available-languages-message-en\">Sorry, this entry is only available in <a href=\"https:\/\/www.dgsa.cz\/cs\/wp-json\/wp\/v2\/product\/2957\" class=\"qtranxs-available-language-link qtranxs-available-language-link-cs\" title=\"Czech\">Czech<\/a>.<\/p>\n","protected":false},"featured_media":2988,"comment_status":"open","ping_status":"closed","template":"","meta":[],"product_brand":[],"product_cat":[51],"product_tag":[],"class_list":{"0":"post-2957","1":"product","2":"type-product","3":"status-publish","4":"has-post-thumbnail","6":"product_cat-obnovovaci-skoleni","7":"description-off","9":"first","10":"instock","11":"taxable","12":"shipping-taxable","13":"purchasable","14":"product-type-variable"},"yoast_head":"<!-- This site is optimized with the Yoast SEO plugin v26.6 - https:\/\/yoast.com\/wordpress\/plugins\/seo\/ -->\n<title>(Kop\u00edrovat) (Kop\u00edrovat) (Kop\u00edrovat) (Kop\u00edrovat) (Kop\u00edrovat) (Kop\u00edrovat) | DGSA Bohemia<\/title>\n<meta name=\"robots\" content=\"index, follow, max-snippet:-1, max-image-preview:large, max-video-preview:-1\" \/>\n<link rel=\"canonical\" href=\"https:\/\/www.dgsa.cz\/en\/produkt\/kombi\/\" \/>\n<meta property=\"og:locale\" content=\"en_US\" \/>\n<meta property=\"og:type\" content=\"article\" \/>\n<meta property=\"og:title\" content=\"(Kop\u00edrovat) (Kop\u00edrovat) (Kop\u00edrovat) (Kop\u00edrovat) (Kop\u00edrovat) (Kop\u00edrovat) | DGSA Bohemia\" \/>\n<meta property=\"og:description\" content=\"(Czech) Tento typ kurzu je ur\u010den\u00fd pro z\u00e1jemce, kte\u0159\u00ed jsou opr\u00e1vn\u011bni zast\u00e1vat funkci odborn\u00edka na plavidle, kter\u00e9 p\u0159epravuje nebezpe\u010dn\u00e9 v\u011bci na plavidlech pro such\u00fd n\u00e1klad anebo na tankov\u00e9m plavidle, kter\u00e9 p\u0159epravuje nebezpe\u010dn\u00e9 v\u011bci, pro kter\u00e9 je dohodou ADN p\u0159edepsan\u00e9 tankov\u00e9 plavidlu typu N pop\u0159\u00edpad\u011b typu C anebo G s mo\u017enost\u00ed dolo\u017eit praxi\" \/>\n<meta property=\"og:url\" content=\"https:\/\/www.dgsa.cz\/produkt\/kombi\/\" \/>\n<meta property=\"og:site_name\" content=\"DGSA Bohemia\" \/>\n<meta property=\"article:publisher\" content=\"https:\/\/www.facebook.com\/bezpecnostnyporadca\" \/>\n<meta property=\"article:modified_time\" content=\"2026-04-07T06:53:00+00:00\" \/>\n<meta property=\"og:image\" content=\"https:\/\/www.dgsa.cz\/wp-content\/uploads\/2026\/02\/kombi.jpg\" \/>\n\t<meta property=\"og:image:width\" content=\"2000\" \/>\n\t<meta property=\"og:image:height\" content=\"2000\" \/>\n\t<meta property=\"og:image:type\" content=\"image\/jpeg\" \/>\n<meta name=\"twitter:label1\" content=\"Est. reading time\" \/>\n\t<meta name=\"twitter:data1\" content=\"2 minutes\" \/>\n<script type=\"application\/ld+json\" class=\"yoast-schema-graph\">{\"@context\":\"https:\/\/schema.org\",\"@graph\":[{\"@type\":\"WebPage\",\"@id\":\"https:\/\/www.dgsa.cz\/produkt\/kombi\/\",\"url\":\"https:\/\/www.dgsa.cz\/produkt\/kombi\/\",\"name\":\"(Kop\u00edrovat) (Kop\u00edrovat) (Kop\u00edrovat) (Kop\u00edrovat) (Kop\u00edrovat) (Kop\u00edrovat) | DGSA Bohemia\",\"isPartOf\":{\"@id\":\"https:\/\/www.dgsa.cz\/#website\"},\"primaryImageOfPage\":{\"@id\":\"https:\/\/www.dgsa.cz\/produkt\/kombi\/#primaryimage\"},\"image\":{\"@id\":\"https:\/\/www.dgsa.cz\/produkt\/kombi\/#primaryimage\"},\"thumbnailUrl\":\"https:\/\/www.dgsa.cz\/wp-content\/uploads\/2026\/02\/kombi.jpg\",\"datePublished\":\"2026-02-09T10:59:20+00:00\",\"dateModified\":\"2026-04-07T06:53:00+00:00\",\"breadcrumb\":{\"@id\":\"https:\/\/www.dgsa.cz\/produkt\/kombi\/#breadcrumb\"},\"inLanguage\":\"en-US\",\"potentialAction\":[{\"@type\":\"ReadAction\",\"target\":[\"https:\/\/www.dgsa.cz\/produkt\/kombi\/\"]}]},{\"@type\":\"ImageObject\",\"inLanguage\":\"en-US\",\"@id\":\"https:\/\/www.dgsa.cz\/produkt\/kombi\/#primaryimage\",\"url\":\"https:\/\/www.dgsa.cz\/wp-content\/uploads\/2026\/02\/kombi.jpg\",\"contentUrl\":\"https:\/\/www.dgsa.cz\/wp-content\/uploads\/2026\/02\/kombi.jpg\",\"width\":2000,\"height\":2000},{\"@type\":\"BreadcrumbList\",\"@id\":\"https:\/\/www.dgsa.cz\/produkt\/kombi\/#breadcrumb\",\"itemListElement\":[{\"@type\":\"ListItem\",\"position\":1,\"name\":\"Dom\u016f\",\"item\":\"https:\/\/www.dgsa.cz\/\"},{\"@type\":\"ListItem\",\"position\":2,\"name\":\"Specializovana \u0161kolen\u00ed (vzor)\",\"item\":\"https:\/\/www.dgsa.cz\/kategorie-specializovana-skoleni-vzor\/\"},{\"@type\":\"ListItem\",\"position\":3,\"name\":\"Obnovovac\u00ed \u0161kolen\u00ed KOMBI (tankov\u00e1 plavidla plus such\u00fd n\u00e1klad)\"}]},{\"@type\":\"WebSite\",\"@id\":\"https:\/\/www.dgsa.cz\/#website\",\"url\":\"https:\/\/www.dgsa.cz\/\",\"name\":\"DGSA Bohemia\",\"description\":\"Bezpe\u010dnostn\u00ed poradce a \u0161kolen\u00ed ADR, RID, ADN\",\"publisher\":{\"@id\":\"https:\/\/www.dgsa.cz\/#organization\"},\"potentialAction\":[{\"@type\":\"SearchAction\",\"target\":{\"@type\":\"EntryPoint\",\"urlTemplate\":\"https:\/\/www.dgsa.cz\/?s={search_term_string}\"},\"query-input\":{\"@type\":\"PropertyValueSpecification\",\"valueRequired\":true,\"valueName\":\"search_term_string\"}}],\"inLanguage\":\"en-US\"},{\"@type\":\"Organization\",\"@id\":\"https:\/\/www.dgsa.cz\/#organization\",\"name\":\"DGSA Bohemia\",\"url\":\"https:\/\/www.dgsa.cz\/\",\"logo\":{\"@type\":\"ImageObject\",\"inLanguage\":\"en-US\",\"@id\":\"https:\/\/www.dgsa.cz\/#\/schema\/logo\/image\/\",\"url\":\"https:\/\/www.dgsa.cz\/wp-content\/uploads\/2020\/06\/dgsa-bohemia-cz-2020-normal.png\",\"contentUrl\":\"https:\/\/www.dgsa.cz\/wp-content\/uploads\/2020\/06\/dgsa-bohemia-cz-2020-normal.png\",\"width\":394,\"height\":92,\"caption\":\"DGSA Bohemia\"},\"image\":{\"@id\":\"https:\/\/www.dgsa.cz\/#\/schema\/logo\/image\/\"},\"sameAs\":[\"https:\/\/www.facebook.com\/bezpecnostnyporadca\"]}]}<\/script>\n<!-- \/ Yoast SEO plugin. -->","yoast_head_json":{"title":"(Kop\u00edrovat) (Kop\u00edrovat) (Kop\u00edrovat) (Kop\u00edrovat) (Kop\u00edrovat) (Kop\u00edrovat) | DGSA Bohemia","robots":{"index":"index","follow":"follow","max-snippet":"max-snippet:-1","max-image-preview":"max-image-preview:large","max-video-preview":"max-video-preview:-1"},"canonical":"https:\/\/www.dgsa.cz\/en\/produkt\/kombi\/","og_locale":"en_US","og_type":"article","og_title":"(Kop\u00edrovat) (Kop\u00edrovat) (Kop\u00edrovat) (Kop\u00edrovat) (Kop\u00edrovat) (Kop\u00edrovat) | DGSA Bohemia","og_description":"(Czech) Tento typ kurzu je ur\u010den\u00fd pro z\u00e1jemce, kte\u0159\u00ed jsou opr\u00e1vn\u011bni zast\u00e1vat funkci odborn\u00edka na plavidle, kter\u00e9 p\u0159epravuje nebezpe\u010dn\u00e9 v\u011bci na plavidlech pro such\u00fd n\u00e1klad anebo na tankov\u00e9m plavidle, kter\u00e9 p\u0159epravuje nebezpe\u010dn\u00e9 v\u011bci, pro kter\u00e9 je dohodou ADN p\u0159edepsan\u00e9 tankov\u00e9 plavidlu typu N pop\u0159\u00edpad\u011b typu C anebo G s mo\u017enost\u00ed dolo\u017eit praxi","og_url":"https:\/\/www.dgsa.cz\/produkt\/kombi\/","og_site_name":"DGSA Bohemia","article_publisher":"https:\/\/www.facebook.com\/bezpecnostnyporadca","article_modified_time":"2026-04-07T06:53:00+00:00","og_image":[{"width":2000,"height":2000,"url":"https:\/\/www.dgsa.cz\/wp-content\/uploads\/2026\/02\/kombi.jpg","type":"image\/jpeg"}],"twitter_misc":{"Est. reading time":"2 minutes"},"schema":{"@context":"https:\/\/schema.org","@graph":[{"@type":"WebPage","@id":"https:\/\/www.dgsa.cz\/produkt\/kombi\/","url":"https:\/\/www.dgsa.cz\/produkt\/kombi\/","name":"(Kop\u00edrovat) (Kop\u00edrovat) (Kop\u00edrovat) (Kop\u00edrovat) (Kop\u00edrovat) (Kop\u00edrovat) | DGSA Bohemia","isPartOf":{"@id":"https:\/\/www.dgsa.cz\/#website"},"primaryImageOfPage":{"@id":"https:\/\/www.dgsa.cz\/produkt\/kombi\/#primaryimage"},"image":{"@id":"https:\/\/www.dgsa.cz\/produkt\/kombi\/#primaryimage"},"thumbnailUrl":"https:\/\/www.dgsa.cz\/wp-content\/uploads\/2026\/02\/kombi.jpg","datePublished":"2026-02-09T10:59:20+00:00","dateModified":"2026-04-07T06:53:00+00:00","breadcrumb":{"@id":"https:\/\/www.dgsa.cz\/produkt\/kombi\/#breadcrumb"},"inLanguage":"en-US","potentialAction":[{"@type":"ReadAction","target":["https:\/\/www.dgsa.cz\/produkt\/kombi\/"]}]},{"@type":"ImageObject","inLanguage":"en-US","@id":"https:\/\/www.dgsa.cz\/produkt\/kombi\/#primaryimage","url":"https:\/\/www.dgsa.cz\/wp-content\/uploads\/2026\/02\/kombi.jpg","contentUrl":"https:\/\/www.dgsa.cz\/wp-content\/uploads\/2026\/02\/kombi.jpg","width":2000,"height":2000},{"@type":"BreadcrumbList","@id":"https:\/\/www.dgsa.cz\/produkt\/kombi\/#breadcrumb","itemListElement":[{"@type":"ListItem","position":1,"name":"Dom\u016f","item":"https:\/\/www.dgsa.cz\/"},{"@type":"ListItem","position":2,"name":"Specializovana \u0161kolen\u00ed (vzor)","item":"https:\/\/www.dgsa.cz\/kategorie-specializovana-skoleni-vzor\/"},{"@type":"ListItem","position":3,"name":"Obnovovac\u00ed \u0161kolen\u00ed KOMBI (tankov\u00e1 plavidla plus such\u00fd n\u00e1klad)"}]},{"@type":"WebSite","@id":"https:\/\/www.dgsa.cz\/#website","url":"https:\/\/www.dgsa.cz\/","name":"DGSA Bohemia","description":"Bezpe\u010dnostn\u00ed poradce a \u0161kolen\u00ed ADR, RID, ADN","publisher":{"@id":"https:\/\/www.dgsa.cz\/#organization"},"potentialAction":[{"@type":"SearchAction","target":{"@type":"EntryPoint","urlTemplate":"https:\/\/www.dgsa.cz\/?s={search_term_string}"},"query-input":{"@type":"PropertyValueSpecification","valueRequired":true,"valueName":"search_term_string"}}],"inLanguage":"en-US"},{"@type":"Organization","@id":"https:\/\/www.dgsa.cz\/#organization","name":"DGSA Bohemia","url":"https:\/\/www.dgsa.cz\/","logo":{"@type":"ImageObject","inLanguage":"en-US","@id":"https:\/\/www.dgsa.cz\/#\/schema\/logo\/image\/","url":"https:\/\/www.dgsa.cz\/wp-content\/uploads\/2020\/06\/dgsa-bohemia-cz-2020-normal.png","contentUrl":"https:\/\/www.dgsa.cz\/wp-content\/uploads\/2020\/06\/dgsa-bohemia-cz-2020-normal.png","width":394,"height":92,"caption":"DGSA Bohemia"},"image":{"@id":"https:\/\/www.dgsa.cz\/#\/schema\/logo\/image\/"},"sameAs":["https:\/\/www.facebook.com\/bezpecnostnyporadca"]}]}},"jetpack_sharing_enabled":true,"_links":{"self":[{"href":"https:\/\/www.dgsa.cz\/en\/wp-json\/wp\/v2\/product\/2957","targetHints":{"allow":["GET"]}}],"collection":[{"href":"https:\/\/www.dgsa.cz\/en\/wp-json\/wp\/v2\/product"}],"about":[{"href":"https:\/\/www.dgsa.cz\/en\/wp-json\/wp\/v2\/types\/product"}],"replies":[{"embeddable":true,"href":"https:\/\/www.dgsa.cz\/en\/wp-json\/wp\/v2\/comments?post=2957"}],"wp:featuredmedia":[{"embeddable":true,"href":"https:\/\/www.dgsa.cz\/en\/wp-json\/wp\/v2\/media\/2988"}],"wp:attachment":[{"href":"https:\/\/www.dgsa.cz\/en\/wp-json\/wp\/v2\/media?parent=2957"}],"wp:term":[{"taxonomy":"product_brand","embeddable":true,"href":"https:\/\/www.dgsa.cz\/en\/wp-json\/wp\/v2\/product_brand?post=2957"},{"taxonomy":"product_cat","embeddable":true,"href":"https:\/\/www.dgsa.cz\/en\/wp-json\/wp\/v2\/product_cat?post=2957"},{"taxonomy":"product_tag","embeddable":true,"href":"https:\/\/www.dgsa.cz\/en\/wp-json\/wp\/v2\/product_tag?post=2957"}],"curies":[{"name":"wp","href":"https:\/\/api.w.org\/{rel}","templated":true}]}}